{"id":10817,"date":"2022-10-05T15:11:26","date_gmt":"2022-10-05T15:11:26","guid":{"rendered":"https:\/\/eyesland.is\/?page_id=10817"},"modified":"2022-10-05T15:11:27","modified_gmt":"2022-10-05T15:11:27","slug":"maxco-vorumerki","status":"publish","type":"page","link":"https:\/\/dutyfree.eyesland.is\/en\/maxco-vorumerki\/","title":{"rendered":"Max &#038; co v\u00f6rumerki"},"content":{"rendered":"<div class=\"wp-block-image\">\n<figure class=\"aligncenter size-large\"><a href=\"https:\/\/dutyfree.eyesland.is\/wp-content\/uploads\/2022\/10\/MaxCo_120x300.png\"><img loading=\"lazy\" decoding=\"async\" width=\"1024\" height=\"410\" src=\"https:\/\/dutyfree.eyesland.is\/wp-content\/uploads\/2022\/10\/MaxCo_120x300-1024x410.png\" alt=\"\" class=\"wp-image-10805\" srcset=\"https:\/\/dutyfree.eyesland.is\/wp-content\/uploads\/2022\/10\/MaxCo_120x300-1024x410.png 1024w, https:\/\/dutyfree.eyesland.is\/wp-content\/uploads\/2022\/10\/MaxCo_120x300-300x120.png 300w, https:\/\/dutyfree.eyesland.is\/wp-content\/uploads\/2022\/10\/MaxCo_120x300-768x308.png 768w, https:\/\/dutyfree.eyesland.is\/wp-content\/uploads\/2022\/10\/MaxCo_120x300-600x240.png 600w, https:\/\/dutyfree.eyesland.is\/wp-content\/uploads\/2022\/10\/MaxCo_120x300.png 1251w\" sizes=\"auto, (max-width: 1024px) 100vw, 1024px\" \/><\/a><\/figure>\n<\/div>\n\n\n<div style=\"height:111px\" aria-hidden=\"true\" class=\"wp-block-spacer\"><\/div>","protected":false},"excerpt":{"rendered":"","protected":false},"author":14,"featured_media":0,"parent":0,"menu_order":0,"comment_status":"closed","ping_status":"closed","template":"","meta":{"_acf_changed":false,"inline_featured_image":false,"footnotes":""},"class_list":["post-10817","page","type-page","status-publish","hentry"],"acf":[],"yoast_head":"<!-- This site is optimized with the Yoast SEO plugin v27.2 - https:\/\/yoast.com\/product\/yoast-seo-wordpress\/ -->\n<title>Max &amp; co v\u00f6rumerki - Dutyfree Eyesland<\/title>\n<meta name=\"robots\" content=\"index, follow, max-snippet:-1, max-image-preview:large, max-video-preview:-1\" \/>\n<link rel=\"canonical\" href=\"https:\/\/dutyfree.eyesland.is\/en\/maxco-vorumerki\/\" \/>\n<meta property=\"og:locale\" content=\"en_US\" \/>\n<meta property=\"og:type\" content=\"article\" \/>\n<meta property=\"og:title\" content=\"Max &amp; co v\u00f6rumerki - Dutyfree Eyesland\" \/>\n<meta property=\"og:url\" content=\"https:\/\/dutyfree.eyesland.is\/en\/maxco-vorumerki\/\" \/>\n<meta property=\"og:site_name\" content=\"Dutyfree Eyesland\" \/>\n<meta property=\"article:modified_time\" content=\"2022-10-05T15:11:27+00:00\" \/>\n<meta property=\"og:image\" content=\"https:\/\/dutyfree.eyesland.is\/wp-content\/uploads\/2022\/10\/MaxCo_120x300-1024x410.png\" \/>\n<meta name=\"twitter:card\" content=\"summary_large_image\" \/>\n<meta name=\"twitter:label1\" content=\"Est. reading time\" \/>\n\t<meta name=\"twitter:data1\" content=\"1 minute\" \/>\n<script type=\"application\/ld+json\" class=\"yoast-schema-graph\">{\"@context\":\"https:\/\/schema.org\",\"@graph\":[{\"@type\":\"WebPage\",\"@id\":\"https:\/\/dutyfree.eyesland.is\/maxco-vorumerki\/\",\"url\":\"https:\/\/dutyfree.eyesland.is\/maxco-vorumerki\/\",\"name\":\"Max & co v\u00f6rumerki - Dutyfree Eyesland\",\"isPartOf\":{\"@id\":\"https:\/\/dutyfree.eyesland.is\/#website\"},\"primaryImageOfPage\":{\"@id\":\"https:\/\/dutyfree.eyesland.is\/maxco-vorumerki\/#primaryimage\"},\"image\":{\"@id\":\"https:\/\/dutyfree.eyesland.is\/maxco-vorumerki\/#primaryimage\"},\"thumbnailUrl\":\"https:\/\/dutyfree.eyesland.is\/wp-content\/uploads\/2022\/10\/MaxCo_120x300-1024x410.png\",\"datePublished\":\"2022-10-05T15:11:26+00:00\",\"dateModified\":\"2022-10-05T15:11:27+00:00\",\"breadcrumb\":{\"@id\":\"https:\/\/dutyfree.eyesland.is\/maxco-vorumerki\/#breadcrumb\"},\"inLanguage\":\"en-US\",\"potentialAction\":[{\"@type\":\"ReadAction\",\"target\":[\"https:\/\/dutyfree.eyesland.is\/maxco-vorumerki\/\"]}]},{\"@type\":\"ImageObject\",\"inLanguage\":\"en-US\",\"@id\":\"https:\/\/dutyfree.eyesland.is\/maxco-vorumerki\/#primaryimage\",\"url\":\"https:\/\/dutyfree.eyesland.is\/wp-content\/uploads\/2022\/10\/MaxCo_120x300-1024x410.png\",\"contentUrl\":\"https:\/\/dutyfree.eyesland.is\/wp-content\/uploads\/2022\/10\/MaxCo_120x300-1024x410.png\"},{\"@type\":\"BreadcrumbList\",\"@id\":\"https:\/\/dutyfree.eyesland.is\/maxco-vorumerki\/#breadcrumb\",\"itemListElement\":[{\"@type\":\"ListItem\",\"position\":1,\"name\":\"Home\",\"item\":\"https:\/\/dutyfree.eyesland.is\/\"},{\"@type\":\"ListItem\",\"position\":2,\"name\":\"Max &#038; co v\u00f6rumerki\"}]},{\"@type\":\"WebSite\",\"@id\":\"https:\/\/dutyfree.eyesland.is\/#website\",\"url\":\"https:\/\/dutyfree.eyesland.is\/\",\"name\":\"Dutyfree Eyesland\",\"description\":\"Dutyfree Eyesland gleraugnaverslun b\u00fd\u00f0ur upp\u00e1 miki\u00f0 og vanda\u00f0 \u00farval af merkja gleraugum. Sko\u00f0a\u00f0u \u00farvali\u00f0 strax \u00ed dag.\",\"potentialAction\":[{\"@type\":\"SearchAction\",\"target\":{\"@type\":\"EntryPoint\",\"urlTemplate\":\"https:\/\/dutyfree.eyesland.is\/?s={search_term_string}\"},\"query-input\":{\"@type\":\"PropertyValueSpecification\",\"valueRequired\":true,\"valueName\":\"search_term_string\"}}],\"inLanguage\":\"en-US\"}]}<\/script>\n<!-- \/ Yoast SEO plugin. -->","yoast_head_json":{"title":"Max & co v\u00f6rumerki - Dutyfree Eyesland","robots":{"index":"index","follow":"follow","max-snippet":"max-snippet:-1","max-image-preview":"max-image-preview:large","max-video-preview":"max-video-preview:-1"},"canonical":"https:\/\/dutyfree.eyesland.is\/en\/maxco-vorumerki\/","og_locale":"en_US","og_type":"article","og_title":"Max & co v\u00f6rumerki - Dutyfree Eyesland","og_url":"https:\/\/dutyfree.eyesland.is\/en\/maxco-vorumerki\/","og_site_name":"Dutyfree Eyesland","article_modified_time":"2022-10-05T15:11:27+00:00","og_image":[{"url":"https:\/\/dutyfree.eyesland.is\/wp-content\/uploads\/2022\/10\/MaxCo_120x300-1024x410.png","type":"","width":"","height":""}],"twitter_card":"summary_large_image","twitter_misc":{"Est. reading time":"1 minute"},"schema":{"@context":"https:\/\/schema.org","@graph":[{"@type":"WebPage","@id":"https:\/\/dutyfree.eyesland.is\/maxco-vorumerki\/","url":"https:\/\/dutyfree.eyesland.is\/maxco-vorumerki\/","name":"Max & co v\u00f6rumerki - Dutyfree Eyesland","isPartOf":{"@id":"https:\/\/dutyfree.eyesland.is\/#website"},"primaryImageOfPage":{"@id":"https:\/\/dutyfree.eyesland.is\/maxco-vorumerki\/#primaryimage"},"image":{"@id":"https:\/\/dutyfree.eyesland.is\/maxco-vorumerki\/#primaryimage"},"thumbnailUrl":"https:\/\/dutyfree.eyesland.is\/wp-content\/uploads\/2022\/10\/MaxCo_120x300-1024x410.png","datePublished":"2022-10-05T15:11:26+00:00","dateModified":"2022-10-05T15:11:27+00:00","breadcrumb":{"@id":"https:\/\/dutyfree.eyesland.is\/maxco-vorumerki\/#breadcrumb"},"inLanguage":"en-US","potentialAction":[{"@type":"ReadAction","target":["https:\/\/dutyfree.eyesland.is\/maxco-vorumerki\/"]}]},{"@type":"ImageObject","inLanguage":"en-US","@id":"https:\/\/dutyfree.eyesland.is\/maxco-vorumerki\/#primaryimage","url":"https:\/\/dutyfree.eyesland.is\/wp-content\/uploads\/2022\/10\/MaxCo_120x300-1024x410.png","contentUrl":"https:\/\/dutyfree.eyesland.is\/wp-content\/uploads\/2022\/10\/MaxCo_120x300-1024x410.png"},{"@type":"BreadcrumbList","@id":"https:\/\/dutyfree.eyesland.is\/maxco-vorumerki\/#breadcrumb","itemListElement":[{"@type":"ListItem","position":1,"name":"Home","item":"https:\/\/dutyfree.eyesland.is\/"},{"@type":"ListItem","position":2,"name":"Max &#038; co v\u00f6rumerki"}]},{"@type":"WebSite","@id":"https:\/\/dutyfree.eyesland.is\/#website","url":"https:\/\/dutyfree.eyesland.is\/","name":"Dutyfree Eyesland","description":"Dutyfree Eyesland gleraugnaverslun b\u00fd\u00f0ur upp\u00e1 miki\u00f0 og vanda\u00f0 \u00farval af merkja gleraugum. Sko\u00f0a\u00f0u \u00farvali\u00f0 strax \u00ed dag.","potentialAction":[{"@type":"SearchAction","target":{"@type":"EntryPoint","urlTemplate":"https:\/\/dutyfree.eyesland.is\/?s={search_term_string}"},"query-input":{"@type":"PropertyValueSpecification","valueRequired":true,"valueName":"search_term_string"}}],"inLanguage":"en-US"}]}},"_links":{"self":[{"href":"https:\/\/dutyfree.eyesland.is\/en\/wp-json\/wp\/v2\/pages\/10817","targetHints":{"allow":["GET"]}}],"collection":[{"href":"https:\/\/dutyfree.eyesland.is\/en\/wp-json\/wp\/v2\/pages"}],"about":[{"href":"https:\/\/dutyfree.eyesland.is\/en\/wp-json\/wp\/v2\/types\/page"}],"author":[{"embeddable":true,"href":"https:\/\/dutyfree.eyesland.is\/en\/wp-json\/wp\/v2\/users\/14"}],"replies":[{"embeddable":true,"href":"https:\/\/dutyfree.eyesland.is\/en\/wp-json\/wp\/v2\/comments?post=10817"}],"version-history":[{"count":1,"href":"https:\/\/dutyfree.eyesland.is\/en\/wp-json\/wp\/v2\/pages\/10817\/revisions"}],"predecessor-version":[{"id":10818,"href":"https:\/\/dutyfree.eyesland.is\/en\/wp-json\/wp\/v2\/pages\/10817\/revisions\/10818"}],"wp:attachment":[{"href":"https:\/\/dutyfree.eyesland.is\/en\/wp-json\/wp\/v2\/media?parent=10817"}],"curies":[{"name":"wp","href":"https:\/\/api.w.org\/{rel}","templated":true}]}}