{"id":7962,"date":"2022-03-01T14:26:15","date_gmt":"2022-03-01T14:26:15","guid":{"rendered":"https:\/\/eyesland.is\/?page_id=7962"},"modified":"2022-03-01T14:40:10","modified_gmt":"2022-03-01T14:40:10","slug":"gigistudios-vorumerki","status":"publish","type":"page","link":"https:\/\/dutyfree.eyesland.is\/en\/gigistudios-vorumerki\/","title":{"rendered":"GIGIStudios v\u00f6rumerki"},"content":{"rendered":"\n<div class=\"wp-block-image\"><figure class=\"aligncenter size-large is-resized\"><a href=\"https:\/\/dutyfree.eyesland.is\/wp-content\/uploads\/2022\/03\/gigi-studios-02.jpg\"><img loading=\"lazy\" decoding=\"async\" src=\"https:\/\/dutyfree.eyesland.is\/wp-content\/uploads\/2022\/03\/gigi-studios-02-1024x724.jpg\" alt=\"\" class=\"wp-image-7963\" width=\"624\" height=\"441\" srcset=\"https:\/\/dutyfree.eyesland.is\/wp-content\/uploads\/2022\/03\/gigi-studios-02-1024x724.jpg 1024w, https:\/\/dutyfree.eyesland.is\/wp-content\/uploads\/2022\/03\/gigi-studios-02-300x212.jpg 300w, https:\/\/dutyfree.eyesland.is\/wp-content\/uploads\/2022\/03\/gigi-studios-02-768x543.jpg 768w, https:\/\/dutyfree.eyesland.is\/wp-content\/uploads\/2022\/03\/gigi-studios-02-1536x1086.jpg 1536w, https:\/\/dutyfree.eyesland.is\/wp-content\/uploads\/2022\/03\/gigi-studios-02-600x424.jpg 600w, https:\/\/dutyfree.eyesland.is\/wp-content\/uploads\/2022\/03\/gigi-studios-02.jpg 1755w\" sizes=\"auto, (max-width: 624px) 100vw, 624px\" \/><\/a><\/figure><\/div>\n\n\n<div data-block-name=\"woocommerce\/product-tag\" data-tags=\"[259]\" class=\"wc-block-grid wp-block-product-tag wp-block-woocommerce-product-tag wc-block-product-tag has-3-columns has-multiple-rows\"><ul class=\"wc-block-grid__products\"><li class=\"wc-block-grid__product\"><span class=\"gtm4wp_productdata\" style=\"display:none; visibility:hidden;\" data-gtm4wp_product_data=\"{&quot;internal_id&quot;:15268,&quot;item_id&quot;:15268,&quot;item_name&quot;:&quot;Gigi Studios&quot;,&quot;sku&quot;:&quot;GI06767\\\/9 CHRISTINE&quot;,&quot;price&quot;:46900,&quot;stocklevel&quot;:1,&quot;stockstatus&quot;:&quot;instock&quot;,&quot;google_business_vertical&quot;:&quot;retail&quot;,&quot;item_category&quot;:&quot;Gleraugu&quot;,&quot;id&quot;:15268,&quot;productlink&quot;:&quot;https:\\\/\\\/dutyfree.eyesland.is\\\/en\\\/vara\\\/gigi-studios-4\\\/&quot;,&quot;item_list_name&quot;:&quot;General Product List&quot;,&quot;index&quot;:0,&quot;product_type&quot;:&quot;simple&quot;,&quot;item_brand&quot;:&quot;&quot;}\"><\/span>\n\t\t\t\t<a href=\"https:\/\/dutyfree.eyesland.is\/en\/vara\/gigi-studios-4\/\" class=\"wc-block-grid__product-link\">\n\t\t\t\t\t\n\t\t\t\t\t<div class=\"wc-block-grid__product-image\"><img loading=\"lazy\" decoding=\"async\" width=\"300\" height=\"132\" src=\"https:\/\/dutyfree.eyesland.is\/wp-content\/uploads\/2023\/05\/fc471035-26f9-406e-b4e8-d9f7b6eb96f8-300x132.png\" class=\"attachment-woocommerce_thumbnail size-woocommerce_thumbnail\" alt=\"Gigi Studios\" srcset=\"https:\/\/dutyfree.eyesland.is\/wp-content\/uploads\/2023\/05\/fc471035-26f9-406e-b4e8-d9f7b6eb96f8-300x132.png 300w, https:\/\/dutyfree.eyesland.is\/wp-content\/uploads\/2023\/05\/fc471035-26f9-406e-b4e8-d9f7b6eb96f8-1024x450.png 1024w, https:\/\/dutyfree.eyesland.is\/wp-content\/uploads\/2023\/05\/fc471035-26f9-406e-b4e8-d9f7b6eb96f8-768x337.png 768w, https:\/\/dutyfree.eyesland.is\/wp-content\/uploads\/2023\/05\/fc471035-26f9-406e-b4e8-d9f7b6eb96f8-1536x675.png 1536w, https:\/\/dutyfree.eyesland.is\/wp-content\/uploads\/2023\/05\/fc471035-26f9-406e-b4e8-d9f7b6eb96f8-18x8.png 18w, https:\/\/dutyfree.eyesland.is\/wp-content\/uploads\/2023\/05\/fc471035-26f9-406e-b4e8-d9f7b6eb96f8-600x264.png 600w, https:\/\/dutyfree.eyesland.is\/wp-content\/uploads\/2023\/05\/fc471035-26f9-406e-b4e8-d9f7b6eb96f8.png 2047w\" sizes=\"auto, (max-width: 300px) 100vw, 300px\" \/><\/div>\n\t\t\t\t\t<div class=\"wc-block-grid__product-title\">Gigi Studios<\/div>\n\t\t\t\t<\/a>\n\t\t\t\t<div class=\"wc-block-grid__product-price price\"><span class=\"woocommerce-Price-amount amount\">46.900&nbsp;<span class=\"woocommerce-Price-currencySymbol\">kr.<\/span><\/span><\/div>\n\t\t\t\t\n\t\t\t\t<div class=\"wp-block-button wc-block-grid__product-add-to-cart\"><a href=\"https:\/\/dutyfree.eyesland.is\/en\/vara\/gigi-studios-4\/\" aria-label=\"Read more about &ldquo;Gigi Studios&rdquo;\" data-quantity=\"1\" data-product_id=\"15268\" data-product_sku=\"GI06767\/9 CHRISTINE\" data-price=\"46900\" rel=\"nofollow\" class=\"wp-block-button__link  add_to_cart_button\">Read more<\/a><\/div>\n\t\t\t<\/li><li class=\"wc-block-grid__product\"><span class=\"gtm4wp_productdata\" style=\"display:none; visibility:hidden;\" data-gtm4wp_product_data=\"{&quot;internal_id&quot;:15271,&quot;item_id&quot;:15271,&quot;item_name&quot;:&quot;Gigi Studios&quot;,&quot;sku&quot;:&quot;GI06770\\\/7 LORENZA&quot;,&quot;price&quot;:47900,&quot;stocklevel&quot;:1,&quot;stockstatus&quot;:&quot;instock&quot;,&quot;google_business_vertical&quot;:&quot;retail&quot;,&quot;item_category&quot;:&quot;Gleraugu&quot;,&quot;id&quot;:15271,&quot;productlink&quot;:&quot;https:\\\/\\\/dutyfree.eyesland.is\\\/en\\\/vara\\\/gigi-studios-5\\\/&quot;,&quot;item_list_name&quot;:&quot;General Product List&quot;,&quot;index&quot;:0,&quot;product_type&quot;:&quot;simple&quot;,&quot;item_brand&quot;:&quot;&quot;}\"><\/span>\n\t\t\t\t<a href=\"https:\/\/dutyfree.eyesland.is\/en\/vara\/gigi-studios-5\/\" class=\"wc-block-grid__product-link\">\n\t\t\t\t\t\n\t\t\t\t\t<div class=\"wc-block-grid__product-image\"><img loading=\"lazy\" decoding=\"async\" width=\"300\" height=\"133\" src=\"https:\/\/dutyfree.eyesland.is\/wp-content\/uploads\/2023\/05\/73c80cf5-67e5-4181-a9c1-9baa51052ed1-300x133.png\" class=\"attachment-woocommerce_thumbnail size-woocommerce_thumbnail\" alt=\"Gigi Studios\" srcset=\"https:\/\/dutyfree.eyesland.is\/wp-content\/uploads\/2023\/05\/73c80cf5-67e5-4181-a9c1-9baa51052ed1-300x133.png 300w, https:\/\/dutyfree.eyesland.is\/wp-content\/uploads\/2023\/05\/73c80cf5-67e5-4181-a9c1-9baa51052ed1-1024x453.png 1024w, https:\/\/dutyfree.eyesland.is\/wp-content\/uploads\/2023\/05\/73c80cf5-67e5-4181-a9c1-9baa51052ed1-768x340.png 768w, https:\/\/dutyfree.eyesland.is\/wp-content\/uploads\/2023\/05\/73c80cf5-67e5-4181-a9c1-9baa51052ed1-1536x679.png 1536w, https:\/\/dutyfree.eyesland.is\/wp-content\/uploads\/2023\/05\/73c80cf5-67e5-4181-a9c1-9baa51052ed1-18x8.png 18w, https:\/\/dutyfree.eyesland.is\/wp-content\/uploads\/2023\/05\/73c80cf5-67e5-4181-a9c1-9baa51052ed1-600x265.png 600w, https:\/\/dutyfree.eyesland.is\/wp-content\/uploads\/2023\/05\/73c80cf5-67e5-4181-a9c1-9baa51052ed1.png 2033w\" sizes=\"auto, (max-width: 300px) 100vw, 300px\" \/><\/div>\n\t\t\t\t\t<div class=\"wc-block-grid__product-title\">Gigi Studios<\/div>\n\t\t\t\t<\/a>\n\t\t\t\t<div class=\"wc-block-grid__product-price price\"><span class=\"woocommerce-Price-amount amount\">47.900&nbsp;<span class=\"woocommerce-Price-currencySymbol\">kr.<\/span><\/span><\/div>\n\t\t\t\t\n\t\t\t\t<div class=\"wp-block-button wc-block-grid__product-add-to-cart\"><a href=\"https:\/\/dutyfree.eyesland.is\/en\/vara\/gigi-studios-5\/\" aria-label=\"Read more about &ldquo;Gigi Studios&rdquo;\" data-quantity=\"1\" data-product_id=\"15271\" data-product_sku=\"GI06770\/7 LORENZA\" data-price=\"47900\" rel=\"nofollow\" class=\"wp-block-button__link  add_to_cart_button\">Read more<\/a><\/div>\n\t\t\t<\/li><li class=\"wc-block-grid__product\"><span class=\"gtm4wp_productdata\" style=\"display:none; visibility:hidden;\" data-gtm4wp_product_data=\"{&quot;internal_id&quot;:15280,&quot;item_id&quot;:15280,&quot;item_name&quot;:&quot;Gigi Studios&quot;,&quot;sku&quot;:&quot;GI06770\\\/3 LORENZA&quot;,&quot;price&quot;:47900,&quot;stocklevel&quot;:1,&quot;stockstatus&quot;:&quot;instock&quot;,&quot;google_business_vertical&quot;:&quot;retail&quot;,&quot;item_category&quot;:&quot;Gleraugu&quot;,&quot;id&quot;:15280,&quot;productlink&quot;:&quot;https:\\\/\\\/dutyfree.eyesland.is\\\/en\\\/vara\\\/gigi-studios-8\\\/&quot;,&quot;item_list_name&quot;:&quot;General Product List&quot;,&quot;index&quot;:0,&quot;product_type&quot;:&quot;simple&quot;,&quot;item_brand&quot;:&quot;&quot;}\"><\/span>\n\t\t\t\t<a href=\"https:\/\/dutyfree.eyesland.is\/en\/vara\/gigi-studios-8\/\" class=\"wc-block-grid__product-link\">\n\t\t\t\t\t\n\t\t\t\t\t<div class=\"wc-block-grid__product-image\"><img loading=\"lazy\" decoding=\"async\" width=\"300\" height=\"134\" src=\"https:\/\/dutyfree.eyesland.is\/wp-content\/uploads\/2023\/05\/4022833c-f144-48b5-9492-57b465d4d364-300x134.png\" class=\"attachment-woocommerce_thumbnail size-woocommerce_thumbnail\" alt=\"Gigi Studios\" srcset=\"https:\/\/dutyfree.eyesland.is\/wp-content\/uploads\/2023\/05\/4022833c-f144-48b5-9492-57b465d4d364-300x134.png 300w, https:\/\/dutyfree.eyesland.is\/wp-content\/uploads\/2023\/05\/4022833c-f144-48b5-9492-57b465d4d364-1024x457.png 1024w, https:\/\/dutyfree.eyesland.is\/wp-content\/uploads\/2023\/05\/4022833c-f144-48b5-9492-57b465d4d364-768x343.png 768w, https:\/\/dutyfree.eyesland.is\/wp-content\/uploads\/2023\/05\/4022833c-f144-48b5-9492-57b465d4d364-1536x686.png 1536w, https:\/\/dutyfree.eyesland.is\/wp-content\/uploads\/2023\/05\/4022833c-f144-48b5-9492-57b465d4d364-18x8.png 18w, https:\/\/dutyfree.eyesland.is\/wp-content\/uploads\/2023\/05\/4022833c-f144-48b5-9492-57b465d4d364-600x268.png 600w, https:\/\/dutyfree.eyesland.is\/wp-content\/uploads\/2023\/05\/4022833c-f144-48b5-9492-57b465d4d364.png 2013w\" sizes=\"auto, (max-width: 300px) 100vw, 300px\" \/><\/div>\n\t\t\t\t\t<div class=\"wc-block-grid__product-title\">Gigi Studios<\/div>\n\t\t\t\t<\/a>\n\t\t\t\t<div class=\"wc-block-grid__product-price price\"><span class=\"woocommerce-Price-amount amount\">47.900&nbsp;<span class=\"woocommerce-Price-currencySymbol\">kr.<\/span><\/span><\/div>\n\t\t\t\t\n\t\t\t\t<div class=\"wp-block-button wc-block-grid__product-add-to-cart\"><a href=\"https:\/\/dutyfree.eyesland.is\/en\/vara\/gigi-studios-8\/\" aria-label=\"Read more about &ldquo;Gigi Studios&rdquo;\" data-quantity=\"1\" data-product_id=\"15280\" data-product_sku=\"GI06770\/3 LORENZA\" data-price=\"47900\" rel=\"nofollow\" class=\"wp-block-button__link  add_to_cart_button\">Read more<\/a><\/div>\n\t\t\t<\/li><li class=\"wc-block-grid__product\"><span class=\"gtm4wp_productdata\" style=\"display:none; visibility:hidden;\" data-gtm4wp_product_data=\"{&quot;internal_id&quot;:15277,&quot;item_id&quot;:15277,&quot;item_name&quot;:&quot;Gigi Studios&quot;,&quot;sku&quot;:&quot;GI06766\\\/2 BERTHA&quot;,&quot;price&quot;:44900,&quot;stocklevel&quot;:1,&quot;stockstatus&quot;:&quot;instock&quot;,&quot;google_business_vertical&quot;:&quot;retail&quot;,&quot;item_category&quot;:&quot;Gleraugu&quot;,&quot;id&quot;:15277,&quot;productlink&quot;:&quot;https:\\\/\\\/dutyfree.eyesland.is\\\/en\\\/vara\\\/gigi-studios-7\\\/&quot;,&quot;item_list_name&quot;:&quot;General Product List&quot;,&quot;index&quot;:0,&quot;product_type&quot;:&quot;simple&quot;,&quot;item_brand&quot;:&quot;&quot;}\"><\/span>\n\t\t\t\t<a href=\"https:\/\/dutyfree.eyesland.is\/en\/vara\/gigi-studios-7\/\" class=\"wc-block-grid__product-link\">\n\t\t\t\t\t\n\t\t\t\t\t<div class=\"wc-block-grid__product-image\"><img loading=\"lazy\" decoding=\"async\" width=\"300\" height=\"134\" src=\"https:\/\/dutyfree.eyesland.is\/wp-content\/uploads\/2023\/05\/15a495d3-d566-41e1-a2c9-061cfa1b6d48-300x134.png\" class=\"attachment-woocommerce_thumbnail size-woocommerce_thumbnail\" alt=\"Gigi Studios\" srcset=\"https:\/\/dutyfree.eyesland.is\/wp-content\/uploads\/2023\/05\/15a495d3-d566-41e1-a2c9-061cfa1b6d48-300x134.png 300w, https:\/\/dutyfree.eyesland.is\/wp-content\/uploads\/2023\/05\/15a495d3-d566-41e1-a2c9-061cfa1b6d48-1024x457.png 1024w, https:\/\/dutyfree.eyesland.is\/wp-content\/uploads\/2023\/05\/15a495d3-d566-41e1-a2c9-061cfa1b6d48-768x343.png 768w, https:\/\/dutyfree.eyesland.is\/wp-content\/uploads\/2023\/05\/15a495d3-d566-41e1-a2c9-061cfa1b6d48-1536x686.png 1536w, https:\/\/dutyfree.eyesland.is\/wp-content\/uploads\/2023\/05\/15a495d3-d566-41e1-a2c9-061cfa1b6d48-18x8.png 18w, https:\/\/dutyfree.eyesland.is\/wp-content\/uploads\/2023\/05\/15a495d3-d566-41e1-a2c9-061cfa1b6d48-600x268.png 600w, https:\/\/dutyfree.eyesland.is\/wp-content\/uploads\/2023\/05\/15a495d3-d566-41e1-a2c9-061cfa1b6d48.png 2013w\" sizes=\"auto, (max-width: 300px) 100vw, 300px\" \/><\/div>\n\t\t\t\t\t<div class=\"wc-block-grid__product-title\">Gigi Studios<\/div>\n\t\t\t\t<\/a>\n\t\t\t\t<div class=\"wc-block-grid__product-price price\"><span class=\"woocommerce-Price-amount amount\">44.900&nbsp;<span class=\"woocommerce-Price-currencySymbol\">kr.<\/span><\/span><\/div>\n\t\t\t\t\n\t\t\t\t<div class=\"wp-block-button wc-block-grid__product-add-to-cart\"><a href=\"https:\/\/dutyfree.eyesland.is\/en\/vara\/gigi-studios-7\/\" aria-label=\"Read more about &ldquo;Gigi Studios&rdquo;\" data-quantity=\"1\" data-product_id=\"15277\" data-product_sku=\"GI06766\/2 BERTHA\" data-price=\"44900\" rel=\"nofollow\" class=\"wp-block-button__link  add_to_cart_button\">Read more<\/a><\/div>\n\t\t\t<\/li><li class=\"wc-block-grid__product\"><span class=\"gtm4wp_productdata\" style=\"display:none; visibility:hidden;\" data-gtm4wp_product_data=\"{&quot;internal_id&quot;:15259,&quot;item_id&quot;:15259,&quot;item_name&quot;:&quot;Gigi Studios&quot;,&quot;sku&quot;:&quot;GI06770\\\/2 LORENZA&quot;,&quot;price&quot;:47900,&quot;stocklevel&quot;:1,&quot;stockstatus&quot;:&quot;instock&quot;,&quot;google_business_vertical&quot;:&quot;retail&quot;,&quot;item_category&quot;:&quot;Gleraugu&quot;,&quot;id&quot;:15259,&quot;productlink&quot;:&quot;https:\\\/\\\/dutyfree.eyesland.is\\\/en\\\/vara\\\/gigi-studios\\\/&quot;,&quot;item_list_name&quot;:&quot;General Product List&quot;,&quot;index&quot;:0,&quot;product_type&quot;:&quot;simple&quot;,&quot;item_brand&quot;:&quot;&quot;}\"><\/span>\n\t\t\t\t<a href=\"https:\/\/dutyfree.eyesland.is\/en\/vara\/gigi-studios\/\" class=\"wc-block-grid__product-link\">\n\t\t\t\t\t\n\t\t\t\t\t<div class=\"wc-block-grid__product-image\"><img loading=\"lazy\" decoding=\"async\" width=\"300\" height=\"131\" src=\"https:\/\/dutyfree.eyesland.is\/wp-content\/uploads\/2023\/05\/2e3fb4ec-bc73-4160-b245-f5b9ff473763-300x131.png\" class=\"attachment-woocommerce_thumbnail size-woocommerce_thumbnail\" alt=\"Gigi Studios\" srcset=\"https:\/\/dutyfree.eyesland.is\/wp-content\/uploads\/2023\/05\/2e3fb4ec-bc73-4160-b245-f5b9ff473763-300x131.png 300w, https:\/\/dutyfree.eyesland.is\/wp-content\/uploads\/2023\/05\/2e3fb4ec-bc73-4160-b245-f5b9ff473763-768x335.png 768w, https:\/\/dutyfree.eyesland.is\/wp-content\/uploads\/2023\/05\/2e3fb4ec-bc73-4160-b245-f5b9ff473763-18x8.png 18w, https:\/\/dutyfree.eyesland.is\/wp-content\/uploads\/2023\/05\/2e3fb4ec-bc73-4160-b245-f5b9ff473763-600x261.png 600w, https:\/\/dutyfree.eyesland.is\/wp-content\/uploads\/2023\/05\/2e3fb4ec-bc73-4160-b245-f5b9ff473763.png 973w\" sizes=\"auto, (max-width: 300px) 100vw, 300px\" \/><\/div>\n\t\t\t\t\t<div class=\"wc-block-grid__product-title\">Gigi Studios<\/div>\n\t\t\t\t<\/a>\n\t\t\t\t<div class=\"wc-block-grid__product-price price\"><span class=\"woocommerce-Price-amount amount\">47.900&nbsp;<span class=\"woocommerce-Price-currencySymbol\">kr.<\/span><\/span><\/div>\n\t\t\t\t\n\t\t\t\t<div class=\"wp-block-button wc-block-grid__product-add-to-cart\"><a href=\"https:\/\/dutyfree.eyesland.is\/en\/vara\/gigi-studios\/\" aria-label=\"Read more about &ldquo;Gigi Studios&rdquo;\" data-quantity=\"1\" data-product_id=\"15259\" data-product_sku=\"GI06770\/2 LORENZA\" data-price=\"47900\" rel=\"nofollow\" class=\"wp-block-button__link  add_to_cart_button\">Read more<\/a><\/div>\n\t\t\t<\/li><\/ul><\/div>","protected":false},"excerpt":{"rendered":"","protected":false},"author":14,"featured_media":0,"parent":0,"menu_order":0,"comment_status":"closed","ping_status":"closed","template":"","meta":{"_acf_changed":false,"inline_featured_image":false,"footnotes":""},"class_list":["post-7962","page","type-page","status-publish","hentry"],"acf":[],"yoast_head":"<!-- This site is optimized with the Yoast SEO plugin v27.4 - https:\/\/yoast.com\/product\/yoast-seo-wordpress\/ -->\n<title>GIGIStudios v\u00f6rumerki - Dutyfree Eyesland<\/title>\n<meta name=\"robots\" content=\"index, follow, max-snippet:-1, max-image-preview:large, max-video-preview:-1\" \/>\n<link rel=\"canonical\" href=\"https:\/\/dutyfree.eyesland.is\/en\/gigistudios-vorumerki\/\" \/>\n<meta property=\"og:locale\" content=\"en_US\" \/>\n<meta property=\"og:type\" content=\"article\" \/>\n<meta property=\"og:title\" content=\"GIGIStudios v\u00f6rumerki - Dutyfree Eyesland\" \/>\n<meta property=\"og:url\" content=\"https:\/\/dutyfree.eyesland.is\/en\/gigistudios-vorumerki\/\" \/>\n<meta property=\"og:site_name\" content=\"Dutyfree Eyesland\" \/>\n<meta property=\"article:modified_time\" content=\"2022-03-01T14:40:10+00:00\" \/>\n<meta property=\"og:image\" content=\"https:\/\/dutyfree.eyesland.is\/wp-content\/uploads\/2022\/03\/gigi-studios-02-1024x724.jpg\" \/>\n<meta name=\"twitter:card\" content=\"summary_large_image\" \/>\n<meta name=\"twitter:label1\" content=\"Est. reading time\" \/>\n\t<meta name=\"twitter:data1\" content=\"1 minute\" \/>\n<script type=\"application\/ld+json\" class=\"yoast-schema-graph\">{\"@context\":\"https:\\\/\\\/schema.org\",\"@graph\":[{\"@type\":\"WebPage\",\"@id\":\"https:\\\/\\\/dutyfree.eyesland.is\\\/gigistudios-vorumerki\\\/\",\"url\":\"https:\\\/\\\/dutyfree.eyesland.is\\\/gigistudios-vorumerki\\\/\",\"name\":\"GIGIStudios v\u00f6rumerki - Dutyfree Eyesland\",\"isPartOf\":{\"@id\":\"https:\\\/\\\/dutyfree.eyesland.is\\\/#website\"},\"primaryImageOfPage\":{\"@id\":\"https:\\\/\\\/dutyfree.eyesland.is\\\/gigistudios-vorumerki\\\/#primaryimage\"},\"image\":{\"@id\":\"https:\\\/\\\/dutyfree.eyesland.is\\\/gigistudios-vorumerki\\\/#primaryimage\"},\"thumbnailUrl\":\"https:\\\/\\\/dutyfree.eyesland.is\\\/wp-content\\\/uploads\\\/2022\\\/03\\\/gigi-studios-02-1024x724.jpg\",\"datePublished\":\"2022-03-01T14:26:15+00:00\",\"dateModified\":\"2022-03-01T14:40:10+00:00\",\"breadcrumb\":{\"@id\":\"https:\\\/\\\/dutyfree.eyesland.is\\\/gigistudios-vorumerki\\\/#breadcrumb\"},\"inLanguage\":\"en-US\",\"potentialAction\":[{\"@type\":\"ReadAction\",\"target\":[\"https:\\\/\\\/dutyfree.eyesland.is\\\/gigistudios-vorumerki\\\/\"]}]},{\"@type\":\"ImageObject\",\"inLanguage\":\"en-US\",\"@id\":\"https:\\\/\\\/dutyfree.eyesland.is\\\/gigistudios-vorumerki\\\/#primaryimage\",\"url\":\"https:\\\/\\\/dutyfree.eyesland.is\\\/wp-content\\\/uploads\\\/2022\\\/03\\\/gigi-studios-02-1024x724.jpg\",\"contentUrl\":\"https:\\\/\\\/dutyfree.eyesland.is\\\/wp-content\\\/uploads\\\/2022\\\/03\\\/gigi-studios-02-1024x724.jpg\"},{\"@type\":\"BreadcrumbList\",\"@id\":\"https:\\\/\\\/dutyfree.eyesland.is\\\/gigistudios-vorumerki\\\/#breadcrumb\",\"itemListElement\":[{\"@type\":\"ListItem\",\"position\":1,\"name\":\"Home\",\"item\":\"https:\\\/\\\/dutyfree.eyesland.is\\\/\"},{\"@type\":\"ListItem\",\"position\":2,\"name\":\"GIGIStudios v\u00f6rumerki\"}]},{\"@type\":\"WebSite\",\"@id\":\"https:\\\/\\\/dutyfree.eyesland.is\\\/#website\",\"url\":\"https:\\\/\\\/dutyfree.eyesland.is\\\/\",\"name\":\"Dutyfree Eyesland\",\"description\":\"Dutyfree Eyesland gleraugnaverslun b\u00fd\u00f0ur upp\u00e1 miki\u00f0 og vanda\u00f0 \u00farval af merkja gleraugum. Sko\u00f0a\u00f0u \u00farvali\u00f0 strax \u00ed dag.\",\"potentialAction\":[{\"@type\":\"SearchAction\",\"target\":{\"@type\":\"EntryPoint\",\"urlTemplate\":\"https:\\\/\\\/dutyfree.eyesland.is\\\/?s={search_term_string}\"},\"query-input\":{\"@type\":\"PropertyValueSpecification\",\"valueRequired\":true,\"valueName\":\"search_term_string\"}}],\"inLanguage\":\"en-US\"}]}<\/script>\n<!-- \/ Yoast SEO plugin. -->","yoast_head_json":{"title":"GIGIStudios v\u00f6rumerki - Dutyfree Eyesland","robots":{"index":"index","follow":"follow","max-snippet":"max-snippet:-1","max-image-preview":"max-image-preview:large","max-video-preview":"max-video-preview:-1"},"canonical":"https:\/\/dutyfree.eyesland.is\/en\/gigistudios-vorumerki\/","og_locale":"en_US","og_type":"article","og_title":"GIGIStudios v\u00f6rumerki - Dutyfree Eyesland","og_url":"https:\/\/dutyfree.eyesland.is\/en\/gigistudios-vorumerki\/","og_site_name":"Dutyfree Eyesland","article_modified_time":"2022-03-01T14:40:10+00:00","og_image":[{"url":"https:\/\/dutyfree.eyesland.is\/wp-content\/uploads\/2022\/03\/gigi-studios-02-1024x724.jpg","type":"","width":"","height":""}],"twitter_card":"summary_large_image","twitter_misc":{"Est. reading time":"1 minute"},"schema":{"@context":"https:\/\/schema.org","@graph":[{"@type":"WebPage","@id":"https:\/\/dutyfree.eyesland.is\/gigistudios-vorumerki\/","url":"https:\/\/dutyfree.eyesland.is\/gigistudios-vorumerki\/","name":"GIGIStudios v\u00f6rumerki - Dutyfree Eyesland","isPartOf":{"@id":"https:\/\/dutyfree.eyesland.is\/#website"},"primaryImageOfPage":{"@id":"https:\/\/dutyfree.eyesland.is\/gigistudios-vorumerki\/#primaryimage"},"image":{"@id":"https:\/\/dutyfree.eyesland.is\/gigistudios-vorumerki\/#primaryimage"},"thumbnailUrl":"https:\/\/dutyfree.eyesland.is\/wp-content\/uploads\/2022\/03\/gigi-studios-02-1024x724.jpg","datePublished":"2022-03-01T14:26:15+00:00","dateModified":"2022-03-01T14:40:10+00:00","breadcrumb":{"@id":"https:\/\/dutyfree.eyesland.is\/gigistudios-vorumerki\/#breadcrumb"},"inLanguage":"en-US","potentialAction":[{"@type":"ReadAction","target":["https:\/\/dutyfree.eyesland.is\/gigistudios-vorumerki\/"]}]},{"@type":"ImageObject","inLanguage":"en-US","@id":"https:\/\/dutyfree.eyesland.is\/gigistudios-vorumerki\/#primaryimage","url":"https:\/\/dutyfree.eyesland.is\/wp-content\/uploads\/2022\/03\/gigi-studios-02-1024x724.jpg","contentUrl":"https:\/\/dutyfree.eyesland.is\/wp-content\/uploads\/2022\/03\/gigi-studios-02-1024x724.jpg"},{"@type":"BreadcrumbList","@id":"https:\/\/dutyfree.eyesland.is\/gigistudios-vorumerki\/#breadcrumb","itemListElement":[{"@type":"ListItem","position":1,"name":"Home","item":"https:\/\/dutyfree.eyesland.is\/"},{"@type":"ListItem","position":2,"name":"GIGIStudios v\u00f6rumerki"}]},{"@type":"WebSite","@id":"https:\/\/dutyfree.eyesland.is\/#website","url":"https:\/\/dutyfree.eyesland.is\/","name":"Dutyfree Eyesland","description":"Dutyfree Eyesland gleraugnaverslun b\u00fd\u00f0ur upp\u00e1 miki\u00f0 og vanda\u00f0 \u00farval af merkja gleraugum. Sko\u00f0a\u00f0u \u00farvali\u00f0 strax \u00ed dag.","potentialAction":[{"@type":"SearchAction","target":{"@type":"EntryPoint","urlTemplate":"https:\/\/dutyfree.eyesland.is\/?s={search_term_string}"},"query-input":{"@type":"PropertyValueSpecification","valueRequired":true,"valueName":"search_term_string"}}],"inLanguage":"en-US"}]}},"_links":{"self":[{"href":"https:\/\/dutyfree.eyesland.is\/en\/wp-json\/wp\/v2\/pages\/7962","targetHints":{"allow":["GET"]}}],"collection":[{"href":"https:\/\/dutyfree.eyesland.is\/en\/wp-json\/wp\/v2\/pages"}],"about":[{"href":"https:\/\/dutyfree.eyesland.is\/en\/wp-json\/wp\/v2\/types\/page"}],"author":[{"embeddable":true,"href":"https:\/\/dutyfree.eyesland.is\/en\/wp-json\/wp\/v2\/users\/14"}],"replies":[{"embeddable":true,"href":"https:\/\/dutyfree.eyesland.is\/en\/wp-json\/wp\/v2\/comments?post=7962"}],"version-history":[{"count":3,"href":"https:\/\/dutyfree.eyesland.is\/en\/wp-json\/wp\/v2\/pages\/7962\/revisions"}],"predecessor-version":[{"id":7986,"href":"https:\/\/dutyfree.eyesland.is\/en\/wp-json\/wp\/v2\/pages\/7962\/revisions\/7986"}],"wp:attachment":[{"href":"https:\/\/dutyfree.eyesland.is\/en\/wp-json\/wp\/v2\/media?parent=7962"}],"curies":[{"name":"wp","href":"https:\/\/api.w.org\/{rel}","templated":true}]}}