{"id":7975,"date":"2022-03-01T14:33:36","date_gmt":"2022-03-01T14:33:36","guid":{"rendered":"https:\/\/eyesland.is\/?page_id=7975"},"modified":"2022-06-21T09:48:40","modified_gmt":"2022-06-21T09:48:40","slug":"tommy-hilfiger-vorumerki","status":"publish","type":"page","link":"https:\/\/dutyfree.eyesland.is\/en\/tommy-hilfiger-vorumerki\/","title":{"rendered":"Tommy Hilfiger v\u00f6rumerki"},"content":{"rendered":"<div class=\"wp-block-image\">\n<figure class=\"aligncenter size-large is-resized\"><a href=\"https:\/\/dutyfree.eyesland.is\/wp-content\/uploads\/2022\/03\/corporate-responsibility-preview.png\"><img loading=\"lazy\" decoding=\"async\" src=\"https:\/\/dutyfree.eyesland.is\/wp-content\/uploads\/2022\/03\/corporate-responsibility-preview-1024x559.png\" alt=\"\" class=\"wp-image-7976\" width=\"768\" height=\"419\" srcset=\"https:\/\/dutyfree.eyesland.is\/wp-content\/uploads\/2022\/03\/corporate-responsibility-preview-1024x559.png 1024w, https:\/\/dutyfree.eyesland.is\/wp-content\/uploads\/2022\/03\/corporate-responsibility-preview-300x164.png 300w, https:\/\/dutyfree.eyesland.is\/wp-content\/uploads\/2022\/03\/corporate-responsibility-preview-768x419.png 768w, https:\/\/dutyfree.eyesland.is\/wp-content\/uploads\/2022\/03\/corporate-responsibility-preview-600x327.png 600w, https:\/\/dutyfree.eyesland.is\/wp-content\/uploads\/2022\/03\/corporate-responsibility-preview.png 1404w\" sizes=\"auto, (max-width: 768px) 100vw, 768px\" \/><\/a><\/figure>\n<\/div>\n\n<div data-block-name=\"woocommerce\/product-tag\" data-tags=\"[225,253]\" class=\"wc-block-grid wp-block-product-tag wp-block-woocommerce-product-tag wc-block-product-tag has-3-columns has-multiple-rows\"><ul class=\"wc-block-grid__products\"><li class=\"wc-block-grid__product\"><span class=\"gtm4wp_productdata\" style=\"display:none; visibility:hidden;\" data-gtm4wp_product_data=\"{&quot;internal_id&quot;:12923,&quot;item_id&quot;:12923,&quot;item_name&quot;:&quot;Tommy Hilfiger&quot;,&quot;sku&quot;:&quot;TH1884\\\/S 807&quot;,&quot;price&quot;:24900,&quot;stocklevel&quot;:1,&quot;stockstatus&quot;:&quot;instock&quot;,&quot;google_business_vertical&quot;:&quot;retail&quot;,&quot;item_category&quot;:&quot;S\\u00f3lgleraugu&quot;,&quot;id&quot;:12923,&quot;productlink&quot;:&quot;https:\\\/\\\/dutyfree.eyesland.is\\\/en\\\/vara\\\/tommy-hilfiger-5\\\/&quot;,&quot;item_list_name&quot;:&quot;General Product List&quot;,&quot;index&quot;:0,&quot;product_type&quot;:&quot;simple&quot;,&quot;item_brand&quot;:&quot;&quot;}\"><\/span>\n\t\t\t\t<a href=\"https:\/\/dutyfree.eyesland.is\/en\/vara\/tommy-hilfiger-5\/\" class=\"wc-block-grid__product-link\">\n\t\t\t\t\t\n\t\t\t\t\t<div class=\"wc-block-grid__product-image\"><img loading=\"lazy\" decoding=\"async\" width=\"300\" height=\"133\" src=\"https:\/\/dutyfree.eyesland.is\/wp-content\/uploads\/2023\/03\/f1aa6942-a918-45c6-aa07-de7c87f62eb2-300x133.png\" class=\"attachment-woocommerce_thumbnail size-woocommerce_thumbnail\" alt=\"Tommy Hilfiger\" srcset=\"https:\/\/dutyfree.eyesland.is\/wp-content\/uploads\/2023\/03\/f1aa6942-a918-45c6-aa07-de7c87f62eb2-300x133.png 300w, https:\/\/dutyfree.eyesland.is\/wp-content\/uploads\/2023\/03\/f1aa6942-a918-45c6-aa07-de7c87f62eb2-18x8.png 18w, https:\/\/dutyfree.eyesland.is\/wp-content\/uploads\/2023\/03\/f1aa6942-a918-45c6-aa07-de7c87f62eb2-600x265.png 600w, https:\/\/dutyfree.eyesland.is\/wp-content\/uploads\/2023\/03\/f1aa6942-a918-45c6-aa07-de7c87f62eb2.png 652w\" sizes=\"auto, (max-width: 300px) 100vw, 300px\" \/><\/div>\n\t\t\t\t\t<div class=\"wc-block-grid__product-title\">Tommy Hilfiger<\/div>\n\t\t\t\t<\/a>\n\t\t\t\t<div class=\"wc-block-grid__product-price price\"><span class=\"woocommerce-Price-amount amount\">24.900&nbsp;<span class=\"woocommerce-Price-currencySymbol\">kr.<\/span><\/span><\/div>\n\t\t\t\t\n\t\t\t\t<div class=\"wp-block-button wc-block-grid__product-add-to-cart\"><a href=\"https:\/\/dutyfree.eyesland.is\/en\/vara\/tommy-hilfiger-5\/\" aria-label=\"Read more about &ldquo;Tommy Hilfiger&rdquo;\" data-quantity=\"1\" data-product_id=\"12923\" data-product_sku=\"TH1884\/S 807\" data-price=\"24900\" rel=\"nofollow\" class=\"wp-block-button__link  add_to_cart_button\">Read more<\/a><\/div>\n\t\t\t<\/li><\/ul><\/div>","protected":false},"excerpt":{"rendered":"","protected":false},"author":14,"featured_media":0,"parent":0,"menu_order":0,"comment_status":"closed","ping_status":"closed","template":"","meta":{"_acf_changed":false,"inline_featured_image":false,"footnotes":""},"class_list":["post-7975","page","type-page","status-publish","hentry"],"acf":[],"yoast_head":"<!-- This site is optimized with the Yoast SEO plugin v27.4 - https:\/\/yoast.com\/product\/yoast-seo-wordpress\/ -->\n<title>Tommy Hilfiger v\u00f6rumerki - Dutyfree Eyesland<\/title>\n<meta name=\"robots\" content=\"index, follow, max-snippet:-1, max-image-preview:large, max-video-preview:-1\" \/>\n<link rel=\"canonical\" href=\"https:\/\/dutyfree.eyesland.is\/en\/tommy-hilfiger-vorumerki\/\" \/>\n<meta property=\"og:locale\" content=\"en_US\" \/>\n<meta property=\"og:type\" content=\"article\" \/>\n<meta property=\"og:title\" content=\"Tommy Hilfiger v\u00f6rumerki - Dutyfree Eyesland\" \/>\n<meta property=\"og:url\" content=\"https:\/\/dutyfree.eyesland.is\/en\/tommy-hilfiger-vorumerki\/\" \/>\n<meta property=\"og:site_name\" content=\"Dutyfree Eyesland\" \/>\n<meta property=\"article:modified_time\" content=\"2022-06-21T09:48:40+00:00\" \/>\n<meta property=\"og:image\" content=\"https:\/\/dutyfree.eyesland.is\/wp-content\/uploads\/2022\/03\/corporate-responsibility-preview-1024x559.png\" \/>\n<meta name=\"twitter:card\" content=\"summary_large_image\" \/>\n<meta name=\"twitter:label1\" content=\"Est. reading time\" \/>\n\t<meta name=\"twitter:data1\" content=\"1 minute\" \/>\n<script type=\"application\/ld+json\" class=\"yoast-schema-graph\">{\"@context\":\"https:\\\/\\\/schema.org\",\"@graph\":[{\"@type\":\"WebPage\",\"@id\":\"https:\\\/\\\/dutyfree.eyesland.is\\\/tommy-hilfiger-vorumerki\\\/\",\"url\":\"https:\\\/\\\/dutyfree.eyesland.is\\\/tommy-hilfiger-vorumerki\\\/\",\"name\":\"Tommy Hilfiger v\u00f6rumerki - Dutyfree Eyesland\",\"isPartOf\":{\"@id\":\"https:\\\/\\\/dutyfree.eyesland.is\\\/#website\"},\"primaryImageOfPage\":{\"@id\":\"https:\\\/\\\/dutyfree.eyesland.is\\\/tommy-hilfiger-vorumerki\\\/#primaryimage\"},\"image\":{\"@id\":\"https:\\\/\\\/dutyfree.eyesland.is\\\/tommy-hilfiger-vorumerki\\\/#primaryimage\"},\"thumbnailUrl\":\"https:\\\/\\\/dutyfree.eyesland.is\\\/wp-content\\\/uploads\\\/2022\\\/03\\\/corporate-responsibility-preview-1024x559.png\",\"datePublished\":\"2022-03-01T14:33:36+00:00\",\"dateModified\":\"2022-06-21T09:48:40+00:00\",\"breadcrumb\":{\"@id\":\"https:\\\/\\\/dutyfree.eyesland.is\\\/tommy-hilfiger-vorumerki\\\/#breadcrumb\"},\"inLanguage\":\"en-US\",\"potentialAction\":[{\"@type\":\"ReadAction\",\"target\":[\"https:\\\/\\\/dutyfree.eyesland.is\\\/tommy-hilfiger-vorumerki\\\/\"]}]},{\"@type\":\"ImageObject\",\"inLanguage\":\"en-US\",\"@id\":\"https:\\\/\\\/dutyfree.eyesland.is\\\/tommy-hilfiger-vorumerki\\\/#primaryimage\",\"url\":\"https:\\\/\\\/dutyfree.eyesland.is\\\/wp-content\\\/uploads\\\/2022\\\/03\\\/corporate-responsibility-preview-1024x559.png\",\"contentUrl\":\"https:\\\/\\\/dutyfree.eyesland.is\\\/wp-content\\\/uploads\\\/2022\\\/03\\\/corporate-responsibility-preview-1024x559.png\"},{\"@type\":\"BreadcrumbList\",\"@id\":\"https:\\\/\\\/dutyfree.eyesland.is\\\/tommy-hilfiger-vorumerki\\\/#breadcrumb\",\"itemListElement\":[{\"@type\":\"ListItem\",\"position\":1,\"name\":\"Home\",\"item\":\"https:\\\/\\\/dutyfree.eyesland.is\\\/\"},{\"@type\":\"ListItem\",\"position\":2,\"name\":\"Tommy Hilfiger v\u00f6rumerki\"}]},{\"@type\":\"WebSite\",\"@id\":\"https:\\\/\\\/dutyfree.eyesland.is\\\/#website\",\"url\":\"https:\\\/\\\/dutyfree.eyesland.is\\\/\",\"name\":\"Dutyfree Eyesland\",\"description\":\"Dutyfree Eyesland gleraugnaverslun b\u00fd\u00f0ur upp\u00e1 miki\u00f0 og vanda\u00f0 \u00farval af merkja gleraugum. Sko\u00f0a\u00f0u \u00farvali\u00f0 strax \u00ed dag.\",\"potentialAction\":[{\"@type\":\"SearchAction\",\"target\":{\"@type\":\"EntryPoint\",\"urlTemplate\":\"https:\\\/\\\/dutyfree.eyesland.is\\\/?s={search_term_string}\"},\"query-input\":{\"@type\":\"PropertyValueSpecification\",\"valueRequired\":true,\"valueName\":\"search_term_string\"}}],\"inLanguage\":\"en-US\"}]}<\/script>\n<!-- \/ Yoast SEO plugin. -->","yoast_head_json":{"title":"Tommy Hilfiger v\u00f6rumerki - Dutyfree Eyesland","robots":{"index":"index","follow":"follow","max-snippet":"max-snippet:-1","max-image-preview":"max-image-preview:large","max-video-preview":"max-video-preview:-1"},"canonical":"https:\/\/dutyfree.eyesland.is\/en\/tommy-hilfiger-vorumerki\/","og_locale":"en_US","og_type":"article","og_title":"Tommy Hilfiger v\u00f6rumerki - Dutyfree Eyesland","og_url":"https:\/\/dutyfree.eyesland.is\/en\/tommy-hilfiger-vorumerki\/","og_site_name":"Dutyfree Eyesland","article_modified_time":"2022-06-21T09:48:40+00:00","og_image":[{"url":"https:\/\/dutyfree.eyesland.is\/wp-content\/uploads\/2022\/03\/corporate-responsibility-preview-1024x559.png","type":"","width":"","height":""}],"twitter_card":"summary_large_image","twitter_misc":{"Est. reading time":"1 minute"},"schema":{"@context":"https:\/\/schema.org","@graph":[{"@type":"WebPage","@id":"https:\/\/dutyfree.eyesland.is\/tommy-hilfiger-vorumerki\/","url":"https:\/\/dutyfree.eyesland.is\/tommy-hilfiger-vorumerki\/","name":"Tommy Hilfiger v\u00f6rumerki - Dutyfree Eyesland","isPartOf":{"@id":"https:\/\/dutyfree.eyesland.is\/#website"},"primaryImageOfPage":{"@id":"https:\/\/dutyfree.eyesland.is\/tommy-hilfiger-vorumerki\/#primaryimage"},"image":{"@id":"https:\/\/dutyfree.eyesland.is\/tommy-hilfiger-vorumerki\/#primaryimage"},"thumbnailUrl":"https:\/\/dutyfree.eyesland.is\/wp-content\/uploads\/2022\/03\/corporate-responsibility-preview-1024x559.png","datePublished":"2022-03-01T14:33:36+00:00","dateModified":"2022-06-21T09:48:40+00:00","breadcrumb":{"@id":"https:\/\/dutyfree.eyesland.is\/tommy-hilfiger-vorumerki\/#breadcrumb"},"inLanguage":"en-US","potentialAction":[{"@type":"ReadAction","target":["https:\/\/dutyfree.eyesland.is\/tommy-hilfiger-vorumerki\/"]}]},{"@type":"ImageObject","inLanguage":"en-US","@id":"https:\/\/dutyfree.eyesland.is\/tommy-hilfiger-vorumerki\/#primaryimage","url":"https:\/\/dutyfree.eyesland.is\/wp-content\/uploads\/2022\/03\/corporate-responsibility-preview-1024x559.png","contentUrl":"https:\/\/dutyfree.eyesland.is\/wp-content\/uploads\/2022\/03\/corporate-responsibility-preview-1024x559.png"},{"@type":"BreadcrumbList","@id":"https:\/\/dutyfree.eyesland.is\/tommy-hilfiger-vorumerki\/#breadcrumb","itemListElement":[{"@type":"ListItem","position":1,"name":"Home","item":"https:\/\/dutyfree.eyesland.is\/"},{"@type":"ListItem","position":2,"name":"Tommy Hilfiger v\u00f6rumerki"}]},{"@type":"WebSite","@id":"https:\/\/dutyfree.eyesland.is\/#website","url":"https:\/\/dutyfree.eyesland.is\/","name":"Dutyfree Eyesland","description":"Dutyfree Eyesland gleraugnaverslun b\u00fd\u00f0ur upp\u00e1 miki\u00f0 og vanda\u00f0 \u00farval af merkja gleraugum. Sko\u00f0a\u00f0u \u00farvali\u00f0 strax \u00ed dag.","potentialAction":[{"@type":"SearchAction","target":{"@type":"EntryPoint","urlTemplate":"https:\/\/dutyfree.eyesland.is\/?s={search_term_string}"},"query-input":{"@type":"PropertyValueSpecification","valueRequired":true,"valueName":"search_term_string"}}],"inLanguage":"en-US"}]}},"_links":{"self":[{"href":"https:\/\/dutyfree.eyesland.is\/en\/wp-json\/wp\/v2\/pages\/7975","targetHints":{"allow":["GET"]}}],"collection":[{"href":"https:\/\/dutyfree.eyesland.is\/en\/wp-json\/wp\/v2\/pages"}],"about":[{"href":"https:\/\/dutyfree.eyesland.is\/en\/wp-json\/wp\/v2\/types\/page"}],"author":[{"embeddable":true,"href":"https:\/\/dutyfree.eyesland.is\/en\/wp-json\/wp\/v2\/users\/14"}],"replies":[{"embeddable":true,"href":"https:\/\/dutyfree.eyesland.is\/en\/wp-json\/wp\/v2\/comments?post=7975"}],"version-history":[{"count":2,"href":"https:\/\/dutyfree.eyesland.is\/en\/wp-json\/wp\/v2\/pages\/7975\/revisions"}],"predecessor-version":[{"id":9573,"href":"https:\/\/dutyfree.eyesland.is\/en\/wp-json\/wp\/v2\/pages\/7975\/revisions\/9573"}],"wp:attachment":[{"href":"https:\/\/dutyfree.eyesland.is\/en\/wp-json\/wp\/v2\/media?parent=7975"}],"curies":[{"name":"wp","href":"https:\/\/api.w.org\/{rel}","templated":true}]}}