{"id":11146,"date":"2022-10-18T10:23:19","date_gmt":"2022-10-18T10:23:19","guid":{"rendered":"https:\/\/eyesland.is\/?post_type=product&#038;p=11146"},"modified":"2026-01-29T13:09:09","modified_gmt":"2026-01-29T13:09:09","slug":"neubau-43","status":"publish","type":"product","link":"https:\/\/dutyfree.eyesland.is\/en\/vara\/neubau-43\/","title":{"rendered":"NEUBAU Alena"},"content":{"rendered":"<p>St\u00e6r\u00f0:&nbsp;56\/13\/135 mm<\/p>\n<p>Neubau Alena er unnin \u00far h\u00e1g\u00e6\u00f0a titanium og n\u00e1tt\u00farulegu Acetate, sem er unni\u00f0 \u00far b\u00f3mull og vi\u00f0.<\/p>\n<p>Neubau leggur \u00e1herslu sj\u00e1lfb\u00e6rni og er notast vi\u00f0 n\u00e1tt\u00faruleg og endurunninn hr\u00e1efni \u00ed framlei\u00f0slu \u00e1 gleraugunum.<\/p>","protected":false},"excerpt":{"rendered":"<p>St\u00e6r\u00f0:&nbsp;56\/13\/135 mm Neubau Alena er unnin \u00far h\u00e1g\u00e6\u00f0a titanium og n\u00e1tt\u00farulegu Acetate, sem er unni\u00f0 \u00far b\u00f3mull og vi\u00f0. Neubau leggur \u00e1herslu sj\u00e1lfb\u00e6rni og er notast vi\u00f0 n\u00e1tt\u00faruleg og endurunninn hr\u00e1efni \u00ed framlei\u00f0slu \u00e1 gleraugunum.<\/p>","protected":false},"featured_media":12522,"template":"","meta":{"_acf_changed":false,"inline_featured_image":false},"pwb-brand":[],"product_brand":[263],"product_cat":[171],"product_tag":[32,31,264],"class_list":{"0":"post-11146","1":"product","2":"type-product","3":"status-publish","4":"has-post-thumbnail","6":"product_brand-neubau","7":"product_cat-gleraugu","8":"product_tag-karlar","9":"product_tag-konur","10":"product_tag-neubau","11":"pa_size-m","13":"first","14":"outofstock","15":"taxable","16":"shipping-taxable","17":"product-type-simple"},"acf":[],"yoast_head":"<!-- This site is optimized with the Yoast SEO plugin v27.4 - https:\/\/yoast.com\/product\/yoast-seo-wordpress\/ -->\n<title>NEUBAU Alena - Dutyfree Eyesland<\/title>\n<meta name=\"robots\" content=\"index, follow, max-snippet:-1, max-image-preview:large, max-video-preview:-1\" \/>\n<link rel=\"canonical\" href=\"https:\/\/dutyfree.eyesland.is\/en\/vara\/neubau-43\/\" \/>\n<meta property=\"og:locale\" content=\"en_US\" \/>\n<meta property=\"og:type\" content=\"article\" \/>\n<meta property=\"og:title\" content=\"NEUBAU Alena - Dutyfree Eyesland\" \/>\n<meta property=\"og:description\" content=\"St\u00e6r\u00f0:&nbsp;56\/13\/135 mm Neubau Alena er unnin \u00far h\u00e1g\u00e6\u00f0a titanium og n\u00e1tt\u00farulegu Acetate, sem er unni\u00f0 \u00far b\u00f3mull og vi\u00f0. Neubau leggur \u00e1herslu sj\u00e1lfb\u00e6rni og er notast vi\u00f0 n\u00e1tt\u00faruleg og endurunninn hr\u00e1efni \u00ed framlei\u00f0slu \u00e1 gleraugunum.\" \/>\n<meta property=\"og:url\" content=\"https:\/\/dutyfree.eyesland.is\/en\/vara\/neubau-43\/\" \/>\n<meta property=\"og:site_name\" content=\"Dutyfree Eyesland\" \/>\n<meta property=\"article:modified_time\" content=\"2026-01-29T13:09:09+00:00\" \/>\n<meta property=\"og:image\" content=\"https:\/\/dutyfree.eyesland.is\/wp-content\/uploads\/2023\/01\/ce2b8934-01f4-41a2-a0b3-edcc05611b7d.png\" \/>\n\t<meta property=\"og:image:width\" content=\"3587\" \/>\n\t<meta property=\"og:image:height\" content=\"1312\" \/>\n\t<meta property=\"og:image:type\" content=\"image\/png\" \/>\n<meta name=\"twitter:card\" content=\"summary_large_image\" \/>\n<script type=\"application\/ld+json\" class=\"yoast-schema-graph\">{\"@context\":\"https:\\\/\\\/schema.org\",\"@graph\":[{\"@type\":\"WebPage\",\"@id\":\"https:\\\/\\\/dutyfree.eyesland.is\\\/vara\\\/neubau-43\\\/\",\"url\":\"https:\\\/\\\/dutyfree.eyesland.is\\\/vara\\\/neubau-43\\\/\",\"name\":\"NEUBAU Alena - Dutyfree Eyesland\",\"isPartOf\":{\"@id\":\"https:\\\/\\\/dutyfree.eyesland.is\\\/#website\"},\"primaryImageOfPage\":{\"@id\":\"https:\\\/\\\/dutyfree.eyesland.is\\\/vara\\\/neubau-43\\\/#primaryimage\"},\"image\":{\"@id\":\"https:\\\/\\\/dutyfree.eyesland.is\\\/vara\\\/neubau-43\\\/#primaryimage\"},\"thumbnailUrl\":\"https:\\\/\\\/dutyfree.eyesland.is\\\/wp-content\\\/uploads\\\/2023\\\/01\\\/ce2b8934-01f4-41a2-a0b3-edcc05611b7d.png\",\"datePublished\":\"2022-10-18T10:23:19+00:00\",\"dateModified\":\"2026-01-29T13:09:09+00:00\",\"breadcrumb\":{\"@id\":\"https:\\\/\\\/dutyfree.eyesland.is\\\/vara\\\/neubau-43\\\/#breadcrumb\"},\"inLanguage\":\"en-US\",\"potentialAction\":[{\"@type\":\"ReadAction\",\"target\":[\"https:\\\/\\\/dutyfree.eyesland.is\\\/vara\\\/neubau-43\\\/\"]}]},{\"@type\":\"ImageObject\",\"inLanguage\":\"en-US\",\"@id\":\"https:\\\/\\\/dutyfree.eyesland.is\\\/vara\\\/neubau-43\\\/#primaryimage\",\"url\":\"https:\\\/\\\/dutyfree.eyesland.is\\\/wp-content\\\/uploads\\\/2023\\\/01\\\/ce2b8934-01f4-41a2-a0b3-edcc05611b7d.png\",\"contentUrl\":\"https:\\\/\\\/dutyfree.eyesland.is\\\/wp-content\\\/uploads\\\/2023\\\/01\\\/ce2b8934-01f4-41a2-a0b3-edcc05611b7d.png\",\"width\":3587,\"height\":1312},{\"@type\":\"BreadcrumbList\",\"@id\":\"https:\\\/\\\/dutyfree.eyesland.is\\\/vara\\\/neubau-43\\\/#breadcrumb\",\"itemListElement\":[{\"@type\":\"ListItem\",\"position\":1,\"name\":\"Home\",\"item\":\"https:\\\/\\\/dutyfree.eyesland.is\\\/\"},{\"@type\":\"ListItem\",\"position\":2,\"name\":\"NEUBAU Alena\"}]},{\"@type\":\"WebSite\",\"@id\":\"https:\\\/\\\/dutyfree.eyesland.is\\\/#website\",\"url\":\"https:\\\/\\\/dutyfree.eyesland.is\\\/\",\"name\":\"Dutyfree Eyesland\",\"description\":\"Dutyfree Eyesland gleraugnaverslun b\u00fd\u00f0ur upp\u00e1 miki\u00f0 og vanda\u00f0 \u00farval af merkja gleraugum. Sko\u00f0a\u00f0u \u00farvali\u00f0 strax \u00ed dag.\",\"potentialAction\":[{\"@type\":\"SearchAction\",\"target\":{\"@type\":\"EntryPoint\",\"urlTemplate\":\"https:\\\/\\\/dutyfree.eyesland.is\\\/?s={search_term_string}\"},\"query-input\":{\"@type\":\"PropertyValueSpecification\",\"valueRequired\":true,\"valueName\":\"search_term_string\"}}],\"inLanguage\":\"en-US\"}]}<\/script>\n<!-- \/ Yoast SEO plugin. -->","yoast_head_json":{"title":"NEUBAU Alena - Dutyfree Eyesland","robots":{"index":"index","follow":"follow","max-snippet":"max-snippet:-1","max-image-preview":"max-image-preview:large","max-video-preview":"max-video-preview:-1"},"canonical":"https:\/\/dutyfree.eyesland.is\/en\/vara\/neubau-43\/","og_locale":"en_US","og_type":"article","og_title":"NEUBAU Alena - Dutyfree Eyesland","og_description":"St\u00e6r\u00f0:&nbsp;56\/13\/135 mm Neubau Alena er unnin \u00far h\u00e1g\u00e6\u00f0a titanium og n\u00e1tt\u00farulegu Acetate, sem er unni\u00f0 \u00far b\u00f3mull og vi\u00f0. Neubau leggur \u00e1herslu sj\u00e1lfb\u00e6rni og er notast vi\u00f0 n\u00e1tt\u00faruleg og endurunninn hr\u00e1efni \u00ed framlei\u00f0slu \u00e1 gleraugunum.","og_url":"https:\/\/dutyfree.eyesland.is\/en\/vara\/neubau-43\/","og_site_name":"Dutyfree Eyesland","article_modified_time":"2026-01-29T13:09:09+00:00","og_image":[{"width":3587,"height":1312,"url":"https:\/\/dutyfree.eyesland.is\/wp-content\/uploads\/2023\/01\/ce2b8934-01f4-41a2-a0b3-edcc05611b7d.png","type":"image\/png"}],"twitter_card":"summary_large_image","schema":{"@context":"https:\/\/schema.org","@graph":[{"@type":"WebPage","@id":"https:\/\/dutyfree.eyesland.is\/vara\/neubau-43\/","url":"https:\/\/dutyfree.eyesland.is\/vara\/neubau-43\/","name":"NEUBAU Alena - Dutyfree Eyesland","isPartOf":{"@id":"https:\/\/dutyfree.eyesland.is\/#website"},"primaryImageOfPage":{"@id":"https:\/\/dutyfree.eyesland.is\/vara\/neubau-43\/#primaryimage"},"image":{"@id":"https:\/\/dutyfree.eyesland.is\/vara\/neubau-43\/#primaryimage"},"thumbnailUrl":"https:\/\/dutyfree.eyesland.is\/wp-content\/uploads\/2023\/01\/ce2b8934-01f4-41a2-a0b3-edcc05611b7d.png","datePublished":"2022-10-18T10:23:19+00:00","dateModified":"2026-01-29T13:09:09+00:00","breadcrumb":{"@id":"https:\/\/dutyfree.eyesland.is\/vara\/neubau-43\/#breadcrumb"},"inLanguage":"en-US","potentialAction":[{"@type":"ReadAction","target":["https:\/\/dutyfree.eyesland.is\/vara\/neubau-43\/"]}]},{"@type":"ImageObject","inLanguage":"en-US","@id":"https:\/\/dutyfree.eyesland.is\/vara\/neubau-43\/#primaryimage","url":"https:\/\/dutyfree.eyesland.is\/wp-content\/uploads\/2023\/01\/ce2b8934-01f4-41a2-a0b3-edcc05611b7d.png","contentUrl":"https:\/\/dutyfree.eyesland.is\/wp-content\/uploads\/2023\/01\/ce2b8934-01f4-41a2-a0b3-edcc05611b7d.png","width":3587,"height":1312},{"@type":"BreadcrumbList","@id":"https:\/\/dutyfree.eyesland.is\/vara\/neubau-43\/#breadcrumb","itemListElement":[{"@type":"ListItem","position":1,"name":"Home","item":"https:\/\/dutyfree.eyesland.is\/"},{"@type":"ListItem","position":2,"name":"NEUBAU Alena"}]},{"@type":"WebSite","@id":"https:\/\/dutyfree.eyesland.is\/#website","url":"https:\/\/dutyfree.eyesland.is\/","name":"Dutyfree Eyesland","description":"Dutyfree Eyesland gleraugnaverslun b\u00fd\u00f0ur upp\u00e1 miki\u00f0 og vanda\u00f0 \u00farval af merkja gleraugum. Sko\u00f0a\u00f0u \u00farvali\u00f0 strax \u00ed dag.","potentialAction":[{"@type":"SearchAction","target":{"@type":"EntryPoint","urlTemplate":"https:\/\/dutyfree.eyesland.is\/?s={search_term_string}"},"query-input":{"@type":"PropertyValueSpecification","valueRequired":true,"valueName":"search_term_string"}}],"inLanguage":"en-US"}]}},"brands":[],"_links":{"self":[{"href":"https:\/\/dutyfree.eyesland.is\/en\/wp-json\/wp\/v2\/product\/11146","targetHints":{"allow":["GET"]}}],"collection":[{"href":"https:\/\/dutyfree.eyesland.is\/en\/wp-json\/wp\/v2\/product"}],"about":[{"href":"https:\/\/dutyfree.eyesland.is\/en\/wp-json\/wp\/v2\/types\/product"}],"wp:featuredmedia":[{"embeddable":true,"href":"https:\/\/dutyfree.eyesland.is\/en\/wp-json\/wp\/v2\/media\/12522"}],"wp:attachment":[{"href":"https:\/\/dutyfree.eyesland.is\/en\/wp-json\/wp\/v2\/media?parent=11146"}],"wp:term":[{"taxonomy":"pwb-brand","embeddable":true,"href":"https:\/\/dutyfree.eyesland.is\/en\/wp-json\/wp\/v2\/pwb-brand?post=11146"},{"taxonomy":"product_brand","embeddable":true,"href":"https:\/\/dutyfree.eyesland.is\/en\/wp-json\/wp\/v2\/product_brand?post=11146"},{"taxonomy":"product_cat","embeddable":true,"href":"https:\/\/dutyfree.eyesland.is\/en\/wp-json\/wp\/v2\/product_cat?post=11146"},{"taxonomy":"product_tag","embeddable":true,"href":"https:\/\/dutyfree.eyesland.is\/en\/wp-json\/wp\/v2\/product_tag?post=11146"}],"curies":[{"name":"wp","href":"https:\/\/api.w.org\/{rel}","templated":true}]}}