{"id":11156,"date":"2022-10-12T14:23:10","date_gmt":"2022-10-12T14:23:10","guid":{"rendered":"https:\/\/eyesland.is\/?post_type=product&#038;p=11156"},"modified":"2026-02-15T22:09:16","modified_gmt":"2026-02-15T22:09:16","slug":"neubau-36","status":"publish","type":"product","link":"https:\/\/dutyfree.eyesland.is\/en\/vara\/neubau-36\/","title":{"rendered":"NEUBAU Charlie"},"content":{"rendered":"<p>St\u00e6r\u00f0:&nbsp;56\/16\/145 mm<\/p>\n<p>Neubau Charlie gleraugun eru unnin \u00far NaturalPX , sem er m.a. 65% l\u00edfr\u00e6n laxerol\u00eda. Me\u00f0 notkun \u00e1 NaturalPX hefur kolefnispori\u00f0 l\u00e6kka\u00f0 \u00ed framlei\u00f0sluferlinu.<\/p>\n<p>Neaubau leggur \u00e1herslu \u00e1 sj\u00e1lfb\u00e6rni og notast vi\u00f0 n\u00e1tt\u00faruleg og endurunninn hr\u00e1efni \u00ed framlei\u00f0slu \u00e1 gleraugunum.<\/p>","protected":false},"excerpt":{"rendered":"<p>St\u00e6r\u00f0:&nbsp;56\/16\/145 mm Neubau Charlie gleraugun eru unnin \u00far NaturalPX , sem er m.a. 65% l\u00edfr\u00e6n laxerol\u00eda. Me\u00f0 notkun \u00e1 NaturalPX hefur kolefnispori\u00f0 l\u00e6kka\u00f0 \u00ed framlei\u00f0sluferlinu. Neaubau leggur \u00e1herslu \u00e1 sj\u00e1lfb\u00e6rni og notast vi\u00f0 n\u00e1tt\u00faruleg og endurunninn hr\u00e1efni \u00ed framlei\u00f0slu \u00e1 gleraugunum.<\/p>","protected":false},"featured_media":15907,"template":"","meta":{"_acf_changed":false,"inline_featured_image":false},"pwb-brand":[],"product_brand":[263],"product_cat":[171],"product_tag":[32,31,264],"class_list":{"0":"post-11156","1":"product","2":"type-product","3":"status-publish","4":"has-post-thumbnail","6":"product_brand-neubau","7":"product_cat-gleraugu","8":"product_tag-karlar","9":"product_tag-konur","10":"product_tag-neubau","11":"pa_size-m","13":"first","14":"outofstock","15":"taxable","16":"shipping-taxable","17":"product-type-simple"},"acf":[],"yoast_head":"<!-- This site is optimized with the Yoast SEO plugin v27.2 - https:\/\/yoast.com\/product\/yoast-seo-wordpress\/ -->\n<title>NEUBAU Charlie - Dutyfree Eyesland<\/title>\n<meta name=\"robots\" content=\"index, follow, max-snippet:-1, max-image-preview:large, max-video-preview:-1\" \/>\n<link rel=\"canonical\" href=\"https:\/\/dutyfree.eyesland.is\/en\/vara\/neubau-36\/\" \/>\n<meta property=\"og:locale\" content=\"en_US\" \/>\n<meta property=\"og:type\" content=\"article\" \/>\n<meta property=\"og:title\" content=\"NEUBAU Charlie - Dutyfree Eyesland\" \/>\n<meta property=\"og:description\" content=\"St\u00e6r\u00f0:&nbsp;56\/16\/145 mm Neubau Charlie gleraugun eru unnin \u00far NaturalPX , sem er m.a. 65% l\u00edfr\u00e6n laxerol\u00eda. Me\u00f0 notkun \u00e1 NaturalPX hefur kolefnispori\u00f0 l\u00e6kka\u00f0 \u00ed framlei\u00f0sluferlinu. Neaubau leggur \u00e1herslu \u00e1 sj\u00e1lfb\u00e6rni og notast vi\u00f0 n\u00e1tt\u00faruleg og endurunninn hr\u00e1efni \u00ed framlei\u00f0slu \u00e1 gleraugunum.\" \/>\n<meta property=\"og:url\" content=\"https:\/\/dutyfree.eyesland.is\/en\/vara\/neubau-36\/\" \/>\n<meta property=\"og:site_name\" content=\"Dutyfree Eyesland\" \/>\n<meta property=\"article:modified_time\" content=\"2026-02-15T22:09:16+00:00\" \/>\n<meta property=\"og:image\" content=\"https:\/\/dutyfree.eyesland.is\/wp-content\/uploads\/2023\/01\/cbe1f6bc-a0b1-4827-b3ea-bb5cef6be318-scaled.jpg\" \/>\n\t<meta property=\"og:image:width\" content=\"2560\" \/>\n\t<meta property=\"og:image:height\" content=\"1440\" \/>\n\t<meta property=\"og:image:type\" content=\"image\/jpeg\" \/>\n<meta name=\"twitter:card\" content=\"summary_large_image\" \/>\n<script type=\"application\/ld+json\" class=\"yoast-schema-graph\">{\"@context\":\"https:\/\/schema.org\",\"@graph\":[{\"@type\":\"WebPage\",\"@id\":\"https:\/\/dutyfree.eyesland.is\/vara\/neubau-36\/\",\"url\":\"https:\/\/dutyfree.eyesland.is\/vara\/neubau-36\/\",\"name\":\"NEUBAU Charlie - Dutyfree Eyesland\",\"isPartOf\":{\"@id\":\"https:\/\/dutyfree.eyesland.is\/#website\"},\"primaryImageOfPage\":{\"@id\":\"https:\/\/dutyfree.eyesland.is\/vara\/neubau-36\/#primaryimage\"},\"image\":{\"@id\":\"https:\/\/dutyfree.eyesland.is\/vara\/neubau-36\/#primaryimage\"},\"thumbnailUrl\":\"https:\/\/dutyfree.eyesland.is\/wp-content\/uploads\/2023\/10\/7e35102a-7a4f-403a-a408-65751389db6c.png\",\"datePublished\":\"2022-10-12T14:23:10+00:00\",\"dateModified\":\"2026-02-15T22:09:16+00:00\",\"breadcrumb\":{\"@id\":\"https:\/\/dutyfree.eyesland.is\/vara\/neubau-36\/#breadcrumb\"},\"inLanguage\":\"en-US\",\"potentialAction\":[{\"@type\":\"ReadAction\",\"target\":[\"https:\/\/dutyfree.eyesland.is\/vara\/neubau-36\/\"]}]},{\"@type\":\"ImageObject\",\"inLanguage\":\"en-US\",\"@id\":\"https:\/\/dutyfree.eyesland.is\/vara\/neubau-36\/#primaryimage\",\"url\":\"https:\/\/dutyfree.eyesland.is\/wp-content\/uploads\/2023\/10\/7e35102a-7a4f-403a-a408-65751389db6c.png\",\"contentUrl\":\"https:\/\/dutyfree.eyesland.is\/wp-content\/uploads\/2023\/10\/7e35102a-7a4f-403a-a408-65751389db6c.png\",\"width\":3713,\"height\":1440},{\"@type\":\"BreadcrumbList\",\"@id\":\"https:\/\/dutyfree.eyesland.is\/vara\/neubau-36\/#breadcrumb\",\"itemListElement\":[{\"@type\":\"ListItem\",\"position\":1,\"name\":\"Home\",\"item\":\"https:\/\/dutyfree.eyesland.is\/\"},{\"@type\":\"ListItem\",\"position\":2,\"name\":\"NEUBAU Charlie\"}]},{\"@type\":\"WebSite\",\"@id\":\"https:\/\/dutyfree.eyesland.is\/#website\",\"url\":\"https:\/\/dutyfree.eyesland.is\/\",\"name\":\"Dutyfree Eyesland\",\"description\":\"Dutyfree Eyesland gleraugnaverslun b\u00fd\u00f0ur upp\u00e1 miki\u00f0 og vanda\u00f0 \u00farval af merkja gleraugum. Sko\u00f0a\u00f0u \u00farvali\u00f0 strax \u00ed dag.\",\"potentialAction\":[{\"@type\":\"SearchAction\",\"target\":{\"@type\":\"EntryPoint\",\"urlTemplate\":\"https:\/\/dutyfree.eyesland.is\/?s={search_term_string}\"},\"query-input\":{\"@type\":\"PropertyValueSpecification\",\"valueRequired\":true,\"valueName\":\"search_term_string\"}}],\"inLanguage\":\"en-US\"}]}<\/script>\n<!-- \/ Yoast SEO plugin. -->","yoast_head_json":{"title":"NEUBAU Charlie - Dutyfree Eyesland","robots":{"index":"index","follow":"follow","max-snippet":"max-snippet:-1","max-image-preview":"max-image-preview:large","max-video-preview":"max-video-preview:-1"},"canonical":"https:\/\/dutyfree.eyesland.is\/en\/vara\/neubau-36\/","og_locale":"en_US","og_type":"article","og_title":"NEUBAU Charlie - Dutyfree Eyesland","og_description":"St\u00e6r\u00f0:&nbsp;56\/16\/145 mm Neubau Charlie gleraugun eru unnin \u00far NaturalPX , sem er m.a. 65% l\u00edfr\u00e6n laxerol\u00eda. Me\u00f0 notkun \u00e1 NaturalPX hefur kolefnispori\u00f0 l\u00e6kka\u00f0 \u00ed framlei\u00f0sluferlinu. Neaubau leggur \u00e1herslu \u00e1 sj\u00e1lfb\u00e6rni og notast vi\u00f0 n\u00e1tt\u00faruleg og endurunninn hr\u00e1efni \u00ed framlei\u00f0slu \u00e1 gleraugunum.","og_url":"https:\/\/dutyfree.eyesland.is\/en\/vara\/neubau-36\/","og_site_name":"Dutyfree Eyesland","article_modified_time":"2026-02-15T22:09:16+00:00","og_image":[{"width":2560,"height":1440,"url":"https:\/\/dutyfree.eyesland.is\/wp-content\/uploads\/2023\/01\/cbe1f6bc-a0b1-4827-b3ea-bb5cef6be318-scaled.jpg","type":"image\/jpeg"}],"twitter_card":"summary_large_image","schema":{"@context":"https:\/\/schema.org","@graph":[{"@type":"WebPage","@id":"https:\/\/dutyfree.eyesland.is\/vara\/neubau-36\/","url":"https:\/\/dutyfree.eyesland.is\/vara\/neubau-36\/","name":"NEUBAU Charlie - Dutyfree Eyesland","isPartOf":{"@id":"https:\/\/dutyfree.eyesland.is\/#website"},"primaryImageOfPage":{"@id":"https:\/\/dutyfree.eyesland.is\/vara\/neubau-36\/#primaryimage"},"image":{"@id":"https:\/\/dutyfree.eyesland.is\/vara\/neubau-36\/#primaryimage"},"thumbnailUrl":"https:\/\/dutyfree.eyesland.is\/wp-content\/uploads\/2023\/10\/7e35102a-7a4f-403a-a408-65751389db6c.png","datePublished":"2022-10-12T14:23:10+00:00","dateModified":"2026-02-15T22:09:16+00:00","breadcrumb":{"@id":"https:\/\/dutyfree.eyesland.is\/vara\/neubau-36\/#breadcrumb"},"inLanguage":"en-US","potentialAction":[{"@type":"ReadAction","target":["https:\/\/dutyfree.eyesland.is\/vara\/neubau-36\/"]}]},{"@type":"ImageObject","inLanguage":"en-US","@id":"https:\/\/dutyfree.eyesland.is\/vara\/neubau-36\/#primaryimage","url":"https:\/\/dutyfree.eyesland.is\/wp-content\/uploads\/2023\/10\/7e35102a-7a4f-403a-a408-65751389db6c.png","contentUrl":"https:\/\/dutyfree.eyesland.is\/wp-content\/uploads\/2023\/10\/7e35102a-7a4f-403a-a408-65751389db6c.png","width":3713,"height":1440},{"@type":"BreadcrumbList","@id":"https:\/\/dutyfree.eyesland.is\/vara\/neubau-36\/#breadcrumb","itemListElement":[{"@type":"ListItem","position":1,"name":"Home","item":"https:\/\/dutyfree.eyesland.is\/"},{"@type":"ListItem","position":2,"name":"NEUBAU Charlie"}]},{"@type":"WebSite","@id":"https:\/\/dutyfree.eyesland.is\/#website","url":"https:\/\/dutyfree.eyesland.is\/","name":"Dutyfree Eyesland","description":"Dutyfree Eyesland gleraugnaverslun b\u00fd\u00f0ur upp\u00e1 miki\u00f0 og vanda\u00f0 \u00farval af merkja gleraugum. Sko\u00f0a\u00f0u \u00farvali\u00f0 strax \u00ed dag.","potentialAction":[{"@type":"SearchAction","target":{"@type":"EntryPoint","urlTemplate":"https:\/\/dutyfree.eyesland.is\/?s={search_term_string}"},"query-input":{"@type":"PropertyValueSpecification","valueRequired":true,"valueName":"search_term_string"}}],"inLanguage":"en-US"}]}},"brands":[],"_links":{"self":[{"href":"https:\/\/dutyfree.eyesland.is\/en\/wp-json\/wp\/v2\/product\/11156","targetHints":{"allow":["GET"]}}],"collection":[{"href":"https:\/\/dutyfree.eyesland.is\/en\/wp-json\/wp\/v2\/product"}],"about":[{"href":"https:\/\/dutyfree.eyesland.is\/en\/wp-json\/wp\/v2\/types\/product"}],"wp:featuredmedia":[{"embeddable":true,"href":"https:\/\/dutyfree.eyesland.is\/en\/wp-json\/wp\/v2\/media\/15907"}],"wp:attachment":[{"href":"https:\/\/dutyfree.eyesland.is\/en\/wp-json\/wp\/v2\/media?parent=11156"}],"wp:term":[{"taxonomy":"pwb-brand","embeddable":true,"href":"https:\/\/dutyfree.eyesland.is\/en\/wp-json\/wp\/v2\/pwb-brand?post=11156"},{"taxonomy":"product_brand","embeddable":true,"href":"https:\/\/dutyfree.eyesland.is\/en\/wp-json\/wp\/v2\/product_brand?post=11156"},{"taxonomy":"product_cat","embeddable":true,"href":"https:\/\/dutyfree.eyesland.is\/en\/wp-json\/wp\/v2\/product_cat?post=11156"},{"taxonomy":"product_tag","embeddable":true,"href":"https:\/\/dutyfree.eyesland.is\/en\/wp-json\/wp\/v2\/product_tag?post=11156"}],"curies":[{"name":"wp","href":"https:\/\/api.w.org\/{rel}","templated":true}]}}