{"id":12278,"date":"2023-01-05T12:23:41","date_gmt":"2023-01-05T12:23:41","guid":{"rendered":"https:\/\/eyesland.is\/?post_type=product&#038;p=12278"},"modified":"2026-02-15T22:32:02","modified_gmt":"2026-02-15T22:32:02","slug":"neubau-otto","status":"publish","type":"product","link":"https:\/\/dutyfree.eyesland.is\/en\/vara\/neubau-otto\/","title":{"rendered":"NEUBAU Otto"},"content":{"rendered":"<p>St\u00e6r\u00f0: 56\/16\/140<\/p>\n<p>Neubau Otto gleraugun eru unnin \u00far h\u00e1g\u00e6\u00f0a titanium.<\/p>\n<p>Neubau leggur \u00e1herslu \u00e1 sj\u00e1lfb\u00e6rni og notast vi\u00f0 n\u00e1tt\u00faruleg og endurunninn hr\u00e1efni \u00ed framlei\u00f0slu \u00e1 gleraugunum.&nbsp;<\/p>","protected":false},"excerpt":{"rendered":"<p>St\u00e6r\u00f0: 56\/16\/140 Neubau Otto gleraugun eru unnin \u00far h\u00e1g\u00e6\u00f0a titanium. Neubau leggur \u00e1herslu \u00e1 sj\u00e1lfb\u00e6rni og notast vi\u00f0 n\u00e1tt\u00faruleg og endurunninn hr\u00e1efni \u00ed framlei\u00f0slu \u00e1 gleraugunum.&nbsp;<\/p>","protected":false},"featured_media":15913,"template":"","meta":{"_acf_changed":false,"inline_featured_image":false},"pwb-brand":[],"product_brand":[263],"product_cat":[171],"product_tag":[264],"class_list":{"0":"post-12278","1":"product","2":"type-product","3":"status-publish","4":"has-post-thumbnail","6":"product_brand-neubau","7":"product_cat-gleraugu","8":"product_tag-neubau","10":"first","11":"outofstock","12":"taxable","13":"shipping-taxable","14":"product-type-simple"},"acf":[],"yoast_head":"<!-- This site is optimized with the Yoast SEO plugin v27.4 - https:\/\/yoast.com\/product\/yoast-seo-wordpress\/ -->\n<title>NEUBAU Otto - Dutyfree Eyesland<\/title>\n<meta name=\"robots\" content=\"index, follow, max-snippet:-1, max-image-preview:large, max-video-preview:-1\" \/>\n<link rel=\"canonical\" href=\"https:\/\/dutyfree.eyesland.is\/en\/vara\/neubau-otto\/\" \/>\n<meta property=\"og:locale\" content=\"en_US\" \/>\n<meta property=\"og:type\" content=\"article\" \/>\n<meta property=\"og:title\" content=\"NEUBAU Otto - Dutyfree Eyesland\" \/>\n<meta property=\"og:description\" content=\"St\u00e6r\u00f0: 56\/16\/140 Neubau Otto gleraugun eru unnin \u00far h\u00e1g\u00e6\u00f0a titanium. Neubau leggur \u00e1herslu \u00e1 sj\u00e1lfb\u00e6rni og notast vi\u00f0 n\u00e1tt\u00faruleg og endurunninn hr\u00e1efni \u00ed framlei\u00f0slu \u00e1 gleraugunum.&nbsp;\" \/>\n<meta property=\"og:url\" content=\"https:\/\/dutyfree.eyesland.is\/en\/vara\/neubau-otto\/\" \/>\n<meta property=\"og:site_name\" content=\"Dutyfree Eyesland\" \/>\n<meta property=\"article:modified_time\" content=\"2026-02-15T22:32:02+00:00\" \/>\n<meta name=\"twitter:card\" content=\"summary_large_image\" \/>\n<script type=\"application\/ld+json\" class=\"yoast-schema-graph\">{\"@context\":\"https:\\\/\\\/schema.org\",\"@graph\":[{\"@type\":\"WebPage\",\"@id\":\"https:\\\/\\\/dutyfree.eyesland.is\\\/vara\\\/neubau-otto\\\/\",\"url\":\"https:\\\/\\\/dutyfree.eyesland.is\\\/vara\\\/neubau-otto\\\/\",\"name\":\"NEUBAU Otto - Dutyfree Eyesland\",\"isPartOf\":{\"@id\":\"https:\\\/\\\/dutyfree.eyesland.is\\\/#website\"},\"primaryImageOfPage\":{\"@id\":\"https:\\\/\\\/dutyfree.eyesland.is\\\/vara\\\/neubau-otto\\\/#primaryimage\"},\"image\":{\"@id\":\"https:\\\/\\\/dutyfree.eyesland.is\\\/vara\\\/neubau-otto\\\/#primaryimage\"},\"thumbnailUrl\":\"https:\\\/\\\/dutyfree.eyesland.is\\\/wp-content\\\/uploads\\\/2023\\\/10\\\/433ee950-d3aa-47c3-bb88-5215223690c5.png\",\"datePublished\":\"2023-01-05T12:23:41+00:00\",\"dateModified\":\"2026-02-15T22:32:02+00:00\",\"breadcrumb\":{\"@id\":\"https:\\\/\\\/dutyfree.eyesland.is\\\/vara\\\/neubau-otto\\\/#breadcrumb\"},\"inLanguage\":\"en-US\",\"potentialAction\":[{\"@type\":\"ReadAction\",\"target\":[\"https:\\\/\\\/dutyfree.eyesland.is\\\/vara\\\/neubau-otto\\\/\"]}]},{\"@type\":\"ImageObject\",\"inLanguage\":\"en-US\",\"@id\":\"https:\\\/\\\/dutyfree.eyesland.is\\\/vara\\\/neubau-otto\\\/#primaryimage\",\"url\":\"https:\\\/\\\/dutyfree.eyesland.is\\\/wp-content\\\/uploads\\\/2023\\\/10\\\/433ee950-d3aa-47c3-bb88-5215223690c5.png\",\"contentUrl\":\"https:\\\/\\\/dutyfree.eyesland.is\\\/wp-content\\\/uploads\\\/2023\\\/10\\\/433ee950-d3aa-47c3-bb88-5215223690c5.png\",\"width\":3827,\"height\":1423},{\"@type\":\"BreadcrumbList\",\"@id\":\"https:\\\/\\\/dutyfree.eyesland.is\\\/vara\\\/neubau-otto\\\/#breadcrumb\",\"itemListElement\":[{\"@type\":\"ListItem\",\"position\":1,\"name\":\"Home\",\"item\":\"https:\\\/\\\/dutyfree.eyesland.is\\\/\"},{\"@type\":\"ListItem\",\"position\":2,\"name\":\"NEUBAU Otto\"}]},{\"@type\":\"WebSite\",\"@id\":\"https:\\\/\\\/dutyfree.eyesland.is\\\/#website\",\"url\":\"https:\\\/\\\/dutyfree.eyesland.is\\\/\",\"name\":\"Dutyfree Eyesland\",\"description\":\"Dutyfree Eyesland gleraugnaverslun b\u00fd\u00f0ur upp\u00e1 miki\u00f0 og vanda\u00f0 \u00farval af merkja gleraugum. Sko\u00f0a\u00f0u \u00farvali\u00f0 strax \u00ed dag.\",\"potentialAction\":[{\"@type\":\"SearchAction\",\"target\":{\"@type\":\"EntryPoint\",\"urlTemplate\":\"https:\\\/\\\/dutyfree.eyesland.is\\\/?s={search_term_string}\"},\"query-input\":{\"@type\":\"PropertyValueSpecification\",\"valueRequired\":true,\"valueName\":\"search_term_string\"}}],\"inLanguage\":\"en-US\"}]}<\/script>\n<!-- \/ Yoast SEO plugin. -->","yoast_head_json":{"title":"NEUBAU Otto - Dutyfree Eyesland","robots":{"index":"index","follow":"follow","max-snippet":"max-snippet:-1","max-image-preview":"max-image-preview:large","max-video-preview":"max-video-preview:-1"},"canonical":"https:\/\/dutyfree.eyesland.is\/en\/vara\/neubau-otto\/","og_locale":"en_US","og_type":"article","og_title":"NEUBAU Otto - Dutyfree Eyesland","og_description":"St\u00e6r\u00f0: 56\/16\/140 Neubau Otto gleraugun eru unnin \u00far h\u00e1g\u00e6\u00f0a titanium. Neubau leggur \u00e1herslu \u00e1 sj\u00e1lfb\u00e6rni og notast vi\u00f0 n\u00e1tt\u00faruleg og endurunninn hr\u00e1efni \u00ed framlei\u00f0slu \u00e1 gleraugunum.&nbsp;","og_url":"https:\/\/dutyfree.eyesland.is\/en\/vara\/neubau-otto\/","og_site_name":"Dutyfree Eyesland","article_modified_time":"2026-02-15T22:32:02+00:00","twitter_card":"summary_large_image","schema":{"@context":"https:\/\/schema.org","@graph":[{"@type":"WebPage","@id":"https:\/\/dutyfree.eyesland.is\/vara\/neubau-otto\/","url":"https:\/\/dutyfree.eyesland.is\/vara\/neubau-otto\/","name":"NEUBAU Otto - Dutyfree Eyesland","isPartOf":{"@id":"https:\/\/dutyfree.eyesland.is\/#website"},"primaryImageOfPage":{"@id":"https:\/\/dutyfree.eyesland.is\/vara\/neubau-otto\/#primaryimage"},"image":{"@id":"https:\/\/dutyfree.eyesland.is\/vara\/neubau-otto\/#primaryimage"},"thumbnailUrl":"https:\/\/dutyfree.eyesland.is\/wp-content\/uploads\/2023\/10\/433ee950-d3aa-47c3-bb88-5215223690c5.png","datePublished":"2023-01-05T12:23:41+00:00","dateModified":"2026-02-15T22:32:02+00:00","breadcrumb":{"@id":"https:\/\/dutyfree.eyesland.is\/vara\/neubau-otto\/#breadcrumb"},"inLanguage":"en-US","potentialAction":[{"@type":"ReadAction","target":["https:\/\/dutyfree.eyesland.is\/vara\/neubau-otto\/"]}]},{"@type":"ImageObject","inLanguage":"en-US","@id":"https:\/\/dutyfree.eyesland.is\/vara\/neubau-otto\/#primaryimage","url":"https:\/\/dutyfree.eyesland.is\/wp-content\/uploads\/2023\/10\/433ee950-d3aa-47c3-bb88-5215223690c5.png","contentUrl":"https:\/\/dutyfree.eyesland.is\/wp-content\/uploads\/2023\/10\/433ee950-d3aa-47c3-bb88-5215223690c5.png","width":3827,"height":1423},{"@type":"BreadcrumbList","@id":"https:\/\/dutyfree.eyesland.is\/vara\/neubau-otto\/#breadcrumb","itemListElement":[{"@type":"ListItem","position":1,"name":"Home","item":"https:\/\/dutyfree.eyesland.is\/"},{"@type":"ListItem","position":2,"name":"NEUBAU Otto"}]},{"@type":"WebSite","@id":"https:\/\/dutyfree.eyesland.is\/#website","url":"https:\/\/dutyfree.eyesland.is\/","name":"Dutyfree Eyesland","description":"Dutyfree Eyesland gleraugnaverslun b\u00fd\u00f0ur upp\u00e1 miki\u00f0 og vanda\u00f0 \u00farval af merkja gleraugum. Sko\u00f0a\u00f0u \u00farvali\u00f0 strax \u00ed dag.","potentialAction":[{"@type":"SearchAction","target":{"@type":"EntryPoint","urlTemplate":"https:\/\/dutyfree.eyesland.is\/?s={search_term_string}"},"query-input":{"@type":"PropertyValueSpecification","valueRequired":true,"valueName":"search_term_string"}}],"inLanguage":"en-US"}]}},"brands":[],"_links":{"self":[{"href":"https:\/\/dutyfree.eyesland.is\/en\/wp-json\/wp\/v2\/product\/12278","targetHints":{"allow":["GET"]}}],"collection":[{"href":"https:\/\/dutyfree.eyesland.is\/en\/wp-json\/wp\/v2\/product"}],"about":[{"href":"https:\/\/dutyfree.eyesland.is\/en\/wp-json\/wp\/v2\/types\/product"}],"wp:featuredmedia":[{"embeddable":true,"href":"https:\/\/dutyfree.eyesland.is\/en\/wp-json\/wp\/v2\/media\/15913"}],"wp:attachment":[{"href":"https:\/\/dutyfree.eyesland.is\/en\/wp-json\/wp\/v2\/media?parent=12278"}],"wp:term":[{"taxonomy":"pwb-brand","embeddable":true,"href":"https:\/\/dutyfree.eyesland.is\/en\/wp-json\/wp\/v2\/pwb-brand?post=12278"},{"taxonomy":"product_brand","embeddable":true,"href":"https:\/\/dutyfree.eyesland.is\/en\/wp-json\/wp\/v2\/product_brand?post=12278"},{"taxonomy":"product_cat","embeddable":true,"href":"https:\/\/dutyfree.eyesland.is\/en\/wp-json\/wp\/v2\/product_cat?post=12278"},{"taxonomy":"product_tag","embeddable":true,"href":"https:\/\/dutyfree.eyesland.is\/en\/wp-json\/wp\/v2\/product_tag?post=12278"}],"curies":[{"name":"wp","href":"https:\/\/api.w.org\/{rel}","templated":true}]}}