{"id":15028,"date":"2023-04-26T14:10:08","date_gmt":"2023-04-26T14:10:08","guid":{"rendered":"https:\/\/dutyfree.eyesland.is\/vara\/poc-do-half-blade\/"},"modified":"2026-03-11T16:09:27","modified_gmt":"2026-03-11T16:09:27","slug":"poc-do-half-blade","status":"publish","type":"product","link":"https:\/\/dutyfree.eyesland.is\/en\/vara\/poc-do-half-blade\/","title":{"rendered":"POC DO HALF BLADE"},"content":{"rendered":"<p>Poc Do Half Blade eru \u00fativistargleraugu fyrir allar tegundir \u00fativistar og henta s\u00e9rstaklega vel fyrir fjallahj\u00f3lrei\u00f0ar, hj\u00f3lrei\u00f0ar, j\u00f6klafer\u00f0ir og fjallg\u00f6ngur, vegna \u00feess a\u00f0 gleraugun eru brei\u00f0 og hylja vel augnsv\u00e6\u00f0i\u00f0 fyrir vindi og s\u00f3l. Stillanlegir nefp\u00fa\u00f0ar, me\u00f0 gott grip og haldast vel \u00fe\u00f3 svo a\u00f0 \u00fea\u00f0 s\u00e9 rigning. L\u00e9tt gleraugu og armendar sitja vel \u00e1 andliti sem tryggir a\u00f0 gleraugun haldast vel \u00e1 andliti vi\u00f0 hinar \u00fdmsu a\u00f0st\u00e6\u00f0ur. Umgj\u00f6r\u00f0in er opin a\u00f0 hluta sem gerir \u00fea\u00f0<br \/>\na\u00f0 verkum a\u00f0 sj\u00f3nsvi\u00f0 st\u00e6kkar. M\u00f6guleiki er a\u00f0 skipta \u00fat linsum fyrir linsur me\u00f0 \u00f6\u00f0ru birtustigi. G\u00f3\u00f0 v\u00f6rn gegn \u00fatfj\u00f3lubl\u00e1um geislum (UV400)<\/p>\n<p>Clarity linsan \u00ed POC gleraugunum gefur \u00e1kaflega skarpa s\u00fdn \u00e1 umhverfi\u00f0 og hentar mj\u00f6g vel \u00fativistina. H\u00f6nnun og<br \/>\nframlei\u00f0sla \u00e1 Clarity linsunum var unnin \u00ed samstarfi vi\u00f0 glerframlei\u00f0andann Carl Zeiss.<\/p>\n<p>Lagi\u00f0 \u00e1 gleraugunum passar s\u00e9rstaklega vel me\u00f0 hj\u00e1lmum.<\/p>","protected":false},"excerpt":{"rendered":"<p>POC DO HALF BLADE&nbsp;&nbsp;\u2013 Fj\u00f3lubl\u00e1tt og gyllt speglagler \u2013 CAT 3<\/p>\n<p class=\"MsoNormal\" style=\"margin-bottom:0cm;line-height:normal;vertical-align:baseline\"><span style=\"font-size:12.0pt;mso-fareast-font-family:&quot;Times New Roman&quot;;mso-bidi-font-family:Calibri;mso-bidi-theme-font:minor-latin;color:#333333;mso-fareast-language:IS\"><o:p><\/o:p><\/span><\/p>","protected":false},"featured_media":15026,"template":"","meta":{"_acf_changed":false,"inline_featured_image":false},"pwb-brand":[],"product_brand":[79],"product_cat":[403],"product_tag":[214],"class_list":{"0":"post-15028","1":"product","2":"type-product","3":"status-publish","4":"has-post-thumbnail","6":"product_brand-poc","7":"product_cat-utivistargleraugu","8":"product_tag-poc","10":"first","11":"outofstock","12":"taxable","13":"shipping-taxable","14":"product-type-simple"},"acf":[],"yoast_head":"<!-- This site is optimized with the Yoast SEO plugin v27.4 - https:\/\/yoast.com\/product\/yoast-seo-wordpress\/ -->\n<title>POC DO HALF BLADE - Dutyfree Eyesland<\/title>\n<meta name=\"robots\" content=\"index, follow, max-snippet:-1, max-image-preview:large, max-video-preview:-1\" \/>\n<link rel=\"canonical\" href=\"https:\/\/dutyfree.eyesland.is\/en\/vara\/poc-do-half-blade\/\" \/>\n<meta property=\"og:locale\" content=\"en_US\" \/>\n<meta property=\"og:type\" content=\"article\" \/>\n<meta property=\"og:title\" content=\"POC DO HALF BLADE - Dutyfree Eyesland\" \/>\n<meta property=\"og:description\" content=\"POC DO HALF BLADE&nbsp;&nbsp;\u2013 Fj\u00f3lubl\u00e1tt og gyllt speglagler \u2013 CAT 3\" \/>\n<meta property=\"og:url\" content=\"https:\/\/dutyfree.eyesland.is\/en\/vara\/poc-do-half-blade\/\" \/>\n<meta property=\"og:site_name\" content=\"Dutyfree Eyesland\" \/>\n<meta property=\"article:modified_time\" content=\"2026-03-11T16:09:27+00:00\" \/>\n<meta name=\"twitter:card\" content=\"summary_large_image\" \/>\n<meta name=\"twitter:label1\" content=\"Est. reading time\" \/>\n\t<meta name=\"twitter:data1\" content=\"1 minute\" \/>\n<script type=\"application\/ld+json\" class=\"yoast-schema-graph\">{\"@context\":\"https:\\\/\\\/schema.org\",\"@graph\":[{\"@type\":\"WebPage\",\"@id\":\"https:\\\/\\\/dutyfree.eyesland.is\\\/vara\\\/poc-do-half-blade\\\/\",\"url\":\"https:\\\/\\\/dutyfree.eyesland.is\\\/vara\\\/poc-do-half-blade\\\/\",\"name\":\"POC DO HALF BLADE - Dutyfree Eyesland\",\"isPartOf\":{\"@id\":\"https:\\\/\\\/dutyfree.eyesland.is\\\/#website\"},\"primaryImageOfPage\":{\"@id\":\"https:\\\/\\\/dutyfree.eyesland.is\\\/vara\\\/poc-do-half-blade\\\/#primaryimage\"},\"image\":{\"@id\":\"https:\\\/\\\/dutyfree.eyesland.is\\\/vara\\\/poc-do-half-blade\\\/#primaryimage\"},\"thumbnailUrl\":\"https:\\\/\\\/dutyfree.eyesland.is\\\/wp-content\\\/uploads\\\/2023\\\/04\\\/d9aeef3b-d907-4353-aae8-d405e933ed1d.png\",\"datePublished\":\"2023-04-26T14:10:08+00:00\",\"dateModified\":\"2026-03-11T16:09:27+00:00\",\"breadcrumb\":{\"@id\":\"https:\\\/\\\/dutyfree.eyesland.is\\\/vara\\\/poc-do-half-blade\\\/#breadcrumb\"},\"inLanguage\":\"en-US\",\"potentialAction\":[{\"@type\":\"ReadAction\",\"target\":[\"https:\\\/\\\/dutyfree.eyesland.is\\\/vara\\\/poc-do-half-blade\\\/\"]}]},{\"@type\":\"ImageObject\",\"inLanguage\":\"en-US\",\"@id\":\"https:\\\/\\\/dutyfree.eyesland.is\\\/vara\\\/poc-do-half-blade\\\/#primaryimage\",\"url\":\"https:\\\/\\\/dutyfree.eyesland.is\\\/wp-content\\\/uploads\\\/2023\\\/04\\\/d9aeef3b-d907-4353-aae8-d405e933ed1d.png\",\"contentUrl\":\"https:\\\/\\\/dutyfree.eyesland.is\\\/wp-content\\\/uploads\\\/2023\\\/04\\\/d9aeef3b-d907-4353-aae8-d405e933ed1d.png\",\"width\":640,\"height\":275},{\"@type\":\"BreadcrumbList\",\"@id\":\"https:\\\/\\\/dutyfree.eyesland.is\\\/vara\\\/poc-do-half-blade\\\/#breadcrumb\",\"itemListElement\":[{\"@type\":\"ListItem\",\"position\":1,\"name\":\"Home\",\"item\":\"https:\\\/\\\/dutyfree.eyesland.is\\\/\"},{\"@type\":\"ListItem\",\"position\":2,\"name\":\"POC DO HALF BLADE\"}]},{\"@type\":\"WebSite\",\"@id\":\"https:\\\/\\\/dutyfree.eyesland.is\\\/#website\",\"url\":\"https:\\\/\\\/dutyfree.eyesland.is\\\/\",\"name\":\"Dutyfree Eyesland\",\"description\":\"Dutyfree Eyesland gleraugnaverslun b\u00fd\u00f0ur upp\u00e1 miki\u00f0 og vanda\u00f0 \u00farval af merkja gleraugum. Sko\u00f0a\u00f0u \u00farvali\u00f0 strax \u00ed dag.\",\"potentialAction\":[{\"@type\":\"SearchAction\",\"target\":{\"@type\":\"EntryPoint\",\"urlTemplate\":\"https:\\\/\\\/dutyfree.eyesland.is\\\/?s={search_term_string}\"},\"query-input\":{\"@type\":\"PropertyValueSpecification\",\"valueRequired\":true,\"valueName\":\"search_term_string\"}}],\"inLanguage\":\"en-US\"}]}<\/script>\n<!-- \/ Yoast SEO plugin. -->","yoast_head_json":{"title":"POC DO HALF BLADE - Dutyfree Eyesland","robots":{"index":"index","follow":"follow","max-snippet":"max-snippet:-1","max-image-preview":"max-image-preview:large","max-video-preview":"max-video-preview:-1"},"canonical":"https:\/\/dutyfree.eyesland.is\/en\/vara\/poc-do-half-blade\/","og_locale":"en_US","og_type":"article","og_title":"POC DO HALF BLADE - Dutyfree Eyesland","og_description":"POC DO HALF BLADE&nbsp;&nbsp;\u2013 Fj\u00f3lubl\u00e1tt og gyllt speglagler \u2013 CAT 3","og_url":"https:\/\/dutyfree.eyesland.is\/en\/vara\/poc-do-half-blade\/","og_site_name":"Dutyfree Eyesland","article_modified_time":"2026-03-11T16:09:27+00:00","twitter_card":"summary_large_image","twitter_misc":{"Est. reading time":"1 minute"},"schema":{"@context":"https:\/\/schema.org","@graph":[{"@type":"WebPage","@id":"https:\/\/dutyfree.eyesland.is\/vara\/poc-do-half-blade\/","url":"https:\/\/dutyfree.eyesland.is\/vara\/poc-do-half-blade\/","name":"POC DO HALF BLADE - Dutyfree Eyesland","isPartOf":{"@id":"https:\/\/dutyfree.eyesland.is\/#website"},"primaryImageOfPage":{"@id":"https:\/\/dutyfree.eyesland.is\/vara\/poc-do-half-blade\/#primaryimage"},"image":{"@id":"https:\/\/dutyfree.eyesland.is\/vara\/poc-do-half-blade\/#primaryimage"},"thumbnailUrl":"https:\/\/dutyfree.eyesland.is\/wp-content\/uploads\/2023\/04\/d9aeef3b-d907-4353-aae8-d405e933ed1d.png","datePublished":"2023-04-26T14:10:08+00:00","dateModified":"2026-03-11T16:09:27+00:00","breadcrumb":{"@id":"https:\/\/dutyfree.eyesland.is\/vara\/poc-do-half-blade\/#breadcrumb"},"inLanguage":"en-US","potentialAction":[{"@type":"ReadAction","target":["https:\/\/dutyfree.eyesland.is\/vara\/poc-do-half-blade\/"]}]},{"@type":"ImageObject","inLanguage":"en-US","@id":"https:\/\/dutyfree.eyesland.is\/vara\/poc-do-half-blade\/#primaryimage","url":"https:\/\/dutyfree.eyesland.is\/wp-content\/uploads\/2023\/04\/d9aeef3b-d907-4353-aae8-d405e933ed1d.png","contentUrl":"https:\/\/dutyfree.eyesland.is\/wp-content\/uploads\/2023\/04\/d9aeef3b-d907-4353-aae8-d405e933ed1d.png","width":640,"height":275},{"@type":"BreadcrumbList","@id":"https:\/\/dutyfree.eyesland.is\/vara\/poc-do-half-blade\/#breadcrumb","itemListElement":[{"@type":"ListItem","position":1,"name":"Home","item":"https:\/\/dutyfree.eyesland.is\/"},{"@type":"ListItem","position":2,"name":"POC DO HALF BLADE"}]},{"@type":"WebSite","@id":"https:\/\/dutyfree.eyesland.is\/#website","url":"https:\/\/dutyfree.eyesland.is\/","name":"Dutyfree Eyesland","description":"Dutyfree Eyesland gleraugnaverslun b\u00fd\u00f0ur upp\u00e1 miki\u00f0 og vanda\u00f0 \u00farval af merkja gleraugum. Sko\u00f0a\u00f0u \u00farvali\u00f0 strax \u00ed dag.","potentialAction":[{"@type":"SearchAction","target":{"@type":"EntryPoint","urlTemplate":"https:\/\/dutyfree.eyesland.is\/?s={search_term_string}"},"query-input":{"@type":"PropertyValueSpecification","valueRequired":true,"valueName":"search_term_string"}}],"inLanguage":"en-US"}]}},"brands":[],"_links":{"self":[{"href":"https:\/\/dutyfree.eyesland.is\/en\/wp-json\/wp\/v2\/product\/15028","targetHints":{"allow":["GET"]}}],"collection":[{"href":"https:\/\/dutyfree.eyesland.is\/en\/wp-json\/wp\/v2\/product"}],"about":[{"href":"https:\/\/dutyfree.eyesland.is\/en\/wp-json\/wp\/v2\/types\/product"}],"wp:featuredmedia":[{"embeddable":true,"href":"https:\/\/dutyfree.eyesland.is\/en\/wp-json\/wp\/v2\/media\/15026"}],"wp:attachment":[{"href":"https:\/\/dutyfree.eyesland.is\/en\/wp-json\/wp\/v2\/media?parent=15028"}],"wp:term":[{"taxonomy":"pwb-brand","embeddable":true,"href":"https:\/\/dutyfree.eyesland.is\/en\/wp-json\/wp\/v2\/pwb-brand?post=15028"},{"taxonomy":"product_brand","embeddable":true,"href":"https:\/\/dutyfree.eyesland.is\/en\/wp-json\/wp\/v2\/product_brand?post=15028"},{"taxonomy":"product_cat","embeddable":true,"href":"https:\/\/dutyfree.eyesland.is\/en\/wp-json\/wp\/v2\/product_cat?post=15028"},{"taxonomy":"product_tag","embeddable":true,"href":"https:\/\/dutyfree.eyesland.is\/en\/wp-json\/wp\/v2\/product_tag?post=15028"}],"curies":[{"name":"wp","href":"https:\/\/api.w.org\/{rel}","templated":true}]}}