{"id":15041,"date":"2023-04-26T14:10:11","date_gmt":"2023-04-26T14:10:11","guid":{"rendered":"https:\/\/dutyfree.eyesland.is\/vara\/poc-aim\/"},"modified":"2026-03-11T15:54:28","modified_gmt":"2026-03-11T15:54:28","slug":"poc-aim","status":"publish","type":"product","link":"https:\/\/dutyfree.eyesland.is\/en\/vara\/poc-aim\/","title":{"rendered":"POC AIM"},"content":{"rendered":"<p>Poc Aim eru \u00ed\u00fer\u00f3ttagleraugu fyrir allar tegundir \u00fativistar og henta s\u00e9rstaklega vel fyrir hj\u00f3lrei\u00f0ar, j\u00f6klafer\u00f0ir og fjallg\u00f6ngur, vegna \u00feess a\u00f0 gleraugun eru brei\u00f0 og hylja vel augnsv\u00e6\u00f0i\u00f0 fyrir vindi og s\u00f3l. L\u00e9tt gleraugu, stillanlegir nefp\u00fa\u00f0ar og armendar sitja vel \u00e1 andliti sem tryggir a\u00f0 gleraugun haldast vel \u00e1 andliti vi\u00f0 hinar \u00fdmsu a\u00f0st\u00e6\u00f0ur. Umgj\u00f6r\u00f0in er opin a\u00f0 hluta sem gerir \u00fea\u00f0 a\u00f0 verkum a\u00f0 sj\u00f3nsvi\u00f0 st\u00e6kkar. M\u00f6guleiki er a\u00f0 skipta \u00fat linsum fyrir linsur me\u00f0 \u00f6\u00f0ru<br \/>\nbirtustigi. G\u00f3\u00f0 v\u00f6rn gegn \u00fatfj\u00f3lubl\u00e1um geislum (UV400)<\/p>\n<p>Linsan \u00ed POC gleraugunum heitir Clarity og gefur \u00e1kaflega skarpa s\u00fdn \u00e1 umhverfi\u00f0 og henta mj\u00f6g vel \u00fativistina. H\u00f6nnun og framlei\u00f0sla \u00e1 Clarity linsunum var unnin \u00ed samstarfi vi\u00f0 glerframlei\u00f0andann Carl Zeiss.<\/p>\n<p>Lagi\u00f0 \u00e1 gleraugunum passar s\u00e9rstaklega vel me\u00f0 hj\u00e1lmum.<\/p>","protected":false},"excerpt":{"rendered":"<p><span style=\"-webkit-font-smoothing: antialiased; -webkit-tap-highlight-color: transparent; appearance: none; outline: transparent none;\"><span style=\"-webkit-tap-highlight-color: transparent; outline-color: transparent; outline-width: initial;\">POC AIM &#8211; Hv\u00edtur &#8211;<\/span><\/span>&nbsp;Fj\u00f3lubl\u00e1r og silfur speglagler&nbsp;&#8211; CAT 3&nbsp;<\/p>","protected":false},"featured_media":15039,"template":"","meta":{"_acf_changed":false,"inline_featured_image":false},"pwb-brand":[],"product_brand":[79],"product_cat":[403],"product_tag":[214],"class_list":{"0":"post-15041","1":"product","2":"type-product","3":"status-publish","4":"has-post-thumbnail","6":"product_brand-poc","7":"product_cat-utivistargleraugu","8":"product_tag-poc","10":"first","11":"instock","12":"taxable","13":"shipping-taxable","14":"product-type-simple"},"acf":[],"yoast_head":"<!-- This site is optimized with the Yoast SEO plugin v27.2 - https:\/\/yoast.com\/product\/yoast-seo-wordpress\/ -->\n<title>POC AIM - Dutyfree Eyesland<\/title>\n<meta name=\"robots\" content=\"index, follow, max-snippet:-1, max-image-preview:large, max-video-preview:-1\" \/>\n<link rel=\"canonical\" href=\"https:\/\/dutyfree.eyesland.is\/en\/vara\/poc-aim\/\" \/>\n<meta property=\"og:locale\" content=\"en_US\" \/>\n<meta property=\"og:type\" content=\"article\" \/>\n<meta property=\"og:title\" content=\"POC AIM - Dutyfree Eyesland\" \/>\n<meta property=\"og:description\" content=\"POC AIM - Hv\u00edtur -&nbsp;Fj\u00f3lubl\u00e1r og silfur speglagler&nbsp;- CAT 3&nbsp;\" \/>\n<meta property=\"og:url\" content=\"https:\/\/dutyfree.eyesland.is\/en\/vara\/poc-aim\/\" \/>\n<meta property=\"og:site_name\" content=\"Dutyfree Eyesland\" \/>\n<meta property=\"article:modified_time\" content=\"2026-03-11T15:54:28+00:00\" \/>\n<meta name=\"twitter:card\" content=\"summary_large_image\" \/>\n<meta name=\"twitter:label1\" content=\"Est. reading time\" \/>\n\t<meta name=\"twitter:data1\" content=\"1 minute\" \/>\n<script type=\"application\/ld+json\" class=\"yoast-schema-graph\">{\"@context\":\"https:\/\/schema.org\",\"@graph\":[{\"@type\":\"WebPage\",\"@id\":\"https:\/\/dutyfree.eyesland.is\/vara\/poc-aim\/\",\"url\":\"https:\/\/dutyfree.eyesland.is\/vara\/poc-aim\/\",\"name\":\"POC AIM - Dutyfree Eyesland\",\"isPartOf\":{\"@id\":\"https:\/\/dutyfree.eyesland.is\/#website\"},\"primaryImageOfPage\":{\"@id\":\"https:\/\/dutyfree.eyesland.is\/vara\/poc-aim\/#primaryimage\"},\"image\":{\"@id\":\"https:\/\/dutyfree.eyesland.is\/vara\/poc-aim\/#primaryimage\"},\"thumbnailUrl\":\"https:\/\/dutyfree.eyesland.is\/wp-content\/uploads\/2023\/04\/f2f2f4b6-8eeb-4eae-a40e-c477ceba029d.png\",\"datePublished\":\"2023-04-26T14:10:11+00:00\",\"dateModified\":\"2026-03-11T15:54:28+00:00\",\"breadcrumb\":{\"@id\":\"https:\/\/dutyfree.eyesland.is\/vara\/poc-aim\/#breadcrumb\"},\"inLanguage\":\"en-US\",\"potentialAction\":[{\"@type\":\"ReadAction\",\"target\":[\"https:\/\/dutyfree.eyesland.is\/vara\/poc-aim\/\"]}]},{\"@type\":\"ImageObject\",\"inLanguage\":\"en-US\",\"@id\":\"https:\/\/dutyfree.eyesland.is\/vara\/poc-aim\/#primaryimage\",\"url\":\"https:\/\/dutyfree.eyesland.is\/wp-content\/uploads\/2023\/04\/f2f2f4b6-8eeb-4eae-a40e-c477ceba029d.png\",\"contentUrl\":\"https:\/\/dutyfree.eyesland.is\/wp-content\/uploads\/2023\/04\/f2f2f4b6-8eeb-4eae-a40e-c477ceba029d.png\",\"width\":593,\"height\":294},{\"@type\":\"BreadcrumbList\",\"@id\":\"https:\/\/dutyfree.eyesland.is\/vara\/poc-aim\/#breadcrumb\",\"itemListElement\":[{\"@type\":\"ListItem\",\"position\":1,\"name\":\"Home\",\"item\":\"https:\/\/dutyfree.eyesland.is\/\"},{\"@type\":\"ListItem\",\"position\":2,\"name\":\"POC AIM\"}]},{\"@type\":\"WebSite\",\"@id\":\"https:\/\/dutyfree.eyesland.is\/#website\",\"url\":\"https:\/\/dutyfree.eyesland.is\/\",\"name\":\"Dutyfree Eyesland\",\"description\":\"Dutyfree Eyesland gleraugnaverslun b\u00fd\u00f0ur upp\u00e1 miki\u00f0 og vanda\u00f0 \u00farval af merkja gleraugum. Sko\u00f0a\u00f0u \u00farvali\u00f0 strax \u00ed dag.\",\"potentialAction\":[{\"@type\":\"SearchAction\",\"target\":{\"@type\":\"EntryPoint\",\"urlTemplate\":\"https:\/\/dutyfree.eyesland.is\/?s={search_term_string}\"},\"query-input\":{\"@type\":\"PropertyValueSpecification\",\"valueRequired\":true,\"valueName\":\"search_term_string\"}}],\"inLanguage\":\"en-US\"}]}<\/script>\n<!-- \/ Yoast SEO plugin. -->","yoast_head_json":{"title":"POC AIM - Dutyfree Eyesland","robots":{"index":"index","follow":"follow","max-snippet":"max-snippet:-1","max-image-preview":"max-image-preview:large","max-video-preview":"max-video-preview:-1"},"canonical":"https:\/\/dutyfree.eyesland.is\/en\/vara\/poc-aim\/","og_locale":"en_US","og_type":"article","og_title":"POC AIM - Dutyfree Eyesland","og_description":"POC AIM - Hv\u00edtur -&nbsp;Fj\u00f3lubl\u00e1r og silfur speglagler&nbsp;- CAT 3&nbsp;","og_url":"https:\/\/dutyfree.eyesland.is\/en\/vara\/poc-aim\/","og_site_name":"Dutyfree Eyesland","article_modified_time":"2026-03-11T15:54:28+00:00","twitter_card":"summary_large_image","twitter_misc":{"Est. reading time":"1 minute"},"schema":{"@context":"https:\/\/schema.org","@graph":[{"@type":"WebPage","@id":"https:\/\/dutyfree.eyesland.is\/vara\/poc-aim\/","url":"https:\/\/dutyfree.eyesland.is\/vara\/poc-aim\/","name":"POC AIM - Dutyfree Eyesland","isPartOf":{"@id":"https:\/\/dutyfree.eyesland.is\/#website"},"primaryImageOfPage":{"@id":"https:\/\/dutyfree.eyesland.is\/vara\/poc-aim\/#primaryimage"},"image":{"@id":"https:\/\/dutyfree.eyesland.is\/vara\/poc-aim\/#primaryimage"},"thumbnailUrl":"https:\/\/dutyfree.eyesland.is\/wp-content\/uploads\/2023\/04\/f2f2f4b6-8eeb-4eae-a40e-c477ceba029d.png","datePublished":"2023-04-26T14:10:11+00:00","dateModified":"2026-03-11T15:54:28+00:00","breadcrumb":{"@id":"https:\/\/dutyfree.eyesland.is\/vara\/poc-aim\/#breadcrumb"},"inLanguage":"en-US","potentialAction":[{"@type":"ReadAction","target":["https:\/\/dutyfree.eyesland.is\/vara\/poc-aim\/"]}]},{"@type":"ImageObject","inLanguage":"en-US","@id":"https:\/\/dutyfree.eyesland.is\/vara\/poc-aim\/#primaryimage","url":"https:\/\/dutyfree.eyesland.is\/wp-content\/uploads\/2023\/04\/f2f2f4b6-8eeb-4eae-a40e-c477ceba029d.png","contentUrl":"https:\/\/dutyfree.eyesland.is\/wp-content\/uploads\/2023\/04\/f2f2f4b6-8eeb-4eae-a40e-c477ceba029d.png","width":593,"height":294},{"@type":"BreadcrumbList","@id":"https:\/\/dutyfree.eyesland.is\/vara\/poc-aim\/#breadcrumb","itemListElement":[{"@type":"ListItem","position":1,"name":"Home","item":"https:\/\/dutyfree.eyesland.is\/"},{"@type":"ListItem","position":2,"name":"POC AIM"}]},{"@type":"WebSite","@id":"https:\/\/dutyfree.eyesland.is\/#website","url":"https:\/\/dutyfree.eyesland.is\/","name":"Dutyfree Eyesland","description":"Dutyfree Eyesland gleraugnaverslun b\u00fd\u00f0ur upp\u00e1 miki\u00f0 og vanda\u00f0 \u00farval af merkja gleraugum. Sko\u00f0a\u00f0u \u00farvali\u00f0 strax \u00ed dag.","potentialAction":[{"@type":"SearchAction","target":{"@type":"EntryPoint","urlTemplate":"https:\/\/dutyfree.eyesland.is\/?s={search_term_string}"},"query-input":{"@type":"PropertyValueSpecification","valueRequired":true,"valueName":"search_term_string"}}],"inLanguage":"en-US"}]}},"brands":[],"_links":{"self":[{"href":"https:\/\/dutyfree.eyesland.is\/en\/wp-json\/wp\/v2\/product\/15041","targetHints":{"allow":["GET"]}}],"collection":[{"href":"https:\/\/dutyfree.eyesland.is\/en\/wp-json\/wp\/v2\/product"}],"about":[{"href":"https:\/\/dutyfree.eyesland.is\/en\/wp-json\/wp\/v2\/types\/product"}],"wp:featuredmedia":[{"embeddable":true,"href":"https:\/\/dutyfree.eyesland.is\/en\/wp-json\/wp\/v2\/media\/15039"}],"wp:attachment":[{"href":"https:\/\/dutyfree.eyesland.is\/en\/wp-json\/wp\/v2\/media?parent=15041"}],"wp:term":[{"taxonomy":"pwb-brand","embeddable":true,"href":"https:\/\/dutyfree.eyesland.is\/en\/wp-json\/wp\/v2\/pwb-brand?post=15041"},{"taxonomy":"product_brand","embeddable":true,"href":"https:\/\/dutyfree.eyesland.is\/en\/wp-json\/wp\/v2\/product_brand?post=15041"},{"taxonomy":"product_cat","embeddable":true,"href":"https:\/\/dutyfree.eyesland.is\/en\/wp-json\/wp\/v2\/product_cat?post=15041"},{"taxonomy":"product_tag","embeddable":true,"href":"https:\/\/dutyfree.eyesland.is\/en\/wp-json\/wp\/v2\/product_tag?post=15041"}],"curies":[{"name":"wp","href":"https:\/\/api.w.org\/{rel}","templated":true}]}}