{"id":15087,"date":"2023-04-27T10:40:02","date_gmt":"2023-04-27T10:40:02","guid":{"rendered":"https:\/\/dutyfree.eyesland.is\/vara\/centro-style\/"},"modified":"2026-04-22T14:24:14","modified_gmt":"2026-04-22T14:24:14","slug":"centro-style","status":"publish","type":"product","link":"https:\/\/dutyfree.eyesland.is\/en\/vara\/centro-style\/","title":{"rendered":"SPREY CLEAN"},"content":{"rendered":"<p>Fer\u00f0asetti\u00f0 inniheldur 2.stk gleraugnakl\u00fata og 20ml gleraugnasprey. Gott \u00ed vasann!<\/p>\n<p>Sprey Clean er fr\u00e1 Centro Style.<\/p>","protected":false},"excerpt":{"rendered":"<p>SPREY CLEAN &#8211; fer\u00f0asett<\/p>","protected":false},"featured_media":15096,"template":"","meta":{"_acf_changed":false,"inline_featured_image":false},"pwb-brand":[],"product_brand":[57],"product_cat":[33,34],"product_tag":[223],"class_list":{"0":"post-15087","1":"product","2":"type-product","3":"status-publish","4":"has-post-thumbnail","6":"product_brand-centro-style","7":"product_cat-annad","8":"product_cat-gleraugnaklutar-og-sprey","9":"product_tag-centro-style","11":"first","12":"outofstock","13":"taxable","14":"shipping-taxable","15":"product-type-simple"},"acf":[],"yoast_head":"<!-- This site is optimized with the Yoast SEO plugin v27.2 - https:\/\/yoast.com\/product\/yoast-seo-wordpress\/ -->\n<title>SPREY CLEAN - Dutyfree Eyesland<\/title>\n<meta name=\"robots\" content=\"index, follow, max-snippet:-1, max-image-preview:large, max-video-preview:-1\" \/>\n<link rel=\"canonical\" href=\"https:\/\/dutyfree.eyesland.is\/en\/vara\/centro-style\/\" \/>\n<meta property=\"og:locale\" content=\"en_US\" \/>\n<meta property=\"og:type\" content=\"article\" \/>\n<meta property=\"og:title\" content=\"SPREY CLEAN - Dutyfree Eyesland\" \/>\n<meta property=\"og:description\" content=\"SPREY CLEAN - fer\u00f0asett\" \/>\n<meta property=\"og:url\" content=\"https:\/\/dutyfree.eyesland.is\/en\/vara\/centro-style\/\" \/>\n<meta property=\"og:site_name\" content=\"Dutyfree Eyesland\" \/>\n<meta property=\"article:modified_time\" content=\"2026-04-22T14:24:14+00:00\" \/>\n<meta name=\"twitter:card\" content=\"summary_large_image\" \/>\n<script type=\"application\/ld+json\" class=\"yoast-schema-graph\">{\"@context\":\"https:\/\/schema.org\",\"@graph\":[{\"@type\":\"WebPage\",\"@id\":\"https:\/\/dutyfree.eyesland.is\/vara\/centro-style\/\",\"url\":\"https:\/\/dutyfree.eyesland.is\/vara\/centro-style\/\",\"name\":\"SPREY CLEAN - Dutyfree Eyesland\",\"isPartOf\":{\"@id\":\"https:\/\/dutyfree.eyesland.is\/#website\"},\"primaryImageOfPage\":{\"@id\":\"https:\/\/dutyfree.eyesland.is\/vara\/centro-style\/#primaryimage\"},\"image\":{\"@id\":\"https:\/\/dutyfree.eyesland.is\/vara\/centro-style\/#primaryimage\"},\"thumbnailUrl\":\"https:\/\/dutyfree.eyesland.is\/wp-content\/uploads\/2023\/04\/ef95c6d6-776e-478a-9481-0fd326163ab5.png\",\"datePublished\":\"2023-04-27T10:40:02+00:00\",\"dateModified\":\"2026-04-22T14:24:14+00:00\",\"breadcrumb\":{\"@id\":\"https:\/\/dutyfree.eyesland.is\/vara\/centro-style\/#breadcrumb\"},\"inLanguage\":\"en-US\",\"potentialAction\":[{\"@type\":\"ReadAction\",\"target\":[\"https:\/\/dutyfree.eyesland.is\/vara\/centro-style\/\"]}]},{\"@type\":\"ImageObject\",\"inLanguage\":\"en-US\",\"@id\":\"https:\/\/dutyfree.eyesland.is\/vara\/centro-style\/#primaryimage\",\"url\":\"https:\/\/dutyfree.eyesland.is\/wp-content\/uploads\/2023\/04\/ef95c6d6-776e-478a-9481-0fd326163ab5.png\",\"contentUrl\":\"https:\/\/dutyfree.eyesland.is\/wp-content\/uploads\/2023\/04\/ef95c6d6-776e-478a-9481-0fd326163ab5.png\",\"width\":672,\"height\":704},{\"@type\":\"BreadcrumbList\",\"@id\":\"https:\/\/dutyfree.eyesland.is\/vara\/centro-style\/#breadcrumb\",\"itemListElement\":[{\"@type\":\"ListItem\",\"position\":1,\"name\":\"Home\",\"item\":\"https:\/\/dutyfree.eyesland.is\/\"},{\"@type\":\"ListItem\",\"position\":2,\"name\":\"SPREY CLEAN\"}]},{\"@type\":\"WebSite\",\"@id\":\"https:\/\/dutyfree.eyesland.is\/#website\",\"url\":\"https:\/\/dutyfree.eyesland.is\/\",\"name\":\"Dutyfree Eyesland\",\"description\":\"Dutyfree Eyesland gleraugnaverslun b\u00fd\u00f0ur upp\u00e1 miki\u00f0 og vanda\u00f0 \u00farval af merkja gleraugum. Sko\u00f0a\u00f0u \u00farvali\u00f0 strax \u00ed dag.\",\"potentialAction\":[{\"@type\":\"SearchAction\",\"target\":{\"@type\":\"EntryPoint\",\"urlTemplate\":\"https:\/\/dutyfree.eyesland.is\/?s={search_term_string}\"},\"query-input\":{\"@type\":\"PropertyValueSpecification\",\"valueRequired\":true,\"valueName\":\"search_term_string\"}}],\"inLanguage\":\"en-US\"}]}<\/script>\n<!-- \/ Yoast SEO plugin. -->","yoast_head_json":{"title":"SPREY CLEAN - Dutyfree Eyesland","robots":{"index":"index","follow":"follow","max-snippet":"max-snippet:-1","max-image-preview":"max-image-preview:large","max-video-preview":"max-video-preview:-1"},"canonical":"https:\/\/dutyfree.eyesland.is\/en\/vara\/centro-style\/","og_locale":"en_US","og_type":"article","og_title":"SPREY CLEAN - Dutyfree Eyesland","og_description":"SPREY CLEAN - fer\u00f0asett","og_url":"https:\/\/dutyfree.eyesland.is\/en\/vara\/centro-style\/","og_site_name":"Dutyfree Eyesland","article_modified_time":"2026-04-22T14:24:14+00:00","twitter_card":"summary_large_image","schema":{"@context":"https:\/\/schema.org","@graph":[{"@type":"WebPage","@id":"https:\/\/dutyfree.eyesland.is\/vara\/centro-style\/","url":"https:\/\/dutyfree.eyesland.is\/vara\/centro-style\/","name":"SPREY CLEAN - Dutyfree Eyesland","isPartOf":{"@id":"https:\/\/dutyfree.eyesland.is\/#website"},"primaryImageOfPage":{"@id":"https:\/\/dutyfree.eyesland.is\/vara\/centro-style\/#primaryimage"},"image":{"@id":"https:\/\/dutyfree.eyesland.is\/vara\/centro-style\/#primaryimage"},"thumbnailUrl":"https:\/\/dutyfree.eyesland.is\/wp-content\/uploads\/2023\/04\/ef95c6d6-776e-478a-9481-0fd326163ab5.png","datePublished":"2023-04-27T10:40:02+00:00","dateModified":"2026-04-22T14:24:14+00:00","breadcrumb":{"@id":"https:\/\/dutyfree.eyesland.is\/vara\/centro-style\/#breadcrumb"},"inLanguage":"en-US","potentialAction":[{"@type":"ReadAction","target":["https:\/\/dutyfree.eyesland.is\/vara\/centro-style\/"]}]},{"@type":"ImageObject","inLanguage":"en-US","@id":"https:\/\/dutyfree.eyesland.is\/vara\/centro-style\/#primaryimage","url":"https:\/\/dutyfree.eyesland.is\/wp-content\/uploads\/2023\/04\/ef95c6d6-776e-478a-9481-0fd326163ab5.png","contentUrl":"https:\/\/dutyfree.eyesland.is\/wp-content\/uploads\/2023\/04\/ef95c6d6-776e-478a-9481-0fd326163ab5.png","width":672,"height":704},{"@type":"BreadcrumbList","@id":"https:\/\/dutyfree.eyesland.is\/vara\/centro-style\/#breadcrumb","itemListElement":[{"@type":"ListItem","position":1,"name":"Home","item":"https:\/\/dutyfree.eyesland.is\/"},{"@type":"ListItem","position":2,"name":"SPREY CLEAN"}]},{"@type":"WebSite","@id":"https:\/\/dutyfree.eyesland.is\/#website","url":"https:\/\/dutyfree.eyesland.is\/","name":"Dutyfree Eyesland","description":"Dutyfree Eyesland gleraugnaverslun b\u00fd\u00f0ur upp\u00e1 miki\u00f0 og vanda\u00f0 \u00farval af merkja gleraugum. Sko\u00f0a\u00f0u \u00farvali\u00f0 strax \u00ed dag.","potentialAction":[{"@type":"SearchAction","target":{"@type":"EntryPoint","urlTemplate":"https:\/\/dutyfree.eyesland.is\/?s={search_term_string}"},"query-input":{"@type":"PropertyValueSpecification","valueRequired":true,"valueName":"search_term_string"}}],"inLanguage":"en-US"}]}},"brands":[],"_links":{"self":[{"href":"https:\/\/dutyfree.eyesland.is\/en\/wp-json\/wp\/v2\/product\/15087","targetHints":{"allow":["GET"]}}],"collection":[{"href":"https:\/\/dutyfree.eyesland.is\/en\/wp-json\/wp\/v2\/product"}],"about":[{"href":"https:\/\/dutyfree.eyesland.is\/en\/wp-json\/wp\/v2\/types\/product"}],"wp:featuredmedia":[{"embeddable":true,"href":"https:\/\/dutyfree.eyesland.is\/en\/wp-json\/wp\/v2\/media\/15096"}],"wp:attachment":[{"href":"https:\/\/dutyfree.eyesland.is\/en\/wp-json\/wp\/v2\/media?parent=15087"}],"wp:term":[{"taxonomy":"pwb-brand","embeddable":true,"href":"https:\/\/dutyfree.eyesland.is\/en\/wp-json\/wp\/v2\/pwb-brand?post=15087"},{"taxonomy":"product_brand","embeddable":true,"href":"https:\/\/dutyfree.eyesland.is\/en\/wp-json\/wp\/v2\/product_brand?post=15087"},{"taxonomy":"product_cat","embeddable":true,"href":"https:\/\/dutyfree.eyesland.is\/en\/wp-json\/wp\/v2\/product_cat?post=15087"},{"taxonomy":"product_tag","embeddable":true,"href":"https:\/\/dutyfree.eyesland.is\/en\/wp-json\/wp\/v2\/product_tag?post=15087"}],"curies":[{"name":"wp","href":"https:\/\/api.w.org\/{rel}","templated":true}]}}