{"id":15194,"date":"2023-04-28T15:40:27","date_gmt":"2023-04-28T15:40:27","guid":{"rendered":"https:\/\/dutyfree.eyesland.is\/vara\/guess-32\/"},"modified":"2026-02-15T22:27:37","modified_gmt":"2026-02-15T22:27:37","slug":"guess-32","status":"publish","type":"product","link":"https:\/\/dutyfree.eyesland.is\/en\/vara\/guess-32\/","title":{"rendered":"Guess"},"content":{"rendered":"","protected":false},"excerpt":{"rendered":"","protected":false},"featured_media":15192,"template":"","meta":{"_acf_changed":false,"inline_featured_image":false},"pwb-brand":[],"product_brand":[381],"product_cat":[30],"product_tag":[383],"class_list":{"0":"post-15194","1":"product","2":"type-product","3":"status-publish","4":"has-post-thumbnail","6":"product_brand-guess","7":"product_cat-solgleraugu","8":"product_tag-guess","10":"first","11":"outofstock","12":"taxable","13":"shipping-taxable","14":"product-type-simple"},"acf":[],"yoast_head":"<!-- This site is optimized with the Yoast SEO plugin v27.2 - https:\/\/yoast.com\/product\/yoast-seo-wordpress\/ -->\n<title>Guess - Dutyfree Eyesland<\/title>\n<meta name=\"robots\" content=\"index, follow, max-snippet:-1, max-image-preview:large, max-video-preview:-1\" \/>\n<link rel=\"canonical\" href=\"https:\/\/dutyfree.eyesland.is\/en\/vara\/guess-32\/\" \/>\n<meta property=\"og:locale\" content=\"en_US\" \/>\n<meta property=\"og:type\" content=\"article\" \/>\n<meta property=\"og:title\" content=\"Guess - Dutyfree Eyesland\" \/>\n<meta property=\"og:url\" content=\"https:\/\/dutyfree.eyesland.is\/en\/vara\/guess-32\/\" \/>\n<meta property=\"og:site_name\" content=\"Dutyfree Eyesland\" \/>\n<meta property=\"article:modified_time\" content=\"2026-02-15T22:27:37+00:00\" \/>\n<meta name=\"twitter:card\" content=\"summary_large_image\" \/>\n<script type=\"application\/ld+json\" class=\"yoast-schema-graph\">{\"@context\":\"https:\/\/schema.org\",\"@graph\":[{\"@type\":\"WebPage\",\"@id\":\"https:\/\/dutyfree.eyesland.is\/vara\/guess-32\/\",\"url\":\"https:\/\/dutyfree.eyesland.is\/vara\/guess-32\/\",\"name\":\"Guess - Dutyfree Eyesland\",\"isPartOf\":{\"@id\":\"https:\/\/dutyfree.eyesland.is\/#website\"},\"primaryImageOfPage\":{\"@id\":\"https:\/\/dutyfree.eyesland.is\/vara\/guess-32\/#primaryimage\"},\"image\":{\"@id\":\"https:\/\/dutyfree.eyesland.is\/vara\/guess-32\/#primaryimage\"},\"thumbnailUrl\":\"https:\/\/dutyfree.eyesland.is\/wp-content\/uploads\/2023\/04\/e8a22b9b-c59a-4976-ad13-92f6d81ada36.png\",\"datePublished\":\"2023-04-28T15:40:27+00:00\",\"dateModified\":\"2026-02-15T22:27:37+00:00\",\"breadcrumb\":{\"@id\":\"https:\/\/dutyfree.eyesland.is\/vara\/guess-32\/#breadcrumb\"},\"inLanguage\":\"en-US\",\"potentialAction\":[{\"@type\":\"ReadAction\",\"target\":[\"https:\/\/dutyfree.eyesland.is\/vara\/guess-32\/\"]}]},{\"@type\":\"ImageObject\",\"inLanguage\":\"en-US\",\"@id\":\"https:\/\/dutyfree.eyesland.is\/vara\/guess-32\/#primaryimage\",\"url\":\"https:\/\/dutyfree.eyesland.is\/wp-content\/uploads\/2023\/04\/e8a22b9b-c59a-4976-ad13-92f6d81ada36.png\",\"contentUrl\":\"https:\/\/dutyfree.eyesland.is\/wp-content\/uploads\/2023\/04\/e8a22b9b-c59a-4976-ad13-92f6d81ada36.png\",\"width\":1320,\"height\":595},{\"@type\":\"BreadcrumbList\",\"@id\":\"https:\/\/dutyfree.eyesland.is\/vara\/guess-32\/#breadcrumb\",\"itemListElement\":[{\"@type\":\"ListItem\",\"position\":1,\"name\":\"Home\",\"item\":\"https:\/\/dutyfree.eyesland.is\/\"},{\"@type\":\"ListItem\",\"position\":2,\"name\":\"Guess\"}]},{\"@type\":\"WebSite\",\"@id\":\"https:\/\/dutyfree.eyesland.is\/#website\",\"url\":\"https:\/\/dutyfree.eyesland.is\/\",\"name\":\"Dutyfree Eyesland\",\"description\":\"Dutyfree Eyesland gleraugnaverslun b\u00fd\u00f0ur upp\u00e1 miki\u00f0 og vanda\u00f0 \u00farval af merkja gleraugum. Sko\u00f0a\u00f0u \u00farvali\u00f0 strax \u00ed dag.\",\"potentialAction\":[{\"@type\":\"SearchAction\",\"target\":{\"@type\":\"EntryPoint\",\"urlTemplate\":\"https:\/\/dutyfree.eyesland.is\/?s={search_term_string}\"},\"query-input\":{\"@type\":\"PropertyValueSpecification\",\"valueRequired\":true,\"valueName\":\"search_term_string\"}}],\"inLanguage\":\"en-US\"}]}<\/script>\n<!-- \/ Yoast SEO plugin. -->","yoast_head_json":{"title":"Guess - Dutyfree Eyesland","robots":{"index":"index","follow":"follow","max-snippet":"max-snippet:-1","max-image-preview":"max-image-preview:large","max-video-preview":"max-video-preview:-1"},"canonical":"https:\/\/dutyfree.eyesland.is\/en\/vara\/guess-32\/","og_locale":"en_US","og_type":"article","og_title":"Guess - Dutyfree Eyesland","og_url":"https:\/\/dutyfree.eyesland.is\/en\/vara\/guess-32\/","og_site_name":"Dutyfree Eyesland","article_modified_time":"2026-02-15T22:27:37+00:00","twitter_card":"summary_large_image","schema":{"@context":"https:\/\/schema.org","@graph":[{"@type":"WebPage","@id":"https:\/\/dutyfree.eyesland.is\/vara\/guess-32\/","url":"https:\/\/dutyfree.eyesland.is\/vara\/guess-32\/","name":"Guess - Dutyfree Eyesland","isPartOf":{"@id":"https:\/\/dutyfree.eyesland.is\/#website"},"primaryImageOfPage":{"@id":"https:\/\/dutyfree.eyesland.is\/vara\/guess-32\/#primaryimage"},"image":{"@id":"https:\/\/dutyfree.eyesland.is\/vara\/guess-32\/#primaryimage"},"thumbnailUrl":"https:\/\/dutyfree.eyesland.is\/wp-content\/uploads\/2023\/04\/e8a22b9b-c59a-4976-ad13-92f6d81ada36.png","datePublished":"2023-04-28T15:40:27+00:00","dateModified":"2026-02-15T22:27:37+00:00","breadcrumb":{"@id":"https:\/\/dutyfree.eyesland.is\/vara\/guess-32\/#breadcrumb"},"inLanguage":"en-US","potentialAction":[{"@type":"ReadAction","target":["https:\/\/dutyfree.eyesland.is\/vara\/guess-32\/"]}]},{"@type":"ImageObject","inLanguage":"en-US","@id":"https:\/\/dutyfree.eyesland.is\/vara\/guess-32\/#primaryimage","url":"https:\/\/dutyfree.eyesland.is\/wp-content\/uploads\/2023\/04\/e8a22b9b-c59a-4976-ad13-92f6d81ada36.png","contentUrl":"https:\/\/dutyfree.eyesland.is\/wp-content\/uploads\/2023\/04\/e8a22b9b-c59a-4976-ad13-92f6d81ada36.png","width":1320,"height":595},{"@type":"BreadcrumbList","@id":"https:\/\/dutyfree.eyesland.is\/vara\/guess-32\/#breadcrumb","itemListElement":[{"@type":"ListItem","position":1,"name":"Home","item":"https:\/\/dutyfree.eyesland.is\/"},{"@type":"ListItem","position":2,"name":"Guess"}]},{"@type":"WebSite","@id":"https:\/\/dutyfree.eyesland.is\/#website","url":"https:\/\/dutyfree.eyesland.is\/","name":"Dutyfree Eyesland","description":"Dutyfree Eyesland gleraugnaverslun b\u00fd\u00f0ur upp\u00e1 miki\u00f0 og vanda\u00f0 \u00farval af merkja gleraugum. Sko\u00f0a\u00f0u \u00farvali\u00f0 strax \u00ed dag.","potentialAction":[{"@type":"SearchAction","target":{"@type":"EntryPoint","urlTemplate":"https:\/\/dutyfree.eyesland.is\/?s={search_term_string}"},"query-input":{"@type":"PropertyValueSpecification","valueRequired":true,"valueName":"search_term_string"}}],"inLanguage":"en-US"}]}},"brands":[],"_links":{"self":[{"href":"https:\/\/dutyfree.eyesland.is\/en\/wp-json\/wp\/v2\/product\/15194","targetHints":{"allow":["GET"]}}],"collection":[{"href":"https:\/\/dutyfree.eyesland.is\/en\/wp-json\/wp\/v2\/product"}],"about":[{"href":"https:\/\/dutyfree.eyesland.is\/en\/wp-json\/wp\/v2\/types\/product"}],"wp:featuredmedia":[{"embeddable":true,"href":"https:\/\/dutyfree.eyesland.is\/en\/wp-json\/wp\/v2\/media\/15192"}],"wp:attachment":[{"href":"https:\/\/dutyfree.eyesland.is\/en\/wp-json\/wp\/v2\/media?parent=15194"}],"wp:term":[{"taxonomy":"pwb-brand","embeddable":true,"href":"https:\/\/dutyfree.eyesland.is\/en\/wp-json\/wp\/v2\/pwb-brand?post=15194"},{"taxonomy":"product_brand","embeddable":true,"href":"https:\/\/dutyfree.eyesland.is\/en\/wp-json\/wp\/v2\/product_brand?post=15194"},{"taxonomy":"product_cat","embeddable":true,"href":"https:\/\/dutyfree.eyesland.is\/en\/wp-json\/wp\/v2\/product_cat?post=15194"},{"taxonomy":"product_tag","embeddable":true,"href":"https:\/\/dutyfree.eyesland.is\/en\/wp-json\/wp\/v2\/product_tag?post=15194"}],"curies":[{"name":"wp","href":"https:\/\/api.w.org\/{rel}","templated":true}]}}