{"id":15507,"date":"2023-05-26T14:09:22","date_gmt":"2023-05-26T14:09:22","guid":{"rendered":"https:\/\/dutyfree.eyesland.is\/vara\/poc-will-2\/"},"modified":"2026-03-11T16:09:43","modified_gmt":"2026-03-11T16:09:43","slug":"poc-will-2","status":"publish","type":"product","link":"https:\/\/dutyfree.eyesland.is\/en\/vara\/poc-will-2\/","title":{"rendered":"POC WILL"},"content":{"rendered":"<p>Poc Will eru \u00fe\u00e6gileg s\u00f3l- og \u00fativistargleraugu. Gleraugun eru l\u00e9tt og endingarg\u00f3\u00f0. Nefp\u00fa\u00f0ar eru me\u00f0 gott grip og haldast vel \u00fe\u00f3 svo a\u00f0 \u00fea\u00f0 s\u00e9 rigning. L\u00e9tt gleraugu og armendar sitja vel \u00e1 andliti semtryggir a\u00f0 gleraugun haldast vel \u00e1 andliti vi\u00f0 hinar \u00fdmsu a\u00f0st\u00e6\u00f0ur G\u00f3\u00f0 v\u00f6rn gegn \u00fatfj\u00f3lubl\u00e1um geislum (UV400).<\/p>","protected":false},"excerpt":{"rendered":"<p style=\"margin-top:6.0pt;margin-right:0cm;margin-bottom:0cm;margin-left:0cm;line-height:21.0pt;vertical-align:baseline\">POC WILL &#8211; Gr\u00e1&nbsp; linsa &#8211;<br \/>\n&nbsp;Cat. 3&nbsp;<\/p>","protected":false},"featured_media":15505,"template":"","meta":{"_acf_changed":false,"inline_featured_image":false},"pwb-brand":[],"product_brand":[79],"product_cat":[30,403],"product_tag":[214],"class_list":{"0":"post-15507","1":"product","2":"type-product","3":"status-publish","4":"has-post-thumbnail","6":"product_brand-poc","7":"product_cat-solgleraugu","8":"product_cat-utivistargleraugu","9":"product_tag-poc","11":"first","12":"outofstock","13":"taxable","14":"shipping-taxable","15":"product-type-simple"},"acf":[],"yoast_head":"<!-- This site is optimized with the Yoast SEO plugin v27.4 - https:\/\/yoast.com\/product\/yoast-seo-wordpress\/ -->\n<title>POC WILL - Dutyfree Eyesland<\/title>\n<meta name=\"robots\" content=\"index, follow, max-snippet:-1, max-image-preview:large, max-video-preview:-1\" \/>\n<link rel=\"canonical\" href=\"https:\/\/dutyfree.eyesland.is\/en\/vara\/poc-will-2\/\" \/>\n<meta property=\"og:locale\" content=\"en_US\" \/>\n<meta property=\"og:type\" content=\"article\" \/>\n<meta property=\"og:title\" content=\"POC WILL - Dutyfree Eyesland\" \/>\n<meta property=\"og:description\" content=\"POC WILL - Gr\u00e1&nbsp; linsa - &nbsp;Cat. 3&nbsp;\" \/>\n<meta property=\"og:url\" content=\"https:\/\/dutyfree.eyesland.is\/en\/vara\/poc-will-2\/\" \/>\n<meta property=\"og:site_name\" content=\"Dutyfree Eyesland\" \/>\n<meta property=\"article:modified_time\" content=\"2026-03-11T16:09:43+00:00\" \/>\n<meta name=\"twitter:card\" content=\"summary_large_image\" \/>\n<script type=\"application\/ld+json\" class=\"yoast-schema-graph\">{\"@context\":\"https:\\\/\\\/schema.org\",\"@graph\":[{\"@type\":\"WebPage\",\"@id\":\"https:\\\/\\\/dutyfree.eyesland.is\\\/vara\\\/poc-will-2\\\/\",\"url\":\"https:\\\/\\\/dutyfree.eyesland.is\\\/vara\\\/poc-will-2\\\/\",\"name\":\"POC WILL - Dutyfree Eyesland\",\"isPartOf\":{\"@id\":\"https:\\\/\\\/dutyfree.eyesland.is\\\/#website\"},\"primaryImageOfPage\":{\"@id\":\"https:\\\/\\\/dutyfree.eyesland.is\\\/vara\\\/poc-will-2\\\/#primaryimage\"},\"image\":{\"@id\":\"https:\\\/\\\/dutyfree.eyesland.is\\\/vara\\\/poc-will-2\\\/#primaryimage\"},\"thumbnailUrl\":\"https:\\\/\\\/dutyfree.eyesland.is\\\/wp-content\\\/uploads\\\/2023\\\/05\\\/9c51b4f2-df4a-4ff9-848b-8ba81d12c553.png\",\"datePublished\":\"2023-05-26T14:09:22+00:00\",\"dateModified\":\"2026-03-11T16:09:43+00:00\",\"breadcrumb\":{\"@id\":\"https:\\\/\\\/dutyfree.eyesland.is\\\/vara\\\/poc-will-2\\\/#breadcrumb\"},\"inLanguage\":\"en-US\",\"potentialAction\":[{\"@type\":\"ReadAction\",\"target\":[\"https:\\\/\\\/dutyfree.eyesland.is\\\/vara\\\/poc-will-2\\\/\"]}]},{\"@type\":\"ImageObject\",\"inLanguage\":\"en-US\",\"@id\":\"https:\\\/\\\/dutyfree.eyesland.is\\\/vara\\\/poc-will-2\\\/#primaryimage\",\"url\":\"https:\\\/\\\/dutyfree.eyesland.is\\\/wp-content\\\/uploads\\\/2023\\\/05\\\/9c51b4f2-df4a-4ff9-848b-8ba81d12c553.png\",\"contentUrl\":\"https:\\\/\\\/dutyfree.eyesland.is\\\/wp-content\\\/uploads\\\/2023\\\/05\\\/9c51b4f2-df4a-4ff9-848b-8ba81d12c553.png\",\"width\":391,\"height\":187},{\"@type\":\"BreadcrumbList\",\"@id\":\"https:\\\/\\\/dutyfree.eyesland.is\\\/vara\\\/poc-will-2\\\/#breadcrumb\",\"itemListElement\":[{\"@type\":\"ListItem\",\"position\":1,\"name\":\"Home\",\"item\":\"https:\\\/\\\/dutyfree.eyesland.is\\\/\"},{\"@type\":\"ListItem\",\"position\":2,\"name\":\"POC WILL\"}]},{\"@type\":\"WebSite\",\"@id\":\"https:\\\/\\\/dutyfree.eyesland.is\\\/#website\",\"url\":\"https:\\\/\\\/dutyfree.eyesland.is\\\/\",\"name\":\"Dutyfree Eyesland\",\"description\":\"Dutyfree Eyesland gleraugnaverslun b\u00fd\u00f0ur upp\u00e1 miki\u00f0 og vanda\u00f0 \u00farval af merkja gleraugum. Sko\u00f0a\u00f0u \u00farvali\u00f0 strax \u00ed dag.\",\"potentialAction\":[{\"@type\":\"SearchAction\",\"target\":{\"@type\":\"EntryPoint\",\"urlTemplate\":\"https:\\\/\\\/dutyfree.eyesland.is\\\/?s={search_term_string}\"},\"query-input\":{\"@type\":\"PropertyValueSpecification\",\"valueRequired\":true,\"valueName\":\"search_term_string\"}}],\"inLanguage\":\"en-US\"}]}<\/script>\n<!-- \/ Yoast SEO plugin. -->","yoast_head_json":{"title":"POC WILL - Dutyfree Eyesland","robots":{"index":"index","follow":"follow","max-snippet":"max-snippet:-1","max-image-preview":"max-image-preview:large","max-video-preview":"max-video-preview:-1"},"canonical":"https:\/\/dutyfree.eyesland.is\/en\/vara\/poc-will-2\/","og_locale":"en_US","og_type":"article","og_title":"POC WILL - Dutyfree Eyesland","og_description":"POC WILL - Gr\u00e1&nbsp; linsa - &nbsp;Cat. 3&nbsp;","og_url":"https:\/\/dutyfree.eyesland.is\/en\/vara\/poc-will-2\/","og_site_name":"Dutyfree Eyesland","article_modified_time":"2026-03-11T16:09:43+00:00","twitter_card":"summary_large_image","schema":{"@context":"https:\/\/schema.org","@graph":[{"@type":"WebPage","@id":"https:\/\/dutyfree.eyesland.is\/vara\/poc-will-2\/","url":"https:\/\/dutyfree.eyesland.is\/vara\/poc-will-2\/","name":"POC WILL - Dutyfree Eyesland","isPartOf":{"@id":"https:\/\/dutyfree.eyesland.is\/#website"},"primaryImageOfPage":{"@id":"https:\/\/dutyfree.eyesland.is\/vara\/poc-will-2\/#primaryimage"},"image":{"@id":"https:\/\/dutyfree.eyesland.is\/vara\/poc-will-2\/#primaryimage"},"thumbnailUrl":"https:\/\/dutyfree.eyesland.is\/wp-content\/uploads\/2023\/05\/9c51b4f2-df4a-4ff9-848b-8ba81d12c553.png","datePublished":"2023-05-26T14:09:22+00:00","dateModified":"2026-03-11T16:09:43+00:00","breadcrumb":{"@id":"https:\/\/dutyfree.eyesland.is\/vara\/poc-will-2\/#breadcrumb"},"inLanguage":"en-US","potentialAction":[{"@type":"ReadAction","target":["https:\/\/dutyfree.eyesland.is\/vara\/poc-will-2\/"]}]},{"@type":"ImageObject","inLanguage":"en-US","@id":"https:\/\/dutyfree.eyesland.is\/vara\/poc-will-2\/#primaryimage","url":"https:\/\/dutyfree.eyesland.is\/wp-content\/uploads\/2023\/05\/9c51b4f2-df4a-4ff9-848b-8ba81d12c553.png","contentUrl":"https:\/\/dutyfree.eyesland.is\/wp-content\/uploads\/2023\/05\/9c51b4f2-df4a-4ff9-848b-8ba81d12c553.png","width":391,"height":187},{"@type":"BreadcrumbList","@id":"https:\/\/dutyfree.eyesland.is\/vara\/poc-will-2\/#breadcrumb","itemListElement":[{"@type":"ListItem","position":1,"name":"Home","item":"https:\/\/dutyfree.eyesland.is\/"},{"@type":"ListItem","position":2,"name":"POC WILL"}]},{"@type":"WebSite","@id":"https:\/\/dutyfree.eyesland.is\/#website","url":"https:\/\/dutyfree.eyesland.is\/","name":"Dutyfree Eyesland","description":"Dutyfree Eyesland gleraugnaverslun b\u00fd\u00f0ur upp\u00e1 miki\u00f0 og vanda\u00f0 \u00farval af merkja gleraugum. Sko\u00f0a\u00f0u \u00farvali\u00f0 strax \u00ed dag.","potentialAction":[{"@type":"SearchAction","target":{"@type":"EntryPoint","urlTemplate":"https:\/\/dutyfree.eyesland.is\/?s={search_term_string}"},"query-input":{"@type":"PropertyValueSpecification","valueRequired":true,"valueName":"search_term_string"}}],"inLanguage":"en-US"}]}},"brands":[],"_links":{"self":[{"href":"https:\/\/dutyfree.eyesland.is\/en\/wp-json\/wp\/v2\/product\/15507","targetHints":{"allow":["GET"]}}],"collection":[{"href":"https:\/\/dutyfree.eyesland.is\/en\/wp-json\/wp\/v2\/product"}],"about":[{"href":"https:\/\/dutyfree.eyesland.is\/en\/wp-json\/wp\/v2\/types\/product"}],"wp:featuredmedia":[{"embeddable":true,"href":"https:\/\/dutyfree.eyesland.is\/en\/wp-json\/wp\/v2\/media\/15505"}],"wp:attachment":[{"href":"https:\/\/dutyfree.eyesland.is\/en\/wp-json\/wp\/v2\/media?parent=15507"}],"wp:term":[{"taxonomy":"pwb-brand","embeddable":true,"href":"https:\/\/dutyfree.eyesland.is\/en\/wp-json\/wp\/v2\/pwb-brand?post=15507"},{"taxonomy":"product_brand","embeddable":true,"href":"https:\/\/dutyfree.eyesland.is\/en\/wp-json\/wp\/v2\/product_brand?post=15507"},{"taxonomy":"product_cat","embeddable":true,"href":"https:\/\/dutyfree.eyesland.is\/en\/wp-json\/wp\/v2\/product_cat?post=15507"},{"taxonomy":"product_tag","embeddable":true,"href":"https:\/\/dutyfree.eyesland.is\/en\/wp-json\/wp\/v2\/product_tag?post=15507"}],"curies":[{"name":"wp","href":"https:\/\/api.w.org\/{rel}","templated":true}]}}