{"id":15583,"date":"2023-09-08T11:55:41","date_gmt":"2023-09-08T11:55:41","guid":{"rendered":"https:\/\/dutyfree.eyesland.is\/vara\/poc-elicit-6\/"},"modified":"2026-03-11T16:09:48","modified_gmt":"2026-03-11T16:09:48","slug":"poc-elicit-6","status":"publish","type":"product","link":"https:\/\/dutyfree.eyesland.is\/en\/vara\/poc-elicit-6\/","title":{"rendered":"POC ELICIT"},"content":{"rendered":"<p>Poc Elicit eru l\u00e9tt og \u00fe\u00e6gileg \u00fativistargleraugu. Flott h\u00f6nnun og au\u00f0velt a\u00f0 skipta um linsur fyrir linsur me\u00f0 \u00f6\u00f0ru birtustigi. Nefp\u00fa\u00f0arnir eru me\u00f0 gott grip og haldast vel \u00fe\u00f3 svo a\u00f0 \u00fea\u00f0 s\u00e9 rigning. G\u00f3\u00f0 v\u00f6rn gegn \u00fatfj\u00f3lubl\u00e1um geislum (UV400)<\/p>\n<p>Linsan \u00ed POC gleraugunum heitir Clarity linsa og gefur \u00e1kaflega skarpa s\u00fdn \u00e1 umhverfi\u00f0 og hentar mj\u00f6g vel \u00ed \u00fativistina. H\u00f6nnun og framlei\u00f0sla \u00e1 Clarity linsunum var unnin \u00ed samstarfi vi\u00f0 glerframlei\u00f0andann Carl Zeiss.<\/p>\n<p>Lagi\u00f0 \u00e1 gleraugun passar s\u00e9rstaklega vel me\u00f0 hj\u00e1lmum.<\/p>","protected":false},"excerpt":{"rendered":"<p>POC ELICIT \u2013 Fj\u00f3lubl\u00e1r og silfur spegill &#8211; &nbsp;Cat.3&nbsp; &#8211; Aukalinsa (Cat.0) me\u00f0 kaupum.<\/p>","protected":false},"featured_media":15581,"template":"","meta":{"_acf_changed":false,"inline_featured_image":false},"pwb-brand":[],"product_brand":[79],"product_cat":[403],"product_tag":[214],"class_list":{"0":"post-15583","1":"product","2":"type-product","3":"status-publish","4":"has-post-thumbnail","6":"product_brand-poc","7":"product_cat-utivistargleraugu","8":"product_tag-poc","10":"first","11":"instock","12":"taxable","13":"shipping-taxable","14":"product-type-simple"},"acf":[],"yoast_head":"<!-- This site is optimized with the Yoast SEO plugin v27.4 - https:\/\/yoast.com\/product\/yoast-seo-wordpress\/ -->\n<title>POC ELICIT - Dutyfree Eyesland<\/title>\n<meta name=\"robots\" content=\"index, follow, max-snippet:-1, max-image-preview:large, max-video-preview:-1\" \/>\n<link rel=\"canonical\" href=\"https:\/\/dutyfree.eyesland.is\/en\/vara\/poc-elicit-6\/\" \/>\n<meta property=\"og:locale\" content=\"en_US\" \/>\n<meta property=\"og:type\" content=\"article\" \/>\n<meta property=\"og:title\" content=\"POC ELICIT - Dutyfree Eyesland\" \/>\n<meta property=\"og:description\" content=\"POC ELICIT \u2013 Fj\u00f3lubl\u00e1r og silfur spegill - &nbsp;Cat.3&nbsp; - Aukalinsa (Cat.0) me\u00f0 kaupum.\" \/>\n<meta property=\"og:url\" content=\"https:\/\/dutyfree.eyesland.is\/en\/vara\/poc-elicit-6\/\" \/>\n<meta property=\"og:site_name\" content=\"Dutyfree Eyesland\" \/>\n<meta property=\"article:modified_time\" content=\"2026-03-11T16:09:48+00:00\" \/>\n<meta name=\"twitter:card\" content=\"summary_large_image\" \/>\n<script type=\"application\/ld+json\" class=\"yoast-schema-graph\">{\"@context\":\"https:\\\/\\\/schema.org\",\"@graph\":[{\"@type\":\"WebPage\",\"@id\":\"https:\\\/\\\/dutyfree.eyesland.is\\\/vara\\\/poc-elicit-6\\\/\",\"url\":\"https:\\\/\\\/dutyfree.eyesland.is\\\/vara\\\/poc-elicit-6\\\/\",\"name\":\"POC ELICIT - Dutyfree Eyesland\",\"isPartOf\":{\"@id\":\"https:\\\/\\\/dutyfree.eyesland.is\\\/#website\"},\"primaryImageOfPage\":{\"@id\":\"https:\\\/\\\/dutyfree.eyesland.is\\\/vara\\\/poc-elicit-6\\\/#primaryimage\"},\"image\":{\"@id\":\"https:\\\/\\\/dutyfree.eyesland.is\\\/vara\\\/poc-elicit-6\\\/#primaryimage\"},\"thumbnailUrl\":\"https:\\\/\\\/dutyfree.eyesland.is\\\/wp-content\\\/uploads\\\/2023\\\/09\\\/a84dd364-48bb-4740-b61d-93aa5b055a6d.png\",\"datePublished\":\"2023-09-08T11:55:41+00:00\",\"dateModified\":\"2026-03-11T16:09:48+00:00\",\"breadcrumb\":{\"@id\":\"https:\\\/\\\/dutyfree.eyesland.is\\\/vara\\\/poc-elicit-6\\\/#breadcrumb\"},\"inLanguage\":\"en-US\",\"potentialAction\":[{\"@type\":\"ReadAction\",\"target\":[\"https:\\\/\\\/dutyfree.eyesland.is\\\/vara\\\/poc-elicit-6\\\/\"]}]},{\"@type\":\"ImageObject\",\"inLanguage\":\"en-US\",\"@id\":\"https:\\\/\\\/dutyfree.eyesland.is\\\/vara\\\/poc-elicit-6\\\/#primaryimage\",\"url\":\"https:\\\/\\\/dutyfree.eyesland.is\\\/wp-content\\\/uploads\\\/2023\\\/09\\\/a84dd364-48bb-4740-b61d-93aa5b055a6d.png\",\"contentUrl\":\"https:\\\/\\\/dutyfree.eyesland.is\\\/wp-content\\\/uploads\\\/2023\\\/09\\\/a84dd364-48bb-4740-b61d-93aa5b055a6d.png\",\"width\":2268,\"height\":1091},{\"@type\":\"BreadcrumbList\",\"@id\":\"https:\\\/\\\/dutyfree.eyesland.is\\\/vara\\\/poc-elicit-6\\\/#breadcrumb\",\"itemListElement\":[{\"@type\":\"ListItem\",\"position\":1,\"name\":\"Home\",\"item\":\"https:\\\/\\\/dutyfree.eyesland.is\\\/\"},{\"@type\":\"ListItem\",\"position\":2,\"name\":\"POC ELICIT\"}]},{\"@type\":\"WebSite\",\"@id\":\"https:\\\/\\\/dutyfree.eyesland.is\\\/#website\",\"url\":\"https:\\\/\\\/dutyfree.eyesland.is\\\/\",\"name\":\"Dutyfree Eyesland\",\"description\":\"Dutyfree Eyesland gleraugnaverslun b\u00fd\u00f0ur upp\u00e1 miki\u00f0 og vanda\u00f0 \u00farval af merkja gleraugum. Sko\u00f0a\u00f0u \u00farvali\u00f0 strax \u00ed dag.\",\"potentialAction\":[{\"@type\":\"SearchAction\",\"target\":{\"@type\":\"EntryPoint\",\"urlTemplate\":\"https:\\\/\\\/dutyfree.eyesland.is\\\/?s={search_term_string}\"},\"query-input\":{\"@type\":\"PropertyValueSpecification\",\"valueRequired\":true,\"valueName\":\"search_term_string\"}}],\"inLanguage\":\"en-US\"}]}<\/script>\n<!-- \/ Yoast SEO plugin. -->","yoast_head_json":{"title":"POC ELICIT - Dutyfree Eyesland","robots":{"index":"index","follow":"follow","max-snippet":"max-snippet:-1","max-image-preview":"max-image-preview:large","max-video-preview":"max-video-preview:-1"},"canonical":"https:\/\/dutyfree.eyesland.is\/en\/vara\/poc-elicit-6\/","og_locale":"en_US","og_type":"article","og_title":"POC ELICIT - Dutyfree Eyesland","og_description":"POC ELICIT \u2013 Fj\u00f3lubl\u00e1r og silfur spegill - &nbsp;Cat.3&nbsp; - Aukalinsa (Cat.0) me\u00f0 kaupum.","og_url":"https:\/\/dutyfree.eyesland.is\/en\/vara\/poc-elicit-6\/","og_site_name":"Dutyfree Eyesland","article_modified_time":"2026-03-11T16:09:48+00:00","twitter_card":"summary_large_image","schema":{"@context":"https:\/\/schema.org","@graph":[{"@type":"WebPage","@id":"https:\/\/dutyfree.eyesland.is\/vara\/poc-elicit-6\/","url":"https:\/\/dutyfree.eyesland.is\/vara\/poc-elicit-6\/","name":"POC ELICIT - Dutyfree Eyesland","isPartOf":{"@id":"https:\/\/dutyfree.eyesland.is\/#website"},"primaryImageOfPage":{"@id":"https:\/\/dutyfree.eyesland.is\/vara\/poc-elicit-6\/#primaryimage"},"image":{"@id":"https:\/\/dutyfree.eyesland.is\/vara\/poc-elicit-6\/#primaryimage"},"thumbnailUrl":"https:\/\/dutyfree.eyesland.is\/wp-content\/uploads\/2023\/09\/a84dd364-48bb-4740-b61d-93aa5b055a6d.png","datePublished":"2023-09-08T11:55:41+00:00","dateModified":"2026-03-11T16:09:48+00:00","breadcrumb":{"@id":"https:\/\/dutyfree.eyesland.is\/vara\/poc-elicit-6\/#breadcrumb"},"inLanguage":"en-US","potentialAction":[{"@type":"ReadAction","target":["https:\/\/dutyfree.eyesland.is\/vara\/poc-elicit-6\/"]}]},{"@type":"ImageObject","inLanguage":"en-US","@id":"https:\/\/dutyfree.eyesland.is\/vara\/poc-elicit-6\/#primaryimage","url":"https:\/\/dutyfree.eyesland.is\/wp-content\/uploads\/2023\/09\/a84dd364-48bb-4740-b61d-93aa5b055a6d.png","contentUrl":"https:\/\/dutyfree.eyesland.is\/wp-content\/uploads\/2023\/09\/a84dd364-48bb-4740-b61d-93aa5b055a6d.png","width":2268,"height":1091},{"@type":"BreadcrumbList","@id":"https:\/\/dutyfree.eyesland.is\/vara\/poc-elicit-6\/#breadcrumb","itemListElement":[{"@type":"ListItem","position":1,"name":"Home","item":"https:\/\/dutyfree.eyesland.is\/"},{"@type":"ListItem","position":2,"name":"POC ELICIT"}]},{"@type":"WebSite","@id":"https:\/\/dutyfree.eyesland.is\/#website","url":"https:\/\/dutyfree.eyesland.is\/","name":"Dutyfree Eyesland","description":"Dutyfree Eyesland gleraugnaverslun b\u00fd\u00f0ur upp\u00e1 miki\u00f0 og vanda\u00f0 \u00farval af merkja gleraugum. Sko\u00f0a\u00f0u \u00farvali\u00f0 strax \u00ed dag.","potentialAction":[{"@type":"SearchAction","target":{"@type":"EntryPoint","urlTemplate":"https:\/\/dutyfree.eyesland.is\/?s={search_term_string}"},"query-input":{"@type":"PropertyValueSpecification","valueRequired":true,"valueName":"search_term_string"}}],"inLanguage":"en-US"}]}},"brands":[],"_links":{"self":[{"href":"https:\/\/dutyfree.eyesland.is\/en\/wp-json\/wp\/v2\/product\/15583","targetHints":{"allow":["GET"]}}],"collection":[{"href":"https:\/\/dutyfree.eyesland.is\/en\/wp-json\/wp\/v2\/product"}],"about":[{"href":"https:\/\/dutyfree.eyesland.is\/en\/wp-json\/wp\/v2\/types\/product"}],"wp:featuredmedia":[{"embeddable":true,"href":"https:\/\/dutyfree.eyesland.is\/en\/wp-json\/wp\/v2\/media\/15581"}],"wp:attachment":[{"href":"https:\/\/dutyfree.eyesland.is\/en\/wp-json\/wp\/v2\/media?parent=15583"}],"wp:term":[{"taxonomy":"pwb-brand","embeddable":true,"href":"https:\/\/dutyfree.eyesland.is\/en\/wp-json\/wp\/v2\/pwb-brand?post=15583"},{"taxonomy":"product_brand","embeddable":true,"href":"https:\/\/dutyfree.eyesland.is\/en\/wp-json\/wp\/v2\/product_brand?post=15583"},{"taxonomy":"product_cat","embeddable":true,"href":"https:\/\/dutyfree.eyesland.is\/en\/wp-json\/wp\/v2\/product_cat?post=15583"},{"taxonomy":"product_tag","embeddable":true,"href":"https:\/\/dutyfree.eyesland.is\/en\/wp-json\/wp\/v2\/product_tag?post=15583"}],"curies":[{"name":"wp","href":"https:\/\/api.w.org\/{rel}","templated":true}]}}