{"id":15934,"date":"2023-10-18T11:09:21","date_gmt":"2023-10-18T11:09:21","guid":{"rendered":"https:\/\/dutyfree.eyesland.is\/vara\/david-beckham-db1020\/"},"modified":"2026-02-15T22:32:13","modified_gmt":"2026-02-15T22:32:13","slug":"david-beckham-db1020","status":"publish","type":"product","link":"https:\/\/dutyfree.eyesland.is\/en\/vara\/david-beckham-db1020\/","title":{"rendered":"David Beckham DB1020"},"content":{"rendered":"<p>St\u00e6r\u00f0: XL&nbsp;58-17-150<\/p>","protected":false},"excerpt":{"rendered":"<p>St\u00e6r\u00f0: XL&nbsp;58-17-150<\/p>","protected":false},"featured_media":15932,"template":"","meta":{"_acf_changed":false,"inline_featured_image":false},"pwb-brand":[],"product_brand":[],"product_cat":[171],"product_tag":[360],"class_list":{"0":"post-15934","1":"product","2":"type-product","3":"status-publish","4":"has-post-thumbnail","6":"product_cat-gleraugu","7":"product_tag-david-beckham","9":"first","10":"outofstock","11":"taxable","12":"shipping-taxable","13":"product-type-simple"},"acf":[],"yoast_head":"<!-- This site is optimized with the Yoast SEO plugin v27.4 - https:\/\/yoast.com\/product\/yoast-seo-wordpress\/ -->\n<title>David Beckham DB1020 - Dutyfree Eyesland<\/title>\n<meta name=\"robots\" content=\"index, follow, max-snippet:-1, max-image-preview:large, max-video-preview:-1\" \/>\n<link rel=\"canonical\" href=\"https:\/\/dutyfree.eyesland.is\/en\/vara\/david-beckham-db1020\/\" \/>\n<meta property=\"og:locale\" content=\"en_US\" \/>\n<meta property=\"og:type\" content=\"article\" \/>\n<meta property=\"og:title\" content=\"David Beckham DB1020 - Dutyfree Eyesland\" \/>\n<meta property=\"og:description\" content=\"St\u00e6r\u00f0: XL&nbsp;58-17-150\" \/>\n<meta property=\"og:url\" content=\"https:\/\/dutyfree.eyesland.is\/en\/vara\/david-beckham-db1020\/\" \/>\n<meta property=\"og:site_name\" content=\"Dutyfree Eyesland\" \/>\n<meta property=\"article:modified_time\" content=\"2026-02-15T22:32:13+00:00\" \/>\n<meta name=\"twitter:card\" content=\"summary_large_image\" \/>\n<script type=\"application\/ld+json\" class=\"yoast-schema-graph\">{\"@context\":\"https:\\\/\\\/schema.org\",\"@graph\":[{\"@type\":\"WebPage\",\"@id\":\"https:\\\/\\\/dutyfree.eyesland.is\\\/vara\\\/david-beckham-db1020\\\/\",\"url\":\"https:\\\/\\\/dutyfree.eyesland.is\\\/vara\\\/david-beckham-db1020\\\/\",\"name\":\"David Beckham DB1020 - Dutyfree Eyesland\",\"isPartOf\":{\"@id\":\"https:\\\/\\\/dutyfree.eyesland.is\\\/#website\"},\"primaryImageOfPage\":{\"@id\":\"https:\\\/\\\/dutyfree.eyesland.is\\\/vara\\\/david-beckham-db1020\\\/#primaryimage\"},\"image\":{\"@id\":\"https:\\\/\\\/dutyfree.eyesland.is\\\/vara\\\/david-beckham-db1020\\\/#primaryimage\"},\"thumbnailUrl\":\"https:\\\/\\\/dutyfree.eyesland.is\\\/wp-content\\\/uploads\\\/2023\\\/10\\\/36e860ff-8933-48fa-8780-6a5a4df9ed9a.png\",\"datePublished\":\"2023-10-18T11:09:21+00:00\",\"dateModified\":\"2026-02-15T22:32:13+00:00\",\"breadcrumb\":{\"@id\":\"https:\\\/\\\/dutyfree.eyesland.is\\\/vara\\\/david-beckham-db1020\\\/#breadcrumb\"},\"inLanguage\":\"en-US\",\"potentialAction\":[{\"@type\":\"ReadAction\",\"target\":[\"https:\\\/\\\/dutyfree.eyesland.is\\\/vara\\\/david-beckham-db1020\\\/\"]}]},{\"@type\":\"ImageObject\",\"inLanguage\":\"en-US\",\"@id\":\"https:\\\/\\\/dutyfree.eyesland.is\\\/vara\\\/david-beckham-db1020\\\/#primaryimage\",\"url\":\"https:\\\/\\\/dutyfree.eyesland.is\\\/wp-content\\\/uploads\\\/2023\\\/10\\\/36e860ff-8933-48fa-8780-6a5a4df9ed9a.png\",\"contentUrl\":\"https:\\\/\\\/dutyfree.eyesland.is\\\/wp-content\\\/uploads\\\/2023\\\/10\\\/36e860ff-8933-48fa-8780-6a5a4df9ed9a.png\",\"width\":671,\"height\":225},{\"@type\":\"BreadcrumbList\",\"@id\":\"https:\\\/\\\/dutyfree.eyesland.is\\\/vara\\\/david-beckham-db1020\\\/#breadcrumb\",\"itemListElement\":[{\"@type\":\"ListItem\",\"position\":1,\"name\":\"Home\",\"item\":\"https:\\\/\\\/dutyfree.eyesland.is\\\/\"},{\"@type\":\"ListItem\",\"position\":2,\"name\":\"David Beckham DB1020\"}]},{\"@type\":\"WebSite\",\"@id\":\"https:\\\/\\\/dutyfree.eyesland.is\\\/#website\",\"url\":\"https:\\\/\\\/dutyfree.eyesland.is\\\/\",\"name\":\"Dutyfree Eyesland\",\"description\":\"Dutyfree Eyesland gleraugnaverslun b\u00fd\u00f0ur upp\u00e1 miki\u00f0 og vanda\u00f0 \u00farval af merkja gleraugum. Sko\u00f0a\u00f0u \u00farvali\u00f0 strax \u00ed dag.\",\"potentialAction\":[{\"@type\":\"SearchAction\",\"target\":{\"@type\":\"EntryPoint\",\"urlTemplate\":\"https:\\\/\\\/dutyfree.eyesland.is\\\/?s={search_term_string}\"},\"query-input\":{\"@type\":\"PropertyValueSpecification\",\"valueRequired\":true,\"valueName\":\"search_term_string\"}}],\"inLanguage\":\"en-US\"}]}<\/script>\n<!-- \/ Yoast SEO plugin. -->","yoast_head_json":{"title":"David Beckham DB1020 - Dutyfree Eyesland","robots":{"index":"index","follow":"follow","max-snippet":"max-snippet:-1","max-image-preview":"max-image-preview:large","max-video-preview":"max-video-preview:-1"},"canonical":"https:\/\/dutyfree.eyesland.is\/en\/vara\/david-beckham-db1020\/","og_locale":"en_US","og_type":"article","og_title":"David Beckham DB1020 - Dutyfree Eyesland","og_description":"St\u00e6r\u00f0: XL&nbsp;58-17-150","og_url":"https:\/\/dutyfree.eyesland.is\/en\/vara\/david-beckham-db1020\/","og_site_name":"Dutyfree Eyesland","article_modified_time":"2026-02-15T22:32:13+00:00","twitter_card":"summary_large_image","schema":{"@context":"https:\/\/schema.org","@graph":[{"@type":"WebPage","@id":"https:\/\/dutyfree.eyesland.is\/vara\/david-beckham-db1020\/","url":"https:\/\/dutyfree.eyesland.is\/vara\/david-beckham-db1020\/","name":"David Beckham DB1020 - Dutyfree Eyesland","isPartOf":{"@id":"https:\/\/dutyfree.eyesland.is\/#website"},"primaryImageOfPage":{"@id":"https:\/\/dutyfree.eyesland.is\/vara\/david-beckham-db1020\/#primaryimage"},"image":{"@id":"https:\/\/dutyfree.eyesland.is\/vara\/david-beckham-db1020\/#primaryimage"},"thumbnailUrl":"https:\/\/dutyfree.eyesland.is\/wp-content\/uploads\/2023\/10\/36e860ff-8933-48fa-8780-6a5a4df9ed9a.png","datePublished":"2023-10-18T11:09:21+00:00","dateModified":"2026-02-15T22:32:13+00:00","breadcrumb":{"@id":"https:\/\/dutyfree.eyesland.is\/vara\/david-beckham-db1020\/#breadcrumb"},"inLanguage":"en-US","potentialAction":[{"@type":"ReadAction","target":["https:\/\/dutyfree.eyesland.is\/vara\/david-beckham-db1020\/"]}]},{"@type":"ImageObject","inLanguage":"en-US","@id":"https:\/\/dutyfree.eyesland.is\/vara\/david-beckham-db1020\/#primaryimage","url":"https:\/\/dutyfree.eyesland.is\/wp-content\/uploads\/2023\/10\/36e860ff-8933-48fa-8780-6a5a4df9ed9a.png","contentUrl":"https:\/\/dutyfree.eyesland.is\/wp-content\/uploads\/2023\/10\/36e860ff-8933-48fa-8780-6a5a4df9ed9a.png","width":671,"height":225},{"@type":"BreadcrumbList","@id":"https:\/\/dutyfree.eyesland.is\/vara\/david-beckham-db1020\/#breadcrumb","itemListElement":[{"@type":"ListItem","position":1,"name":"Home","item":"https:\/\/dutyfree.eyesland.is\/"},{"@type":"ListItem","position":2,"name":"David Beckham DB1020"}]},{"@type":"WebSite","@id":"https:\/\/dutyfree.eyesland.is\/#website","url":"https:\/\/dutyfree.eyesland.is\/","name":"Dutyfree Eyesland","description":"Dutyfree Eyesland gleraugnaverslun b\u00fd\u00f0ur upp\u00e1 miki\u00f0 og vanda\u00f0 \u00farval af merkja gleraugum. Sko\u00f0a\u00f0u \u00farvali\u00f0 strax \u00ed dag.","potentialAction":[{"@type":"SearchAction","target":{"@type":"EntryPoint","urlTemplate":"https:\/\/dutyfree.eyesland.is\/?s={search_term_string}"},"query-input":{"@type":"PropertyValueSpecification","valueRequired":true,"valueName":"search_term_string"}}],"inLanguage":"en-US"}]}},"brands":[],"_links":{"self":[{"href":"https:\/\/dutyfree.eyesland.is\/en\/wp-json\/wp\/v2\/product\/15934","targetHints":{"allow":["GET"]}}],"collection":[{"href":"https:\/\/dutyfree.eyesland.is\/en\/wp-json\/wp\/v2\/product"}],"about":[{"href":"https:\/\/dutyfree.eyesland.is\/en\/wp-json\/wp\/v2\/types\/product"}],"wp:featuredmedia":[{"embeddable":true,"href":"https:\/\/dutyfree.eyesland.is\/en\/wp-json\/wp\/v2\/media\/15932"}],"wp:attachment":[{"href":"https:\/\/dutyfree.eyesland.is\/en\/wp-json\/wp\/v2\/media?parent=15934"}],"wp:term":[{"taxonomy":"pwb-brand","embeddable":true,"href":"https:\/\/dutyfree.eyesland.is\/en\/wp-json\/wp\/v2\/pwb-brand?post=15934"},{"taxonomy":"product_brand","embeddable":true,"href":"https:\/\/dutyfree.eyesland.is\/en\/wp-json\/wp\/v2\/product_brand?post=15934"},{"taxonomy":"product_cat","embeddable":true,"href":"https:\/\/dutyfree.eyesland.is\/en\/wp-json\/wp\/v2\/product_cat?post=15934"},{"taxonomy":"product_tag","embeddable":true,"href":"https:\/\/dutyfree.eyesland.is\/en\/wp-json\/wp\/v2\/product_tag?post=15934"}],"curies":[{"name":"wp","href":"https:\/\/api.w.org\/{rel}","templated":true}]}}