{"id":16187,"date":"2024-05-06T12:24:14","date_gmt":"2024-05-06T12:24:14","guid":{"rendered":"https:\/\/dutyfree.eyesland.is\/vara\/marc-jacobs-5\/"},"modified":"2026-02-15T22:33:49","modified_gmt":"2026-02-15T22:33:49","slug":"marc-jacobs-5","status":"publish","type":"product","link":"https:\/\/dutyfree.eyesland.is\/en\/vara\/marc-jacobs-5\/","title":{"rendered":"Marc Jacobs"},"content":{"rendered":"<p>55 M<\/p>","protected":false},"excerpt":{"rendered":"<p>https:\/\/dutyfree.eyesland.is\/vara\/MJ581\/S 05L<\/p>","protected":false},"featured_media":16185,"template":"","meta":{"_acf_changed":false,"inline_featured_image":false},"pwb-brand":[],"product_brand":[76],"product_cat":[30],"product_tag":[],"class_list":{"0":"post-16187","1":"product","2":"type-product","3":"status-publish","4":"has-post-thumbnail","6":"product_brand-marc-jacobs","7":"product_cat-solgleraugu","9":"first","10":"outofstock","11":"taxable","12":"shipping-taxable","13":"product-type-simple"},"acf":[],"yoast_head":"<!-- This site is optimized with the Yoast SEO plugin v27.2 - https:\/\/yoast.com\/product\/yoast-seo-wordpress\/ -->\n<title>Marc Jacobs - Dutyfree Eyesland<\/title>\n<meta name=\"robots\" content=\"index, follow, max-snippet:-1, max-image-preview:large, max-video-preview:-1\" \/>\n<link rel=\"canonical\" href=\"https:\/\/dutyfree.eyesland.is\/en\/vara\/marc-jacobs-5\/\" \/>\n<meta property=\"og:locale\" content=\"en_US\" \/>\n<meta property=\"og:type\" content=\"article\" \/>\n<meta property=\"og:title\" content=\"Marc Jacobs - Dutyfree Eyesland\" \/>\n<meta property=\"og:description\" content=\"https:\/\/dutyfree.eyesland.is\/vara\/MJ581\/S 05L\" \/>\n<meta property=\"og:url\" content=\"https:\/\/dutyfree.eyesland.is\/en\/vara\/marc-jacobs-5\/\" \/>\n<meta property=\"og:site_name\" content=\"Dutyfree Eyesland\" \/>\n<meta property=\"article:modified_time\" content=\"2026-02-15T22:33:49+00:00\" \/>\n<meta name=\"twitter:card\" content=\"summary_large_image\" \/>\n<script type=\"application\/ld+json\" class=\"yoast-schema-graph\">{\"@context\":\"https:\/\/schema.org\",\"@graph\":[{\"@type\":\"WebPage\",\"@id\":\"https:\/\/dutyfree.eyesland.is\/vara\/marc-jacobs-5\/\",\"url\":\"https:\/\/dutyfree.eyesland.is\/vara\/marc-jacobs-5\/\",\"name\":\"Marc Jacobs - Dutyfree Eyesland\",\"isPartOf\":{\"@id\":\"https:\/\/dutyfree.eyesland.is\/#website\"},\"primaryImageOfPage\":{\"@id\":\"https:\/\/dutyfree.eyesland.is\/vara\/marc-jacobs-5\/#primaryimage\"},\"image\":{\"@id\":\"https:\/\/dutyfree.eyesland.is\/vara\/marc-jacobs-5\/#primaryimage\"},\"thumbnailUrl\":\"https:\/\/dutyfree.eyesland.is\/wp-content\/uploads\/2024\/05\/b61f46e7-5bf0-4e7a-8267-6b30bbb2451b.png\",\"datePublished\":\"2024-05-06T12:24:14+00:00\",\"dateModified\":\"2026-02-15T22:33:49+00:00\",\"breadcrumb\":{\"@id\":\"https:\/\/dutyfree.eyesland.is\/vara\/marc-jacobs-5\/#breadcrumb\"},\"inLanguage\":\"en-US\",\"potentialAction\":[{\"@type\":\"ReadAction\",\"target\":[\"https:\/\/dutyfree.eyesland.is\/vara\/marc-jacobs-5\/\"]}]},{\"@type\":\"ImageObject\",\"inLanguage\":\"en-US\",\"@id\":\"https:\/\/dutyfree.eyesland.is\/vara\/marc-jacobs-5\/#primaryimage\",\"url\":\"https:\/\/dutyfree.eyesland.is\/wp-content\/uploads\/2024\/05\/b61f46e7-5bf0-4e7a-8267-6b30bbb2451b.png\",\"contentUrl\":\"https:\/\/dutyfree.eyesland.is\/wp-content\/uploads\/2024\/05\/b61f46e7-5bf0-4e7a-8267-6b30bbb2451b.png\",\"width\":660,\"height\":282},{\"@type\":\"BreadcrumbList\",\"@id\":\"https:\/\/dutyfree.eyesland.is\/vara\/marc-jacobs-5\/#breadcrumb\",\"itemListElement\":[{\"@type\":\"ListItem\",\"position\":1,\"name\":\"Home\",\"item\":\"https:\/\/dutyfree.eyesland.is\/\"},{\"@type\":\"ListItem\",\"position\":2,\"name\":\"Marc Jacobs\"}]},{\"@type\":\"WebSite\",\"@id\":\"https:\/\/dutyfree.eyesland.is\/#website\",\"url\":\"https:\/\/dutyfree.eyesland.is\/\",\"name\":\"Dutyfree Eyesland\",\"description\":\"Dutyfree Eyesland gleraugnaverslun b\u00fd\u00f0ur upp\u00e1 miki\u00f0 og vanda\u00f0 \u00farval af merkja gleraugum. Sko\u00f0a\u00f0u \u00farvali\u00f0 strax \u00ed dag.\",\"potentialAction\":[{\"@type\":\"SearchAction\",\"target\":{\"@type\":\"EntryPoint\",\"urlTemplate\":\"https:\/\/dutyfree.eyesland.is\/?s={search_term_string}\"},\"query-input\":{\"@type\":\"PropertyValueSpecification\",\"valueRequired\":true,\"valueName\":\"search_term_string\"}}],\"inLanguage\":\"en-US\"}]}<\/script>\n<!-- \/ Yoast SEO plugin. -->","yoast_head_json":{"title":"Marc Jacobs - Dutyfree Eyesland","robots":{"index":"index","follow":"follow","max-snippet":"max-snippet:-1","max-image-preview":"max-image-preview:large","max-video-preview":"max-video-preview:-1"},"canonical":"https:\/\/dutyfree.eyesland.is\/en\/vara\/marc-jacobs-5\/","og_locale":"en_US","og_type":"article","og_title":"Marc Jacobs - Dutyfree Eyesland","og_description":"https:\/\/dutyfree.eyesland.is\/vara\/MJ581\/S 05L","og_url":"https:\/\/dutyfree.eyesland.is\/en\/vara\/marc-jacobs-5\/","og_site_name":"Dutyfree Eyesland","article_modified_time":"2026-02-15T22:33:49+00:00","twitter_card":"summary_large_image","schema":{"@context":"https:\/\/schema.org","@graph":[{"@type":"WebPage","@id":"https:\/\/dutyfree.eyesland.is\/vara\/marc-jacobs-5\/","url":"https:\/\/dutyfree.eyesland.is\/vara\/marc-jacobs-5\/","name":"Marc Jacobs - Dutyfree Eyesland","isPartOf":{"@id":"https:\/\/dutyfree.eyesland.is\/#website"},"primaryImageOfPage":{"@id":"https:\/\/dutyfree.eyesland.is\/vara\/marc-jacobs-5\/#primaryimage"},"image":{"@id":"https:\/\/dutyfree.eyesland.is\/vara\/marc-jacobs-5\/#primaryimage"},"thumbnailUrl":"https:\/\/dutyfree.eyesland.is\/wp-content\/uploads\/2024\/05\/b61f46e7-5bf0-4e7a-8267-6b30bbb2451b.png","datePublished":"2024-05-06T12:24:14+00:00","dateModified":"2026-02-15T22:33:49+00:00","breadcrumb":{"@id":"https:\/\/dutyfree.eyesland.is\/vara\/marc-jacobs-5\/#breadcrumb"},"inLanguage":"en-US","potentialAction":[{"@type":"ReadAction","target":["https:\/\/dutyfree.eyesland.is\/vara\/marc-jacobs-5\/"]}]},{"@type":"ImageObject","inLanguage":"en-US","@id":"https:\/\/dutyfree.eyesland.is\/vara\/marc-jacobs-5\/#primaryimage","url":"https:\/\/dutyfree.eyesland.is\/wp-content\/uploads\/2024\/05\/b61f46e7-5bf0-4e7a-8267-6b30bbb2451b.png","contentUrl":"https:\/\/dutyfree.eyesland.is\/wp-content\/uploads\/2024\/05\/b61f46e7-5bf0-4e7a-8267-6b30bbb2451b.png","width":660,"height":282},{"@type":"BreadcrumbList","@id":"https:\/\/dutyfree.eyesland.is\/vara\/marc-jacobs-5\/#breadcrumb","itemListElement":[{"@type":"ListItem","position":1,"name":"Home","item":"https:\/\/dutyfree.eyesland.is\/"},{"@type":"ListItem","position":2,"name":"Marc Jacobs"}]},{"@type":"WebSite","@id":"https:\/\/dutyfree.eyesland.is\/#website","url":"https:\/\/dutyfree.eyesland.is\/","name":"Dutyfree Eyesland","description":"Dutyfree Eyesland gleraugnaverslun b\u00fd\u00f0ur upp\u00e1 miki\u00f0 og vanda\u00f0 \u00farval af merkja gleraugum. Sko\u00f0a\u00f0u \u00farvali\u00f0 strax \u00ed dag.","potentialAction":[{"@type":"SearchAction","target":{"@type":"EntryPoint","urlTemplate":"https:\/\/dutyfree.eyesland.is\/?s={search_term_string}"},"query-input":{"@type":"PropertyValueSpecification","valueRequired":true,"valueName":"search_term_string"}}],"inLanguage":"en-US"}]}},"brands":[],"_links":{"self":[{"href":"https:\/\/dutyfree.eyesland.is\/en\/wp-json\/wp\/v2\/product\/16187","targetHints":{"allow":["GET"]}}],"collection":[{"href":"https:\/\/dutyfree.eyesland.is\/en\/wp-json\/wp\/v2\/product"}],"about":[{"href":"https:\/\/dutyfree.eyesland.is\/en\/wp-json\/wp\/v2\/types\/product"}],"wp:featuredmedia":[{"embeddable":true,"href":"https:\/\/dutyfree.eyesland.is\/en\/wp-json\/wp\/v2\/media\/16185"}],"wp:attachment":[{"href":"https:\/\/dutyfree.eyesland.is\/en\/wp-json\/wp\/v2\/media?parent=16187"}],"wp:term":[{"taxonomy":"pwb-brand","embeddable":true,"href":"https:\/\/dutyfree.eyesland.is\/en\/wp-json\/wp\/v2\/pwb-brand?post=16187"},{"taxonomy":"product_brand","embeddable":true,"href":"https:\/\/dutyfree.eyesland.is\/en\/wp-json\/wp\/v2\/product_brand?post=16187"},{"taxonomy":"product_cat","embeddable":true,"href":"https:\/\/dutyfree.eyesland.is\/en\/wp-json\/wp\/v2\/product_cat?post=16187"},{"taxonomy":"product_tag","embeddable":true,"href":"https:\/\/dutyfree.eyesland.is\/en\/wp-json\/wp\/v2\/product_tag?post=16187"}],"curies":[{"name":"wp","href":"https:\/\/api.w.org\/{rel}","templated":true}]}}