{"id":16708,"date":"2024-05-29T12:24:15","date_gmt":"2024-05-29T12:24:15","guid":{"rendered":"https:\/\/dutyfree.eyesland.is\/vara\/oakley-frogskins-hybrid-2\/"},"modified":"2026-03-11T16:11:32","modified_gmt":"2026-03-11T16:11:32","slug":"oakley-frogskins-hybrid-2","status":"publish","type":"product","link":"https:\/\/dutyfree.eyesland.is\/en\/vara\/oakley-frogskins-hybrid-2\/","title":{"rendered":"OAKLEY Frogskins hybrid"},"content":{"rendered":"<p>Frogskins hybrid<\/p>\n<p>Size 55&nbsp;<\/p>","protected":false},"excerpt":{"rendered":"<p>Frogskins hybrid<\/p>","protected":false},"featured_media":16706,"template":"","meta":{"_acf_changed":false,"inline_featured_image":false},"pwb-brand":[],"product_brand":[86],"product_cat":[30,403],"product_tag":[211],"class_list":{"0":"post-16708","1":"product","2":"type-product","3":"status-publish","4":"has-post-thumbnail","6":"product_brand-oakley","7":"product_cat-solgleraugu","8":"product_cat-utivistargleraugu","9":"product_tag-oakley","11":"first","12":"outofstock","13":"taxable","14":"shipping-taxable","15":"product-type-simple"},"acf":[],"yoast_head":"<!-- This site is optimized with the Yoast SEO plugin v27.4 - https:\/\/yoast.com\/product\/yoast-seo-wordpress\/ -->\n<title>OAKLEY Frogskins hybrid - Dutyfree Eyesland<\/title>\n<meta name=\"robots\" content=\"index, follow, max-snippet:-1, max-image-preview:large, max-video-preview:-1\" \/>\n<link rel=\"canonical\" href=\"https:\/\/dutyfree.eyesland.is\/en\/vara\/oakley-frogskins-hybrid-2\/\" \/>\n<meta property=\"og:locale\" content=\"en_US\" \/>\n<meta property=\"og:type\" content=\"article\" \/>\n<meta property=\"og:title\" content=\"OAKLEY Frogskins hybrid - Dutyfree Eyesland\" \/>\n<meta property=\"og:description\" content=\"Frogskins hybrid\" \/>\n<meta property=\"og:url\" content=\"https:\/\/dutyfree.eyesland.is\/en\/vara\/oakley-frogskins-hybrid-2\/\" \/>\n<meta property=\"og:site_name\" content=\"Dutyfree Eyesland\" \/>\n<meta property=\"article:modified_time\" content=\"2026-03-11T16:11:32+00:00\" \/>\n<meta name=\"twitter:card\" content=\"summary_large_image\" \/>\n<script type=\"application\/ld+json\" class=\"yoast-schema-graph\">{\"@context\":\"https:\\\/\\\/schema.org\",\"@graph\":[{\"@type\":\"WebPage\",\"@id\":\"https:\\\/\\\/dutyfree.eyesland.is\\\/vara\\\/oakley-frogskins-hybrid-2\\\/\",\"url\":\"https:\\\/\\\/dutyfree.eyesland.is\\\/vara\\\/oakley-frogskins-hybrid-2\\\/\",\"name\":\"OAKLEY Frogskins hybrid - Dutyfree Eyesland\",\"isPartOf\":{\"@id\":\"https:\\\/\\\/dutyfree.eyesland.is\\\/#website\"},\"primaryImageOfPage\":{\"@id\":\"https:\\\/\\\/dutyfree.eyesland.is\\\/vara\\\/oakley-frogskins-hybrid-2\\\/#primaryimage\"},\"image\":{\"@id\":\"https:\\\/\\\/dutyfree.eyesland.is\\\/vara\\\/oakley-frogskins-hybrid-2\\\/#primaryimage\"},\"thumbnailUrl\":\"https:\\\/\\\/dutyfree.eyesland.is\\\/wp-content\\\/uploads\\\/2024\\\/05\\\/f9778d1e-8685-4f21-b209-75ed398c4525.png\",\"datePublished\":\"2024-05-29T12:24:15+00:00\",\"dateModified\":\"2026-03-11T16:11:32+00:00\",\"breadcrumb\":{\"@id\":\"https:\\\/\\\/dutyfree.eyesland.is\\\/vara\\\/oakley-frogskins-hybrid-2\\\/#breadcrumb\"},\"inLanguage\":\"en-US\",\"potentialAction\":[{\"@type\":\"ReadAction\",\"target\":[\"https:\\\/\\\/dutyfree.eyesland.is\\\/vara\\\/oakley-frogskins-hybrid-2\\\/\"]}]},{\"@type\":\"ImageObject\",\"inLanguage\":\"en-US\",\"@id\":\"https:\\\/\\\/dutyfree.eyesland.is\\\/vara\\\/oakley-frogskins-hybrid-2\\\/#primaryimage\",\"url\":\"https:\\\/\\\/dutyfree.eyesland.is\\\/wp-content\\\/uploads\\\/2024\\\/05\\\/f9778d1e-8685-4f21-b209-75ed398c4525.png\",\"contentUrl\":\"https:\\\/\\\/dutyfree.eyesland.is\\\/wp-content\\\/uploads\\\/2024\\\/05\\\/f9778d1e-8685-4f21-b209-75ed398c4525.png\",\"width\":607,\"height\":300},{\"@type\":\"BreadcrumbList\",\"@id\":\"https:\\\/\\\/dutyfree.eyesland.is\\\/vara\\\/oakley-frogskins-hybrid-2\\\/#breadcrumb\",\"itemListElement\":[{\"@type\":\"ListItem\",\"position\":1,\"name\":\"Home\",\"item\":\"https:\\\/\\\/dutyfree.eyesland.is\\\/\"},{\"@type\":\"ListItem\",\"position\":2,\"name\":\"OAKLEY Frogskins hybrid\"}]},{\"@type\":\"WebSite\",\"@id\":\"https:\\\/\\\/dutyfree.eyesland.is\\\/#website\",\"url\":\"https:\\\/\\\/dutyfree.eyesland.is\\\/\",\"name\":\"Dutyfree Eyesland\",\"description\":\"Dutyfree Eyesland gleraugnaverslun b\u00fd\u00f0ur upp\u00e1 miki\u00f0 og vanda\u00f0 \u00farval af merkja gleraugum. Sko\u00f0a\u00f0u \u00farvali\u00f0 strax \u00ed dag.\",\"potentialAction\":[{\"@type\":\"SearchAction\",\"target\":{\"@type\":\"EntryPoint\",\"urlTemplate\":\"https:\\\/\\\/dutyfree.eyesland.is\\\/?s={search_term_string}\"},\"query-input\":{\"@type\":\"PropertyValueSpecification\",\"valueRequired\":true,\"valueName\":\"search_term_string\"}}],\"inLanguage\":\"en-US\"}]}<\/script>\n<!-- \/ Yoast SEO plugin. -->","yoast_head_json":{"title":"OAKLEY Frogskins hybrid - Dutyfree Eyesland","robots":{"index":"index","follow":"follow","max-snippet":"max-snippet:-1","max-image-preview":"max-image-preview:large","max-video-preview":"max-video-preview:-1"},"canonical":"https:\/\/dutyfree.eyesland.is\/en\/vara\/oakley-frogskins-hybrid-2\/","og_locale":"en_US","og_type":"article","og_title":"OAKLEY Frogskins hybrid - Dutyfree Eyesland","og_description":"Frogskins hybrid","og_url":"https:\/\/dutyfree.eyesland.is\/en\/vara\/oakley-frogskins-hybrid-2\/","og_site_name":"Dutyfree Eyesland","article_modified_time":"2026-03-11T16:11:32+00:00","twitter_card":"summary_large_image","schema":{"@context":"https:\/\/schema.org","@graph":[{"@type":"WebPage","@id":"https:\/\/dutyfree.eyesland.is\/vara\/oakley-frogskins-hybrid-2\/","url":"https:\/\/dutyfree.eyesland.is\/vara\/oakley-frogskins-hybrid-2\/","name":"OAKLEY Frogskins hybrid - Dutyfree Eyesland","isPartOf":{"@id":"https:\/\/dutyfree.eyesland.is\/#website"},"primaryImageOfPage":{"@id":"https:\/\/dutyfree.eyesland.is\/vara\/oakley-frogskins-hybrid-2\/#primaryimage"},"image":{"@id":"https:\/\/dutyfree.eyesland.is\/vara\/oakley-frogskins-hybrid-2\/#primaryimage"},"thumbnailUrl":"https:\/\/dutyfree.eyesland.is\/wp-content\/uploads\/2024\/05\/f9778d1e-8685-4f21-b209-75ed398c4525.png","datePublished":"2024-05-29T12:24:15+00:00","dateModified":"2026-03-11T16:11:32+00:00","breadcrumb":{"@id":"https:\/\/dutyfree.eyesland.is\/vara\/oakley-frogskins-hybrid-2\/#breadcrumb"},"inLanguage":"en-US","potentialAction":[{"@type":"ReadAction","target":["https:\/\/dutyfree.eyesland.is\/vara\/oakley-frogskins-hybrid-2\/"]}]},{"@type":"ImageObject","inLanguage":"en-US","@id":"https:\/\/dutyfree.eyesland.is\/vara\/oakley-frogskins-hybrid-2\/#primaryimage","url":"https:\/\/dutyfree.eyesland.is\/wp-content\/uploads\/2024\/05\/f9778d1e-8685-4f21-b209-75ed398c4525.png","contentUrl":"https:\/\/dutyfree.eyesland.is\/wp-content\/uploads\/2024\/05\/f9778d1e-8685-4f21-b209-75ed398c4525.png","width":607,"height":300},{"@type":"BreadcrumbList","@id":"https:\/\/dutyfree.eyesland.is\/vara\/oakley-frogskins-hybrid-2\/#breadcrumb","itemListElement":[{"@type":"ListItem","position":1,"name":"Home","item":"https:\/\/dutyfree.eyesland.is\/"},{"@type":"ListItem","position":2,"name":"OAKLEY Frogskins hybrid"}]},{"@type":"WebSite","@id":"https:\/\/dutyfree.eyesland.is\/#website","url":"https:\/\/dutyfree.eyesland.is\/","name":"Dutyfree Eyesland","description":"Dutyfree Eyesland gleraugnaverslun b\u00fd\u00f0ur upp\u00e1 miki\u00f0 og vanda\u00f0 \u00farval af merkja gleraugum. Sko\u00f0a\u00f0u \u00farvali\u00f0 strax \u00ed dag.","potentialAction":[{"@type":"SearchAction","target":{"@type":"EntryPoint","urlTemplate":"https:\/\/dutyfree.eyesland.is\/?s={search_term_string}"},"query-input":{"@type":"PropertyValueSpecification","valueRequired":true,"valueName":"search_term_string"}}],"inLanguage":"en-US"}]}},"brands":[],"_links":{"self":[{"href":"https:\/\/dutyfree.eyesland.is\/en\/wp-json\/wp\/v2\/product\/16708","targetHints":{"allow":["GET"]}}],"collection":[{"href":"https:\/\/dutyfree.eyesland.is\/en\/wp-json\/wp\/v2\/product"}],"about":[{"href":"https:\/\/dutyfree.eyesland.is\/en\/wp-json\/wp\/v2\/types\/product"}],"wp:featuredmedia":[{"embeddable":true,"href":"https:\/\/dutyfree.eyesland.is\/en\/wp-json\/wp\/v2\/media\/16706"}],"wp:attachment":[{"href":"https:\/\/dutyfree.eyesland.is\/en\/wp-json\/wp\/v2\/media?parent=16708"}],"wp:term":[{"taxonomy":"pwb-brand","embeddable":true,"href":"https:\/\/dutyfree.eyesland.is\/en\/wp-json\/wp\/v2\/pwb-brand?post=16708"},{"taxonomy":"product_brand","embeddable":true,"href":"https:\/\/dutyfree.eyesland.is\/en\/wp-json\/wp\/v2\/product_brand?post=16708"},{"taxonomy":"product_cat","embeddable":true,"href":"https:\/\/dutyfree.eyesland.is\/en\/wp-json\/wp\/v2\/product_cat?post=16708"},{"taxonomy":"product_tag","embeddable":true,"href":"https:\/\/dutyfree.eyesland.is\/en\/wp-json\/wp\/v2\/product_tag?post=16708"}],"curies":[{"name":"wp","href":"https:\/\/api.w.org\/{rel}","templated":true}]}}