{"id":17202,"date":"2026-01-09T15:39:15","date_gmt":"2026-01-09T15:39:15","guid":{"rendered":"https:\/\/dutyfree.eyesland.is\/vara\/zeal-cloudfall-drift-optimum-sakura\/"},"modified":"2026-04-14T13:26:57","modified_gmt":"2026-04-14T13:26:57","slug":"zeal-cloudfall-drift-optimum-sakura","status":"publish","type":"product","link":"https:\/\/dutyfree.eyesland.is\/en\/vara\/zeal-cloudfall-drift-optimum-sakura\/","title":{"rendered":"Zeal &#8211; Cloudfall Drift Optimum Sakura"},"content":{"rendered":"<p>Gogglar Sk\u00ed\u00f0agleraugu<\/p>\n<p class=\"accordion-tabs__content-item\" style=\"margin-top: 5px; margin-bottom: 5px; font-family: &quot;Interstate Light&quot;, sans-serif; color: initial; text-decoration-color: initial;\"><\/p>","protected":false},"excerpt":{"rendered":"<p>Gogglar Sk\u00ed\u00f0agleraugu<\/p>","protected":false},"featured_media":17336,"template":"","meta":{"_acf_changed":false,"inline_featured_image":false},"pwb-brand":[],"product_brand":[401],"product_cat":[400,403],"product_tag":[402],"class_list":{"0":"post-17202","1":"product","2":"type-product","3":"status-publish","4":"has-post-thumbnail","6":"product_brand-zeal-optics","7":"product_cat-skidagleraugu","8":"product_cat-utivistargleraugu","9":"product_tag-zeal-optics","11":"first","12":"instock","13":"taxable","14":"shipping-taxable","15":"product-type-simple"},"acf":[],"yoast_head":"<!-- This site is optimized with the Yoast SEO plugin v27.2 - https:\/\/yoast.com\/product\/yoast-seo-wordpress\/ -->\n<title>Zeal - Cloudfall Drift Optimum Sakura - Dutyfree Eyesland<\/title>\n<meta name=\"robots\" content=\"index, follow, max-snippet:-1, max-image-preview:large, max-video-preview:-1\" \/>\n<link rel=\"canonical\" href=\"https:\/\/dutyfree.eyesland.is\/en\/vara\/zeal-cloudfall-drift-optimum-sakura\/\" \/>\n<meta property=\"og:locale\" content=\"en_US\" \/>\n<meta property=\"og:type\" content=\"article\" \/>\n<meta property=\"og:title\" content=\"Zeal - Cloudfall Drift Optimum Sakura - Dutyfree Eyesland\" \/>\n<meta property=\"og:description\" content=\"Gogglar Sk\u00ed\u00f0agleraugu\" \/>\n<meta property=\"og:url\" content=\"https:\/\/dutyfree.eyesland.is\/en\/vara\/zeal-cloudfall-drift-optimum-sakura\/\" \/>\n<meta property=\"og:site_name\" content=\"Dutyfree Eyesland\" \/>\n<meta property=\"article:modified_time\" content=\"2026-04-14T13:26:57+00:00\" \/>\n<meta name=\"twitter:card\" content=\"summary_large_image\" \/>\n<script type=\"application\/ld+json\" class=\"yoast-schema-graph\">{\"@context\":\"https:\/\/schema.org\",\"@graph\":[{\"@type\":\"WebPage\",\"@id\":\"https:\/\/dutyfree.eyesland.is\/vara\/zeal-cloudfall-drift-optimum-sakura\/\",\"url\":\"https:\/\/dutyfree.eyesland.is\/vara\/zeal-cloudfall-drift-optimum-sakura\/\",\"name\":\"Zeal - Cloudfall Drift Optimum Sakura - Dutyfree Eyesland\",\"isPartOf\":{\"@id\":\"https:\/\/dutyfree.eyesland.is\/#website\"},\"primaryImageOfPage\":{\"@id\":\"https:\/\/dutyfree.eyesland.is\/vara\/zeal-cloudfall-drift-optimum-sakura\/#primaryimage\"},\"image\":{\"@id\":\"https:\/\/dutyfree.eyesland.is\/vara\/zeal-cloudfall-drift-optimum-sakura\/#primaryimage\"},\"thumbnailUrl\":\"https:\/\/dutyfree.eyesland.is\/wp-content\/uploads\/2026\/03\/39fe7ead-06ca-4fc2-a198-de186202793c.png\",\"datePublished\":\"2026-01-09T15:39:15+00:00\",\"dateModified\":\"2026-04-14T13:26:57+00:00\",\"breadcrumb\":{\"@id\":\"https:\/\/dutyfree.eyesland.is\/vara\/zeal-cloudfall-drift-optimum-sakura\/#breadcrumb\"},\"inLanguage\":\"en-US\",\"potentialAction\":[{\"@type\":\"ReadAction\",\"target\":[\"https:\/\/dutyfree.eyesland.is\/vara\/zeal-cloudfall-drift-optimum-sakura\/\"]}]},{\"@type\":\"ImageObject\",\"inLanguage\":\"en-US\",\"@id\":\"https:\/\/dutyfree.eyesland.is\/vara\/zeal-cloudfall-drift-optimum-sakura\/#primaryimage\",\"url\":\"https:\/\/dutyfree.eyesland.is\/wp-content\/uploads\/2026\/03\/39fe7ead-06ca-4fc2-a198-de186202793c.png\",\"contentUrl\":\"https:\/\/dutyfree.eyesland.is\/wp-content\/uploads\/2026\/03\/39fe7ead-06ca-4fc2-a198-de186202793c.png\",\"width\":1255,\"height\":843},{\"@type\":\"BreadcrumbList\",\"@id\":\"https:\/\/dutyfree.eyesland.is\/vara\/zeal-cloudfall-drift-optimum-sakura\/#breadcrumb\",\"itemListElement\":[{\"@type\":\"ListItem\",\"position\":1,\"name\":\"Home\",\"item\":\"https:\/\/dutyfree.eyesland.is\/\"},{\"@type\":\"ListItem\",\"position\":2,\"name\":\"Zeal &#8211; Cloudfall Drift Optimum Sakura\"}]},{\"@type\":\"WebSite\",\"@id\":\"https:\/\/dutyfree.eyesland.is\/#website\",\"url\":\"https:\/\/dutyfree.eyesland.is\/\",\"name\":\"Dutyfree Eyesland\",\"description\":\"Dutyfree Eyesland gleraugnaverslun b\u00fd\u00f0ur upp\u00e1 miki\u00f0 og vanda\u00f0 \u00farval af merkja gleraugum. Sko\u00f0a\u00f0u \u00farvali\u00f0 strax \u00ed dag.\",\"potentialAction\":[{\"@type\":\"SearchAction\",\"target\":{\"@type\":\"EntryPoint\",\"urlTemplate\":\"https:\/\/dutyfree.eyesland.is\/?s={search_term_string}\"},\"query-input\":{\"@type\":\"PropertyValueSpecification\",\"valueRequired\":true,\"valueName\":\"search_term_string\"}}],\"inLanguage\":\"en-US\"}]}<\/script>\n<!-- \/ Yoast SEO plugin. -->","yoast_head_json":{"title":"Zeal - Cloudfall Drift Optimum Sakura - Dutyfree Eyesland","robots":{"index":"index","follow":"follow","max-snippet":"max-snippet:-1","max-image-preview":"max-image-preview:large","max-video-preview":"max-video-preview:-1"},"canonical":"https:\/\/dutyfree.eyesland.is\/en\/vara\/zeal-cloudfall-drift-optimum-sakura\/","og_locale":"en_US","og_type":"article","og_title":"Zeal - Cloudfall Drift Optimum Sakura - Dutyfree Eyesland","og_description":"Gogglar Sk\u00ed\u00f0agleraugu","og_url":"https:\/\/dutyfree.eyesland.is\/en\/vara\/zeal-cloudfall-drift-optimum-sakura\/","og_site_name":"Dutyfree Eyesland","article_modified_time":"2026-04-14T13:26:57+00:00","twitter_card":"summary_large_image","schema":{"@context":"https:\/\/schema.org","@graph":[{"@type":"WebPage","@id":"https:\/\/dutyfree.eyesland.is\/vara\/zeal-cloudfall-drift-optimum-sakura\/","url":"https:\/\/dutyfree.eyesland.is\/vara\/zeal-cloudfall-drift-optimum-sakura\/","name":"Zeal - Cloudfall Drift Optimum Sakura - Dutyfree Eyesland","isPartOf":{"@id":"https:\/\/dutyfree.eyesland.is\/#website"},"primaryImageOfPage":{"@id":"https:\/\/dutyfree.eyesland.is\/vara\/zeal-cloudfall-drift-optimum-sakura\/#primaryimage"},"image":{"@id":"https:\/\/dutyfree.eyesland.is\/vara\/zeal-cloudfall-drift-optimum-sakura\/#primaryimage"},"thumbnailUrl":"https:\/\/dutyfree.eyesland.is\/wp-content\/uploads\/2026\/03\/39fe7ead-06ca-4fc2-a198-de186202793c.png","datePublished":"2026-01-09T15:39:15+00:00","dateModified":"2026-04-14T13:26:57+00:00","breadcrumb":{"@id":"https:\/\/dutyfree.eyesland.is\/vara\/zeal-cloudfall-drift-optimum-sakura\/#breadcrumb"},"inLanguage":"en-US","potentialAction":[{"@type":"ReadAction","target":["https:\/\/dutyfree.eyesland.is\/vara\/zeal-cloudfall-drift-optimum-sakura\/"]}]},{"@type":"ImageObject","inLanguage":"en-US","@id":"https:\/\/dutyfree.eyesland.is\/vara\/zeal-cloudfall-drift-optimum-sakura\/#primaryimage","url":"https:\/\/dutyfree.eyesland.is\/wp-content\/uploads\/2026\/03\/39fe7ead-06ca-4fc2-a198-de186202793c.png","contentUrl":"https:\/\/dutyfree.eyesland.is\/wp-content\/uploads\/2026\/03\/39fe7ead-06ca-4fc2-a198-de186202793c.png","width":1255,"height":843},{"@type":"BreadcrumbList","@id":"https:\/\/dutyfree.eyesland.is\/vara\/zeal-cloudfall-drift-optimum-sakura\/#breadcrumb","itemListElement":[{"@type":"ListItem","position":1,"name":"Home","item":"https:\/\/dutyfree.eyesland.is\/"},{"@type":"ListItem","position":2,"name":"Zeal &#8211; Cloudfall Drift Optimum Sakura"}]},{"@type":"WebSite","@id":"https:\/\/dutyfree.eyesland.is\/#website","url":"https:\/\/dutyfree.eyesland.is\/","name":"Dutyfree Eyesland","description":"Dutyfree Eyesland gleraugnaverslun b\u00fd\u00f0ur upp\u00e1 miki\u00f0 og vanda\u00f0 \u00farval af merkja gleraugum. Sko\u00f0a\u00f0u \u00farvali\u00f0 strax \u00ed dag.","potentialAction":[{"@type":"SearchAction","target":{"@type":"EntryPoint","urlTemplate":"https:\/\/dutyfree.eyesland.is\/?s={search_term_string}"},"query-input":{"@type":"PropertyValueSpecification","valueRequired":true,"valueName":"search_term_string"}}],"inLanguage":"en-US"}]}},"brands":[],"_links":{"self":[{"href":"https:\/\/dutyfree.eyesland.is\/en\/wp-json\/wp\/v2\/product\/17202","targetHints":{"allow":["GET"]}}],"collection":[{"href":"https:\/\/dutyfree.eyesland.is\/en\/wp-json\/wp\/v2\/product"}],"about":[{"href":"https:\/\/dutyfree.eyesland.is\/en\/wp-json\/wp\/v2\/types\/product"}],"wp:featuredmedia":[{"embeddable":true,"href":"https:\/\/dutyfree.eyesland.is\/en\/wp-json\/wp\/v2\/media\/17336"}],"wp:attachment":[{"href":"https:\/\/dutyfree.eyesland.is\/en\/wp-json\/wp\/v2\/media?parent=17202"}],"wp:term":[{"taxonomy":"pwb-brand","embeddable":true,"href":"https:\/\/dutyfree.eyesland.is\/en\/wp-json\/wp\/v2\/pwb-brand?post=17202"},{"taxonomy":"product_brand","embeddable":true,"href":"https:\/\/dutyfree.eyesland.is\/en\/wp-json\/wp\/v2\/product_brand?post=17202"},{"taxonomy":"product_cat","embeddable":true,"href":"https:\/\/dutyfree.eyesland.is\/en\/wp-json\/wp\/v2\/product_cat?post=17202"},{"taxonomy":"product_tag","embeddable":true,"href":"https:\/\/dutyfree.eyesland.is\/en\/wp-json\/wp\/v2\/product_tag?post=17202"}],"curies":[{"name":"wp","href":"https:\/\/api.w.org\/{rel}","templated":true}]}}