{"id":709,"date":"2021-04-20T10:29:55","date_gmt":"2021-04-20T10:29:55","guid":{"rendered":"https:\/\/eyesland.pineappledev.pl\/?post_type=product&#038;p=709"},"modified":"2026-03-24T06:54:09","modified_gmt":"2026-03-24T06:54:09","slug":"oakley-flak-2-0-xl","status":"publish","type":"product","link":"https:\/\/dutyfree.eyesland.is\/en\/vara\/oakley-flak-2-0-xl\/","title":{"rendered":"OAKLEY Flak 2.0 xl"},"content":{"rendered":"<p>Sv\u00f6rt Prizm Golf Cat.2<\/p>","protected":false},"excerpt":{"rendered":"<p>FLAK 2.0 XL &#8211;&nbsp;<span style=\"color: rgb(34, 34, 34); font-family: &quot;Open Sans&quot;, sans-serif; font-size: 12px; font-weight: 600; text-transform: capitalize;\">Prizm Golf &#8211;&nbsp;<\/span><span style=\"color: rgb(0, 0, 0);\">Cat.2<\/span><\/p>\n<ul style=\"margin-bottom: 13px; padding-left: 40px; list-style: none; color: rgb(51, 51, 51); font-family: &quot;Open Sans&quot;, sans-serif; font-size: 16px;\">\n<li><span class=\"detail-title\" style=\"font-size: 13px; color: rgb(109, 109, 109);\">Light Transmission:<\/span>&nbsp;<span class=\"detail-value mp-item mp-pdp-item\" data-level=\"lens\" data-field=\"lightTransmission percentage\" style=\"font-size: 13px; color: rgb(34, 34, 34);\">30%<\/span><\/li>\n<li><span class=\"detail-title\" style=\"font-size: 13px; color: rgb(109, 109, 109);\">Light Conditions:<\/span>&nbsp;<span class=\"detail-value  mp-item mp-pdp-item\" data-level=\"lens\" data-field=\"lightTransmission lightingCondition\" style=\"font-size: 13px; color: rgb(34, 34, 34);\">Medium Light<\/span><\/li>\n<li><span class=\"detail-title\" style=\"font-size: 13px; color: rgb(109, 109, 109);\">Contrast:<\/span>&nbsp;<span class=\"detail-value mp-item mp-pdp-item\" data-level=\"lens\" data-field=\"lightTransmission contrast\" style=\"font-size: 13px; color: rgb(34, 34, 34);\">Increased<\/span><\/li>\n<\/ul>","protected":false},"featured_media":16637,"template":"","meta":{"_acf_changed":false,"inline_featured_image":false},"pwb-brand":[],"product_brand":[86],"product_cat":[403],"product_tag":[211],"class_list":{"0":"post-709","1":"product","2":"type-product","3":"status-publish","4":"has-post-thumbnail","6":"product_brand-oakley","7":"product_cat-utivistargleraugu","8":"product_tag-oakley","9":"pa_size-l","11":"first","12":"outofstock","13":"taxable","14":"shipping-taxable","15":"product-type-simple"},"acf":[],"yoast_head":"<!-- This site is optimized with the Yoast SEO plugin v27.2 - https:\/\/yoast.com\/product\/yoast-seo-wordpress\/ -->\n<title>OAKLEY Flak 2.0 xl - Dutyfree Eyesland<\/title>\n<meta name=\"robots\" content=\"index, follow, max-snippet:-1, max-image-preview:large, max-video-preview:-1\" \/>\n<link rel=\"canonical\" href=\"https:\/\/dutyfree.eyesland.is\/en\/vara\/oakley-flak-2-0-xl\/\" \/>\n<meta property=\"og:locale\" content=\"en_US\" \/>\n<meta property=\"og:type\" content=\"article\" \/>\n<meta property=\"og:title\" content=\"OAKLEY Flak 2.0 xl - Dutyfree Eyesland\" \/>\n<meta property=\"og:description\" content=\"FLAK 2.0 XL -&nbsp;Prizm Golf -&nbsp;Cat.2Light Transmission:&nbsp;30%Light Conditions:&nbsp;Medium LightContrast:&nbsp;Increased\" \/>\n<meta property=\"og:url\" content=\"https:\/\/dutyfree.eyesland.is\/en\/vara\/oakley-flak-2-0-xl\/\" \/>\n<meta property=\"og:site_name\" content=\"Dutyfree Eyesland\" \/>\n<meta property=\"article:modified_time\" content=\"2026-03-24T06:54:09+00:00\" \/>\n<meta name=\"twitter:card\" content=\"summary_large_image\" \/>\n<script type=\"application\/ld+json\" class=\"yoast-schema-graph\">{\"@context\":\"https:\/\/schema.org\",\"@graph\":[{\"@type\":\"WebPage\",\"@id\":\"https:\/\/dutyfree.eyesland.is\/vara\/oakley-flak-2-0-xl\/\",\"url\":\"https:\/\/dutyfree.eyesland.is\/vara\/oakley-flak-2-0-xl\/\",\"name\":\"OAKLEY Flak 2.0 xl - Dutyfree Eyesland\",\"isPartOf\":{\"@id\":\"https:\/\/dutyfree.eyesland.is\/#website\"},\"primaryImageOfPage\":{\"@id\":\"https:\/\/dutyfree.eyesland.is\/vara\/oakley-flak-2-0-xl\/#primaryimage\"},\"image\":{\"@id\":\"https:\/\/dutyfree.eyesland.is\/vara\/oakley-flak-2-0-xl\/#primaryimage\"},\"thumbnailUrl\":\"https:\/\/dutyfree.eyesland.is\/wp-content\/uploads\/2024\/05\/0b0ccc31-b02c-48da-aed6-7ff451ab5c3e.png\",\"datePublished\":\"2021-04-20T10:29:55+00:00\",\"dateModified\":\"2026-03-24T06:54:09+00:00\",\"breadcrumb\":{\"@id\":\"https:\/\/dutyfree.eyesland.is\/vara\/oakley-flak-2-0-xl\/#breadcrumb\"},\"inLanguage\":\"en-US\",\"potentialAction\":[{\"@type\":\"ReadAction\",\"target\":[\"https:\/\/dutyfree.eyesland.is\/vara\/oakley-flak-2-0-xl\/\"]}]},{\"@type\":\"ImageObject\",\"inLanguage\":\"en-US\",\"@id\":\"https:\/\/dutyfree.eyesland.is\/vara\/oakley-flak-2-0-xl\/#primaryimage\",\"url\":\"https:\/\/dutyfree.eyesland.is\/wp-content\/uploads\/2024\/05\/0b0ccc31-b02c-48da-aed6-7ff451ab5c3e.png\",\"contentUrl\":\"https:\/\/dutyfree.eyesland.is\/wp-content\/uploads\/2024\/05\/0b0ccc31-b02c-48da-aed6-7ff451ab5c3e.png\",\"width\":1540,\"height\":512},{\"@type\":\"BreadcrumbList\",\"@id\":\"https:\/\/dutyfree.eyesland.is\/vara\/oakley-flak-2-0-xl\/#breadcrumb\",\"itemListElement\":[{\"@type\":\"ListItem\",\"position\":1,\"name\":\"Home\",\"item\":\"https:\/\/dutyfree.eyesland.is\/\"},{\"@type\":\"ListItem\",\"position\":2,\"name\":\"OAKLEY Flak 2.0 xl\"}]},{\"@type\":\"WebSite\",\"@id\":\"https:\/\/dutyfree.eyesland.is\/#website\",\"url\":\"https:\/\/dutyfree.eyesland.is\/\",\"name\":\"Dutyfree Eyesland\",\"description\":\"Dutyfree Eyesland gleraugnaverslun b\u00fd\u00f0ur upp\u00e1 miki\u00f0 og vanda\u00f0 \u00farval af merkja gleraugum. Sko\u00f0a\u00f0u \u00farvali\u00f0 strax \u00ed dag.\",\"potentialAction\":[{\"@type\":\"SearchAction\",\"target\":{\"@type\":\"EntryPoint\",\"urlTemplate\":\"https:\/\/dutyfree.eyesland.is\/?s={search_term_string}\"},\"query-input\":{\"@type\":\"PropertyValueSpecification\",\"valueRequired\":true,\"valueName\":\"search_term_string\"}}],\"inLanguage\":\"en-US\"}]}<\/script>\n<!-- \/ Yoast SEO plugin. -->","yoast_head_json":{"title":"OAKLEY Flak 2.0 xl - Dutyfree Eyesland","robots":{"index":"index","follow":"follow","max-snippet":"max-snippet:-1","max-image-preview":"max-image-preview:large","max-video-preview":"max-video-preview:-1"},"canonical":"https:\/\/dutyfree.eyesland.is\/en\/vara\/oakley-flak-2-0-xl\/","og_locale":"en_US","og_type":"article","og_title":"OAKLEY Flak 2.0 xl - Dutyfree Eyesland","og_description":"FLAK 2.0 XL -&nbsp;Prizm Golf -&nbsp;Cat.2Light Transmission:&nbsp;30%Light Conditions:&nbsp;Medium LightContrast:&nbsp;Increased","og_url":"https:\/\/dutyfree.eyesland.is\/en\/vara\/oakley-flak-2-0-xl\/","og_site_name":"Dutyfree Eyesland","article_modified_time":"2026-03-24T06:54:09+00:00","twitter_card":"summary_large_image","schema":{"@context":"https:\/\/schema.org","@graph":[{"@type":"WebPage","@id":"https:\/\/dutyfree.eyesland.is\/vara\/oakley-flak-2-0-xl\/","url":"https:\/\/dutyfree.eyesland.is\/vara\/oakley-flak-2-0-xl\/","name":"OAKLEY Flak 2.0 xl - Dutyfree Eyesland","isPartOf":{"@id":"https:\/\/dutyfree.eyesland.is\/#website"},"primaryImageOfPage":{"@id":"https:\/\/dutyfree.eyesland.is\/vara\/oakley-flak-2-0-xl\/#primaryimage"},"image":{"@id":"https:\/\/dutyfree.eyesland.is\/vara\/oakley-flak-2-0-xl\/#primaryimage"},"thumbnailUrl":"https:\/\/dutyfree.eyesland.is\/wp-content\/uploads\/2024\/05\/0b0ccc31-b02c-48da-aed6-7ff451ab5c3e.png","datePublished":"2021-04-20T10:29:55+00:00","dateModified":"2026-03-24T06:54:09+00:00","breadcrumb":{"@id":"https:\/\/dutyfree.eyesland.is\/vara\/oakley-flak-2-0-xl\/#breadcrumb"},"inLanguage":"en-US","potentialAction":[{"@type":"ReadAction","target":["https:\/\/dutyfree.eyesland.is\/vara\/oakley-flak-2-0-xl\/"]}]},{"@type":"ImageObject","inLanguage":"en-US","@id":"https:\/\/dutyfree.eyesland.is\/vara\/oakley-flak-2-0-xl\/#primaryimage","url":"https:\/\/dutyfree.eyesland.is\/wp-content\/uploads\/2024\/05\/0b0ccc31-b02c-48da-aed6-7ff451ab5c3e.png","contentUrl":"https:\/\/dutyfree.eyesland.is\/wp-content\/uploads\/2024\/05\/0b0ccc31-b02c-48da-aed6-7ff451ab5c3e.png","width":1540,"height":512},{"@type":"BreadcrumbList","@id":"https:\/\/dutyfree.eyesland.is\/vara\/oakley-flak-2-0-xl\/#breadcrumb","itemListElement":[{"@type":"ListItem","position":1,"name":"Home","item":"https:\/\/dutyfree.eyesland.is\/"},{"@type":"ListItem","position":2,"name":"OAKLEY Flak 2.0 xl"}]},{"@type":"WebSite","@id":"https:\/\/dutyfree.eyesland.is\/#website","url":"https:\/\/dutyfree.eyesland.is\/","name":"Dutyfree Eyesland","description":"Dutyfree Eyesland gleraugnaverslun b\u00fd\u00f0ur upp\u00e1 miki\u00f0 og vanda\u00f0 \u00farval af merkja gleraugum. Sko\u00f0a\u00f0u \u00farvali\u00f0 strax \u00ed dag.","potentialAction":[{"@type":"SearchAction","target":{"@type":"EntryPoint","urlTemplate":"https:\/\/dutyfree.eyesland.is\/?s={search_term_string}"},"query-input":{"@type":"PropertyValueSpecification","valueRequired":true,"valueName":"search_term_string"}}],"inLanguage":"en-US"}]}},"brands":[],"_links":{"self":[{"href":"https:\/\/dutyfree.eyesland.is\/en\/wp-json\/wp\/v2\/product\/709","targetHints":{"allow":["GET"]}}],"collection":[{"href":"https:\/\/dutyfree.eyesland.is\/en\/wp-json\/wp\/v2\/product"}],"about":[{"href":"https:\/\/dutyfree.eyesland.is\/en\/wp-json\/wp\/v2\/types\/product"}],"wp:featuredmedia":[{"embeddable":true,"href":"https:\/\/dutyfree.eyesland.is\/en\/wp-json\/wp\/v2\/media\/16637"}],"wp:attachment":[{"href":"https:\/\/dutyfree.eyesland.is\/en\/wp-json\/wp\/v2\/media?parent=709"}],"wp:term":[{"taxonomy":"pwb-brand","embeddable":true,"href":"https:\/\/dutyfree.eyesland.is\/en\/wp-json\/wp\/v2\/pwb-brand?post=709"},{"taxonomy":"product_brand","embeddable":true,"href":"https:\/\/dutyfree.eyesland.is\/en\/wp-json\/wp\/v2\/product_brand?post=709"},{"taxonomy":"product_cat","embeddable":true,"href":"https:\/\/dutyfree.eyesland.is\/en\/wp-json\/wp\/v2\/product_cat?post=709"},{"taxonomy":"product_tag","embeddable":true,"href":"https:\/\/dutyfree.eyesland.is\/en\/wp-json\/wp\/v2\/product_tag?post=709"}],"curies":[{"name":"wp","href":"https:\/\/api.w.org\/{rel}","templated":true}]}}