{"id":848,"date":"2021-04-20T10:30:59","date_gmt":"2021-04-20T10:30:59","guid":{"rendered":"https:\/\/eyesland.pineappledev.pl\/?post_type=product&#038;p=848"},"modified":"2026-01-29T10:24:06","modified_gmt":"2026-01-29T10:24:06","slug":"click-go-augnhvila","status":"publish","type":"product","link":"https:\/\/dutyfree.eyesland.is\/en\/vara\/click-go-augnhvila\/","title":{"rendered":"Click &#038; Go Augnhv\u00edla"},"content":{"rendered":"<p>Augnhv\u00edlur sem ekki \u00fearf ofn e\u00f0a \u00f6rbylgjuofn til a\u00f0 hita upp.<\/p>\n<p>Einnig h\u00e6gt a\u00f0 nota kalt ef sett er \u00ed \u00edssk\u00e1p. Nota\u00f0 vi\u00f0 almennum \u00f3\u00fe\u00e6gindum \u00ed augum.<\/p>\n<p>H\u00e6gt a\u00f0 virkja \u00ed 100 skipti. Smellir \u00e1 hnapp sem myndar hita. Er heitt \u00ed 20 m\u00edn.<\/p>\n<\/p>\n<p class=\"MsoNormal\"><span lang=\"IS\">Til a\u00f0 setja \u00ed<br \/>\nfyrra horf \u00fearf a\u00f0 setja hv\u00edluna \u00ed sj\u00f3\u00f0andi vatn.<o:p><\/o:p><\/span><\/p>","protected":false},"excerpt":{"rendered":"<p>CLICK &amp; GO augnhv\u00edla<\/p>","protected":false},"featured_media":15088,"template":"","meta":{"_acf_changed":false,"inline_featured_image":false},"pwb-brand":[],"product_brand":[237],"product_cat":[33,46],"product_tag":[390],"class_list":{"0":"post-848","1":"product","2":"type-product","3":"status-publish","4":"has-post-thumbnail","6":"product_brand-the-body-doctor","7":"product_cat-annad","8":"product_cat-augnhvilur","9":"product_tag-the-body-doctor","11":"first","12":"outofstock","13":"taxable","14":"shipping-taxable","15":"product-type-simple"},"acf":[],"yoast_head":"<!-- This site is optimized with the Yoast SEO plugin v27.4 - https:\/\/yoast.com\/product\/yoast-seo-wordpress\/ -->\n<title>Click &amp; Go Augnhv\u00edla - Dutyfree Eyesland<\/title>\n<meta name=\"robots\" content=\"index, follow, max-snippet:-1, max-image-preview:large, max-video-preview:-1\" \/>\n<link rel=\"canonical\" href=\"https:\/\/dutyfree.eyesland.is\/en\/vara\/click-go-augnhvila\/\" \/>\n<meta property=\"og:locale\" content=\"en_US\" \/>\n<meta property=\"og:type\" content=\"article\" \/>\n<meta property=\"og:title\" content=\"Click &amp; Go Augnhv\u00edla - Dutyfree Eyesland\" \/>\n<meta property=\"og:description\" content=\"CLICK &amp; GO augnhv\u00edla\" \/>\n<meta property=\"og:url\" content=\"https:\/\/dutyfree.eyesland.is\/en\/vara\/click-go-augnhvila\/\" \/>\n<meta property=\"og:site_name\" content=\"Dutyfree Eyesland\" \/>\n<meta property=\"article:modified_time\" content=\"2026-01-29T10:24:06+00:00\" \/>\n<meta name=\"twitter:card\" content=\"summary_large_image\" \/>\n<script type=\"application\/ld+json\" class=\"yoast-schema-graph\">{\"@context\":\"https:\\\/\\\/schema.org\",\"@graph\":[{\"@type\":\"WebPage\",\"@id\":\"https:\\\/\\\/dutyfree.eyesland.is\\\/vara\\\/click-go-augnhvila\\\/\",\"url\":\"https:\\\/\\\/dutyfree.eyesland.is\\\/vara\\\/click-go-augnhvila\\\/\",\"name\":\"Click & Go Augnhv\u00edla - Dutyfree Eyesland\",\"isPartOf\":{\"@id\":\"https:\\\/\\\/dutyfree.eyesland.is\\\/#website\"},\"primaryImageOfPage\":{\"@id\":\"https:\\\/\\\/dutyfree.eyesland.is\\\/vara\\\/click-go-augnhvila\\\/#primaryimage\"},\"image\":{\"@id\":\"https:\\\/\\\/dutyfree.eyesland.is\\\/vara\\\/click-go-augnhvila\\\/#primaryimage\"},\"thumbnailUrl\":\"https:\\\/\\\/dutyfree.eyesland.is\\\/wp-content\\\/uploads\\\/2023\\\/04\\\/c97a5c13-2018-4de9-aff8-9c0c6f9e71b8.png\",\"datePublished\":\"2021-04-20T10:30:59+00:00\",\"dateModified\":\"2026-01-29T10:24:06+00:00\",\"breadcrumb\":{\"@id\":\"https:\\\/\\\/dutyfree.eyesland.is\\\/vara\\\/click-go-augnhvila\\\/#breadcrumb\"},\"inLanguage\":\"en-US\",\"potentialAction\":[{\"@type\":\"ReadAction\",\"target\":[\"https:\\\/\\\/dutyfree.eyesland.is\\\/vara\\\/click-go-augnhvila\\\/\"]}]},{\"@type\":\"ImageObject\",\"inLanguage\":\"en-US\",\"@id\":\"https:\\\/\\\/dutyfree.eyesland.is\\\/vara\\\/click-go-augnhvila\\\/#primaryimage\",\"url\":\"https:\\\/\\\/dutyfree.eyesland.is\\\/wp-content\\\/uploads\\\/2023\\\/04\\\/c97a5c13-2018-4de9-aff8-9c0c6f9e71b8.png\",\"contentUrl\":\"https:\\\/\\\/dutyfree.eyesland.is\\\/wp-content\\\/uploads\\\/2023\\\/04\\\/c97a5c13-2018-4de9-aff8-9c0c6f9e71b8.png\",\"width\":225,\"height\":368},{\"@type\":\"BreadcrumbList\",\"@id\":\"https:\\\/\\\/dutyfree.eyesland.is\\\/vara\\\/click-go-augnhvila\\\/#breadcrumb\",\"itemListElement\":[{\"@type\":\"ListItem\",\"position\":1,\"name\":\"Home\",\"item\":\"https:\\\/\\\/dutyfree.eyesland.is\\\/\"},{\"@type\":\"ListItem\",\"position\":2,\"name\":\"Click &#038; Go Augnhv\u00edla\"}]},{\"@type\":\"WebSite\",\"@id\":\"https:\\\/\\\/dutyfree.eyesland.is\\\/#website\",\"url\":\"https:\\\/\\\/dutyfree.eyesland.is\\\/\",\"name\":\"Dutyfree Eyesland\",\"description\":\"Dutyfree Eyesland gleraugnaverslun b\u00fd\u00f0ur upp\u00e1 miki\u00f0 og vanda\u00f0 \u00farval af merkja gleraugum. Sko\u00f0a\u00f0u \u00farvali\u00f0 strax \u00ed dag.\",\"potentialAction\":[{\"@type\":\"SearchAction\",\"target\":{\"@type\":\"EntryPoint\",\"urlTemplate\":\"https:\\\/\\\/dutyfree.eyesland.is\\\/?s={search_term_string}\"},\"query-input\":{\"@type\":\"PropertyValueSpecification\",\"valueRequired\":true,\"valueName\":\"search_term_string\"}}],\"inLanguage\":\"en-US\"}]}<\/script>\n<!-- \/ Yoast SEO plugin. -->","yoast_head_json":{"title":"Click & Go Augnhv\u00edla - Dutyfree Eyesland","robots":{"index":"index","follow":"follow","max-snippet":"max-snippet:-1","max-image-preview":"max-image-preview:large","max-video-preview":"max-video-preview:-1"},"canonical":"https:\/\/dutyfree.eyesland.is\/en\/vara\/click-go-augnhvila\/","og_locale":"en_US","og_type":"article","og_title":"Click & Go Augnhv\u00edla - Dutyfree Eyesland","og_description":"CLICK &amp; GO augnhv\u00edla","og_url":"https:\/\/dutyfree.eyesland.is\/en\/vara\/click-go-augnhvila\/","og_site_name":"Dutyfree Eyesland","article_modified_time":"2026-01-29T10:24:06+00:00","twitter_card":"summary_large_image","schema":{"@context":"https:\/\/schema.org","@graph":[{"@type":"WebPage","@id":"https:\/\/dutyfree.eyesland.is\/vara\/click-go-augnhvila\/","url":"https:\/\/dutyfree.eyesland.is\/vara\/click-go-augnhvila\/","name":"Click & Go Augnhv\u00edla - Dutyfree Eyesland","isPartOf":{"@id":"https:\/\/dutyfree.eyesland.is\/#website"},"primaryImageOfPage":{"@id":"https:\/\/dutyfree.eyesland.is\/vara\/click-go-augnhvila\/#primaryimage"},"image":{"@id":"https:\/\/dutyfree.eyesland.is\/vara\/click-go-augnhvila\/#primaryimage"},"thumbnailUrl":"https:\/\/dutyfree.eyesland.is\/wp-content\/uploads\/2023\/04\/c97a5c13-2018-4de9-aff8-9c0c6f9e71b8.png","datePublished":"2021-04-20T10:30:59+00:00","dateModified":"2026-01-29T10:24:06+00:00","breadcrumb":{"@id":"https:\/\/dutyfree.eyesland.is\/vara\/click-go-augnhvila\/#breadcrumb"},"inLanguage":"en-US","potentialAction":[{"@type":"ReadAction","target":["https:\/\/dutyfree.eyesland.is\/vara\/click-go-augnhvila\/"]}]},{"@type":"ImageObject","inLanguage":"en-US","@id":"https:\/\/dutyfree.eyesland.is\/vara\/click-go-augnhvila\/#primaryimage","url":"https:\/\/dutyfree.eyesland.is\/wp-content\/uploads\/2023\/04\/c97a5c13-2018-4de9-aff8-9c0c6f9e71b8.png","contentUrl":"https:\/\/dutyfree.eyesland.is\/wp-content\/uploads\/2023\/04\/c97a5c13-2018-4de9-aff8-9c0c6f9e71b8.png","width":225,"height":368},{"@type":"BreadcrumbList","@id":"https:\/\/dutyfree.eyesland.is\/vara\/click-go-augnhvila\/#breadcrumb","itemListElement":[{"@type":"ListItem","position":1,"name":"Home","item":"https:\/\/dutyfree.eyesland.is\/"},{"@type":"ListItem","position":2,"name":"Click &#038; Go Augnhv\u00edla"}]},{"@type":"WebSite","@id":"https:\/\/dutyfree.eyesland.is\/#website","url":"https:\/\/dutyfree.eyesland.is\/","name":"Dutyfree Eyesland","description":"Dutyfree Eyesland gleraugnaverslun b\u00fd\u00f0ur upp\u00e1 miki\u00f0 og vanda\u00f0 \u00farval af merkja gleraugum. Sko\u00f0a\u00f0u \u00farvali\u00f0 strax \u00ed dag.","potentialAction":[{"@type":"SearchAction","target":{"@type":"EntryPoint","urlTemplate":"https:\/\/dutyfree.eyesland.is\/?s={search_term_string}"},"query-input":{"@type":"PropertyValueSpecification","valueRequired":true,"valueName":"search_term_string"}}],"inLanguage":"en-US"}]}},"brands":[],"_links":{"self":[{"href":"https:\/\/dutyfree.eyesland.is\/en\/wp-json\/wp\/v2\/product\/848","targetHints":{"allow":["GET"]}}],"collection":[{"href":"https:\/\/dutyfree.eyesland.is\/en\/wp-json\/wp\/v2\/product"}],"about":[{"href":"https:\/\/dutyfree.eyesland.is\/en\/wp-json\/wp\/v2\/types\/product"}],"wp:featuredmedia":[{"embeddable":true,"href":"https:\/\/dutyfree.eyesland.is\/en\/wp-json\/wp\/v2\/media\/15088"}],"wp:attachment":[{"href":"https:\/\/dutyfree.eyesland.is\/en\/wp-json\/wp\/v2\/media?parent=848"}],"wp:term":[{"taxonomy":"pwb-brand","embeddable":true,"href":"https:\/\/dutyfree.eyesland.is\/en\/wp-json\/wp\/v2\/pwb-brand?post=848"},{"taxonomy":"product_brand","embeddable":true,"href":"https:\/\/dutyfree.eyesland.is\/en\/wp-json\/wp\/v2\/product_brand?post=848"},{"taxonomy":"product_cat","embeddable":true,"href":"https:\/\/dutyfree.eyesland.is\/en\/wp-json\/wp\/v2\/product_cat?post=848"},{"taxonomy":"product_tag","embeddable":true,"href":"https:\/\/dutyfree.eyesland.is\/en\/wp-json\/wp\/v2\/product_tag?post=848"}],"curies":[{"name":"wp","href":"https:\/\/api.w.org\/{rel}","templated":true}]}}