{"id":897,"date":"2021-04-20T10:31:30","date_gmt":"2021-04-20T10:31:30","guid":{"rendered":"https:\/\/eyesland.pineappledev.pl\/?post_type=product&#038;p=897"},"modified":"2026-05-01T09:39:05","modified_gmt":"2026-05-01T09:39:05","slug":"dailies-aqua-comfort-plus-30p","status":"publish","type":"product","link":"https:\/\/dutyfree.eyesland.is\/en\/vara\/dailies-aqua-comfort-plus-30p\/","title":{"rendered":"Dailies Aqua Comfort Plus 30 stk."},"content":{"rendered":"<p><b>Afhendingart\u00edminn \u00e1 \u00feessum linsum er allt a\u00f0 5-10 virkir dagar.<\/b><\/p>\n<p>Rakamiklar linsur sem \u00fe\u00e9r l\u00ed\u00f0ur vel me\u00f0 allan daginn. \u00deessar dagslinsur eru mj\u00f6g g\u00f3\u00f0ar til a\u00f0 nota me\u00f0 gleraugum. Henta s\u00e9rstaklega vel fyrir \u00fe\u00e1 sem eru a\u00f0 byrja a\u00f0 nota linsur.<\/p>\n<p>Efni: Nelfilcon<\/p>\n<p>Styrkleiki -15.00 til +8.00<\/p>\n<p>Base Curve 8.7 og Diameter 14.00<\/p>\n<p>Notkun 1 dagur<\/p>\n<p>30 stk \u00ed pakka<\/p>","protected":false},"excerpt":{"rendered":"<p>Daglinsur, Einf\u00f3kus<\/p>","protected":false},"featured_media":12620,"template":"","meta":{"_acf_changed":false,"inline_featured_image":false},"pwb-brand":[],"product_brand":[268],"product_cat":[41,27],"product_tag":[269],"class_list":{"0":"post-897","1":"product","2":"type-product","3":"status-publish","4":"has-post-thumbnail","6":"product_brand-alcon","7":"product_cat-dagslinsur","8":"product_cat-linsur","9":"product_tag-alcon","11":"first","12":"onbackorder","13":"taxable","14":"shipping-taxable","15":"product-type-simple"},"acf":[],"yoast_head":"<!-- This site is optimized with the Yoast SEO plugin v27.4 - https:\/\/yoast.com\/product\/yoast-seo-wordpress\/ -->\n<title>Dailies Aqua Comfort Plus 30 stk. - Dutyfree Eyesland<\/title>\n<meta name=\"robots\" content=\"index, follow, max-snippet:-1, max-image-preview:large, max-video-preview:-1\" \/>\n<link rel=\"canonical\" href=\"https:\/\/dutyfree.eyesland.is\/en\/vara\/dailies-aqua-comfort-plus-30p\/\" \/>\n<meta property=\"og:locale\" content=\"en_US\" \/>\n<meta property=\"og:type\" content=\"article\" \/>\n<meta property=\"og:title\" content=\"Dailies Aqua Comfort Plus 30 stk. - Dutyfree Eyesland\" \/>\n<meta property=\"og:description\" content=\"Daglinsur, Einf\u00f3kus\" \/>\n<meta property=\"og:url\" content=\"https:\/\/dutyfree.eyesland.is\/en\/vara\/dailies-aqua-comfort-plus-30p\/\" \/>\n<meta property=\"og:site_name\" content=\"Dutyfree Eyesland\" \/>\n<meta property=\"article:modified_time\" content=\"2026-05-01T09:39:05+00:00\" \/>\n<meta property=\"og:image\" content=\"https:\/\/dutyfree.eyesland.is\/wp-content\/uploads\/2023\/02\/49c71946-1d61-460a-94bc-1784ac096f9b.png\" \/>\n\t<meta property=\"og:image:width\" content=\"987\" \/>\n\t<meta property=\"og:image:height\" content=\"388\" \/>\n\t<meta property=\"og:image:type\" content=\"image\/png\" \/>\n<meta name=\"twitter:card\" content=\"summary_large_image\" \/>\n<script type=\"application\/ld+json\" class=\"yoast-schema-graph\">{\"@context\":\"https:\\\/\\\/schema.org\",\"@graph\":[{\"@type\":\"WebPage\",\"@id\":\"https:\\\/\\\/dutyfree.eyesland.is\\\/vara\\\/dailies-aqua-comfort-plus-30p\\\/\",\"url\":\"https:\\\/\\\/dutyfree.eyesland.is\\\/vara\\\/dailies-aqua-comfort-plus-30p\\\/\",\"name\":\"Dailies Aqua Comfort Plus 30 stk. - Dutyfree Eyesland\",\"isPartOf\":{\"@id\":\"https:\\\/\\\/dutyfree.eyesland.is\\\/#website\"},\"primaryImageOfPage\":{\"@id\":\"https:\\\/\\\/dutyfree.eyesland.is\\\/vara\\\/dailies-aqua-comfort-plus-30p\\\/#primaryimage\"},\"image\":{\"@id\":\"https:\\\/\\\/dutyfree.eyesland.is\\\/vara\\\/dailies-aqua-comfort-plus-30p\\\/#primaryimage\"},\"thumbnailUrl\":\"https:\\\/\\\/dutyfree.eyesland.is\\\/wp-content\\\/uploads\\\/2023\\\/02\\\/49c71946-1d61-460a-94bc-1784ac096f9b.png\",\"datePublished\":\"2021-04-20T10:31:30+00:00\",\"dateModified\":\"2026-05-01T09:39:05+00:00\",\"breadcrumb\":{\"@id\":\"https:\\\/\\\/dutyfree.eyesland.is\\\/vara\\\/dailies-aqua-comfort-plus-30p\\\/#breadcrumb\"},\"inLanguage\":\"en-US\",\"potentialAction\":[{\"@type\":\"ReadAction\",\"target\":[\"https:\\\/\\\/dutyfree.eyesland.is\\\/vara\\\/dailies-aqua-comfort-plus-30p\\\/\"]}]},{\"@type\":\"ImageObject\",\"inLanguage\":\"en-US\",\"@id\":\"https:\\\/\\\/dutyfree.eyesland.is\\\/vara\\\/dailies-aqua-comfort-plus-30p\\\/#primaryimage\",\"url\":\"https:\\\/\\\/dutyfree.eyesland.is\\\/wp-content\\\/uploads\\\/2023\\\/02\\\/49c71946-1d61-460a-94bc-1784ac096f9b.png\",\"contentUrl\":\"https:\\\/\\\/dutyfree.eyesland.is\\\/wp-content\\\/uploads\\\/2023\\\/02\\\/49c71946-1d61-460a-94bc-1784ac096f9b.png\",\"width\":987,\"height\":388},{\"@type\":\"BreadcrumbList\",\"@id\":\"https:\\\/\\\/dutyfree.eyesland.is\\\/vara\\\/dailies-aqua-comfort-plus-30p\\\/#breadcrumb\",\"itemListElement\":[{\"@type\":\"ListItem\",\"position\":1,\"name\":\"Home\",\"item\":\"https:\\\/\\\/dutyfree.eyesland.is\\\/\"},{\"@type\":\"ListItem\",\"position\":2,\"name\":\"Dailies Aqua Comfort Plus 30 stk.\"}]},{\"@type\":\"WebSite\",\"@id\":\"https:\\\/\\\/dutyfree.eyesland.is\\\/#website\",\"url\":\"https:\\\/\\\/dutyfree.eyesland.is\\\/\",\"name\":\"Dutyfree Eyesland\",\"description\":\"Dutyfree Eyesland gleraugnaverslun b\u00fd\u00f0ur upp\u00e1 miki\u00f0 og vanda\u00f0 \u00farval af merkja gleraugum. Sko\u00f0a\u00f0u \u00farvali\u00f0 strax \u00ed dag.\",\"potentialAction\":[{\"@type\":\"SearchAction\",\"target\":{\"@type\":\"EntryPoint\",\"urlTemplate\":\"https:\\\/\\\/dutyfree.eyesland.is\\\/?s={search_term_string}\"},\"query-input\":{\"@type\":\"PropertyValueSpecification\",\"valueRequired\":true,\"valueName\":\"search_term_string\"}}],\"inLanguage\":\"en-US\"}]}<\/script>\n<!-- \/ Yoast SEO plugin. -->","yoast_head_json":{"title":"Dailies Aqua Comfort Plus 30 stk. - Dutyfree Eyesland","robots":{"index":"index","follow":"follow","max-snippet":"max-snippet:-1","max-image-preview":"max-image-preview:large","max-video-preview":"max-video-preview:-1"},"canonical":"https:\/\/dutyfree.eyesland.is\/en\/vara\/dailies-aqua-comfort-plus-30p\/","og_locale":"en_US","og_type":"article","og_title":"Dailies Aqua Comfort Plus 30 stk. - Dutyfree Eyesland","og_description":"Daglinsur, Einf\u00f3kus","og_url":"https:\/\/dutyfree.eyesland.is\/en\/vara\/dailies-aqua-comfort-plus-30p\/","og_site_name":"Dutyfree Eyesland","article_modified_time":"2026-05-01T09:39:05+00:00","og_image":[{"width":987,"height":388,"url":"https:\/\/dutyfree.eyesland.is\/wp-content\/uploads\/2023\/02\/49c71946-1d61-460a-94bc-1784ac096f9b.png","type":"image\/png"}],"twitter_card":"summary_large_image","schema":{"@context":"https:\/\/schema.org","@graph":[{"@type":"WebPage","@id":"https:\/\/dutyfree.eyesland.is\/vara\/dailies-aqua-comfort-plus-30p\/","url":"https:\/\/dutyfree.eyesland.is\/vara\/dailies-aqua-comfort-plus-30p\/","name":"Dailies Aqua Comfort Plus 30 stk. - Dutyfree Eyesland","isPartOf":{"@id":"https:\/\/dutyfree.eyesland.is\/#website"},"primaryImageOfPage":{"@id":"https:\/\/dutyfree.eyesland.is\/vara\/dailies-aqua-comfort-plus-30p\/#primaryimage"},"image":{"@id":"https:\/\/dutyfree.eyesland.is\/vara\/dailies-aqua-comfort-plus-30p\/#primaryimage"},"thumbnailUrl":"https:\/\/dutyfree.eyesland.is\/wp-content\/uploads\/2023\/02\/49c71946-1d61-460a-94bc-1784ac096f9b.png","datePublished":"2021-04-20T10:31:30+00:00","dateModified":"2026-05-01T09:39:05+00:00","breadcrumb":{"@id":"https:\/\/dutyfree.eyesland.is\/vara\/dailies-aqua-comfort-plus-30p\/#breadcrumb"},"inLanguage":"en-US","potentialAction":[{"@type":"ReadAction","target":["https:\/\/dutyfree.eyesland.is\/vara\/dailies-aqua-comfort-plus-30p\/"]}]},{"@type":"ImageObject","inLanguage":"en-US","@id":"https:\/\/dutyfree.eyesland.is\/vara\/dailies-aqua-comfort-plus-30p\/#primaryimage","url":"https:\/\/dutyfree.eyesland.is\/wp-content\/uploads\/2023\/02\/49c71946-1d61-460a-94bc-1784ac096f9b.png","contentUrl":"https:\/\/dutyfree.eyesland.is\/wp-content\/uploads\/2023\/02\/49c71946-1d61-460a-94bc-1784ac096f9b.png","width":987,"height":388},{"@type":"BreadcrumbList","@id":"https:\/\/dutyfree.eyesland.is\/vara\/dailies-aqua-comfort-plus-30p\/#breadcrumb","itemListElement":[{"@type":"ListItem","position":1,"name":"Home","item":"https:\/\/dutyfree.eyesland.is\/"},{"@type":"ListItem","position":2,"name":"Dailies Aqua Comfort Plus 30 stk."}]},{"@type":"WebSite","@id":"https:\/\/dutyfree.eyesland.is\/#website","url":"https:\/\/dutyfree.eyesland.is\/","name":"Dutyfree Eyesland","description":"Dutyfree Eyesland gleraugnaverslun b\u00fd\u00f0ur upp\u00e1 miki\u00f0 og vanda\u00f0 \u00farval af merkja gleraugum. Sko\u00f0a\u00f0u \u00farvali\u00f0 strax \u00ed dag.","potentialAction":[{"@type":"SearchAction","target":{"@type":"EntryPoint","urlTemplate":"https:\/\/dutyfree.eyesland.is\/?s={search_term_string}"},"query-input":{"@type":"PropertyValueSpecification","valueRequired":true,"valueName":"search_term_string"}}],"inLanguage":"en-US"}]}},"brands":[],"_links":{"self":[{"href":"https:\/\/dutyfree.eyesland.is\/en\/wp-json\/wp\/v2\/product\/897","targetHints":{"allow":["GET"]}}],"collection":[{"href":"https:\/\/dutyfree.eyesland.is\/en\/wp-json\/wp\/v2\/product"}],"about":[{"href":"https:\/\/dutyfree.eyesland.is\/en\/wp-json\/wp\/v2\/types\/product"}],"wp:featuredmedia":[{"embeddable":true,"href":"https:\/\/dutyfree.eyesland.is\/en\/wp-json\/wp\/v2\/media\/12620"}],"wp:attachment":[{"href":"https:\/\/dutyfree.eyesland.is\/en\/wp-json\/wp\/v2\/media?parent=897"}],"wp:term":[{"taxonomy":"pwb-brand","embeddable":true,"href":"https:\/\/dutyfree.eyesland.is\/en\/wp-json\/wp\/v2\/pwb-brand?post=897"},{"taxonomy":"product_brand","embeddable":true,"href":"https:\/\/dutyfree.eyesland.is\/en\/wp-json\/wp\/v2\/product_brand?post=897"},{"taxonomy":"product_cat","embeddable":true,"href":"https:\/\/dutyfree.eyesland.is\/en\/wp-json\/wp\/v2\/product_cat?post=897"},{"taxonomy":"product_tag","embeddable":true,"href":"https:\/\/dutyfree.eyesland.is\/en\/wp-json\/wp\/v2\/product_tag?post=897"}],"curies":[{"name":"wp","href":"https:\/\/api.w.org\/{rel}","templated":true}]}}