{"id":899,"date":"2021-04-20T10:31:31","date_gmt":"2021-04-20T10:31:31","guid":{"rendered":"https:\/\/eyesland.pineappledev.pl\/?post_type=product&#038;p=899"},"modified":"2026-04-19T09:39:09","modified_gmt":"2026-04-19T09:39:09","slug":"air-optix-aqua-hydroglyde-manadar-einfokus","status":"publish","type":"product","link":"https:\/\/dutyfree.eyesland.is\/en\/vara\/air-optix-aqua-hydroglyde-manadar-einfokus\/","title":{"rendered":"Air Optix HydraGlyde 6 stk."},"content":{"rendered":"<p><b>Afhendingart\u00edminn \u00e1 \u00feessum linsum er allt a\u00f0 5-10 virkir dagar.<\/b><\/p>\n<p>Linsur sem sameina tvo mikilv\u00e6ga \u00fe\u00e6tti, endingu og v\u00f6kva. Smartshield t\u00e6knin vi\u00f0 \u00feessar linsur hj\u00e1lpar vi\u00f0 a\u00f0 koma \u00ed veg fyrir \u00f3\u00fe\u00e6gindi allan m\u00e1nu\u00f0inn. Smartshield dregur a\u00f0 s\u00e9r og vi\u00f0heldur raka \u00ed linsunni \u00ed gegnum daginn. Fj\u00f3rum sinnum fleiri voru \u00e1n\u00e6g\u00f0ari me\u00f0 AIR OPTIX\u00ae plus HydraGlyde\u00ae en fyrra merki sem f\u00f3lki\u00f0 nota\u00f0i.<\/p>","protected":false},"excerpt":{"rendered":"<p>Einf\u00f3kus, m\u00e1na\u00f0arlinsur<\/p>","protected":false},"featured_media":12619,"template":"","meta":{"_acf_changed":false,"inline_featured_image":false},"pwb-brand":[],"product_brand":[268],"product_cat":[27,29],"product_tag":[269],"class_list":{"0":"post-899","1":"product","2":"type-product","3":"status-publish","4":"has-post-thumbnail","6":"product_brand-alcon","7":"product_cat-linsur","8":"product_cat-manadar","9":"product_tag-alcon","11":"first","12":"onbackorder","13":"taxable","14":"shipping-taxable","15":"product-type-simple"},"acf":[],"yoast_head":"<!-- This site is optimized with the Yoast SEO plugin v27.2 - https:\/\/yoast.com\/product\/yoast-seo-wordpress\/ -->\n<title>Air Optix HydraGlyde 6 stk. - Dutyfree Eyesland<\/title>\n<meta name=\"robots\" content=\"index, follow, max-snippet:-1, max-image-preview:large, max-video-preview:-1\" \/>\n<link rel=\"canonical\" href=\"https:\/\/dutyfree.eyesland.is\/en\/vara\/air-optix-aqua-hydroglyde-manadar-einfokus\/\" \/>\n<meta property=\"og:locale\" content=\"en_US\" \/>\n<meta property=\"og:type\" content=\"article\" \/>\n<meta property=\"og:title\" content=\"Air Optix HydraGlyde 6 stk. - Dutyfree Eyesland\" \/>\n<meta property=\"og:description\" content=\"Einf\u00f3kus, m\u00e1na\u00f0arlinsur\" \/>\n<meta property=\"og:url\" content=\"https:\/\/dutyfree.eyesland.is\/en\/vara\/air-optix-aqua-hydroglyde-manadar-einfokus\/\" \/>\n<meta property=\"og:site_name\" content=\"Dutyfree Eyesland\" \/>\n<meta property=\"article:modified_time\" content=\"2026-04-19T09:39:09+00:00\" \/>\n<meta property=\"og:image\" content=\"https:\/\/dutyfree.eyesland.is\/wp-content\/uploads\/2023\/02\/8c2d0bd9-ff44-4fa3-9527-0f4ac398b244.png\" \/>\n\t<meta property=\"og:image:width\" content=\"600\" \/>\n\t<meta property=\"og:image:height\" content=\"600\" \/>\n\t<meta property=\"og:image:type\" content=\"image\/png\" \/>\n<meta name=\"twitter:card\" content=\"summary_large_image\" \/>\n<script type=\"application\/ld+json\" class=\"yoast-schema-graph\">{\"@context\":\"https:\/\/schema.org\",\"@graph\":[{\"@type\":\"WebPage\",\"@id\":\"https:\/\/dutyfree.eyesland.is\/vara\/air-optix-aqua-hydroglyde-manadar-einfokus\/\",\"url\":\"https:\/\/dutyfree.eyesland.is\/vara\/air-optix-aqua-hydroglyde-manadar-einfokus\/\",\"name\":\"Air Optix HydraGlyde 6 stk. - Dutyfree Eyesland\",\"isPartOf\":{\"@id\":\"https:\/\/dutyfree.eyesland.is\/#website\"},\"primaryImageOfPage\":{\"@id\":\"https:\/\/dutyfree.eyesland.is\/vara\/air-optix-aqua-hydroglyde-manadar-einfokus\/#primaryimage\"},\"image\":{\"@id\":\"https:\/\/dutyfree.eyesland.is\/vara\/air-optix-aqua-hydroglyde-manadar-einfokus\/#primaryimage\"},\"thumbnailUrl\":\"https:\/\/dutyfree.eyesland.is\/wp-content\/uploads\/2023\/02\/8c2d0bd9-ff44-4fa3-9527-0f4ac398b244.png\",\"datePublished\":\"2021-04-20T10:31:31+00:00\",\"dateModified\":\"2026-04-19T09:39:09+00:00\",\"breadcrumb\":{\"@id\":\"https:\/\/dutyfree.eyesland.is\/vara\/air-optix-aqua-hydroglyde-manadar-einfokus\/#breadcrumb\"},\"inLanguage\":\"en-US\",\"potentialAction\":[{\"@type\":\"ReadAction\",\"target\":[\"https:\/\/dutyfree.eyesland.is\/vara\/air-optix-aqua-hydroglyde-manadar-einfokus\/\"]}]},{\"@type\":\"ImageObject\",\"inLanguage\":\"en-US\",\"@id\":\"https:\/\/dutyfree.eyesland.is\/vara\/air-optix-aqua-hydroglyde-manadar-einfokus\/#primaryimage\",\"url\":\"https:\/\/dutyfree.eyesland.is\/wp-content\/uploads\/2023\/02\/8c2d0bd9-ff44-4fa3-9527-0f4ac398b244.png\",\"contentUrl\":\"https:\/\/dutyfree.eyesland.is\/wp-content\/uploads\/2023\/02\/8c2d0bd9-ff44-4fa3-9527-0f4ac398b244.png\",\"width\":600,\"height\":600},{\"@type\":\"BreadcrumbList\",\"@id\":\"https:\/\/dutyfree.eyesland.is\/vara\/air-optix-aqua-hydroglyde-manadar-einfokus\/#breadcrumb\",\"itemListElement\":[{\"@type\":\"ListItem\",\"position\":1,\"name\":\"Home\",\"item\":\"https:\/\/dutyfree.eyesland.is\/\"},{\"@type\":\"ListItem\",\"position\":2,\"name\":\"Air Optix HydraGlyde 6 stk.\"}]},{\"@type\":\"WebSite\",\"@id\":\"https:\/\/dutyfree.eyesland.is\/#website\",\"url\":\"https:\/\/dutyfree.eyesland.is\/\",\"name\":\"Dutyfree Eyesland\",\"description\":\"Dutyfree Eyesland gleraugnaverslun b\u00fd\u00f0ur upp\u00e1 miki\u00f0 og vanda\u00f0 \u00farval af merkja gleraugum. Sko\u00f0a\u00f0u \u00farvali\u00f0 strax \u00ed dag.\",\"potentialAction\":[{\"@type\":\"SearchAction\",\"target\":{\"@type\":\"EntryPoint\",\"urlTemplate\":\"https:\/\/dutyfree.eyesland.is\/?s={search_term_string}\"},\"query-input\":{\"@type\":\"PropertyValueSpecification\",\"valueRequired\":true,\"valueName\":\"search_term_string\"}}],\"inLanguage\":\"en-US\"}]}<\/script>\n<!-- \/ Yoast SEO plugin. -->","yoast_head_json":{"title":"Air Optix HydraGlyde 6 stk. - Dutyfree Eyesland","robots":{"index":"index","follow":"follow","max-snippet":"max-snippet:-1","max-image-preview":"max-image-preview:large","max-video-preview":"max-video-preview:-1"},"canonical":"https:\/\/dutyfree.eyesland.is\/en\/vara\/air-optix-aqua-hydroglyde-manadar-einfokus\/","og_locale":"en_US","og_type":"article","og_title":"Air Optix HydraGlyde 6 stk. - Dutyfree Eyesland","og_description":"Einf\u00f3kus, m\u00e1na\u00f0arlinsur","og_url":"https:\/\/dutyfree.eyesland.is\/en\/vara\/air-optix-aqua-hydroglyde-manadar-einfokus\/","og_site_name":"Dutyfree Eyesland","article_modified_time":"2026-04-19T09:39:09+00:00","og_image":[{"width":600,"height":600,"url":"https:\/\/dutyfree.eyesland.is\/wp-content\/uploads\/2023\/02\/8c2d0bd9-ff44-4fa3-9527-0f4ac398b244.png","type":"image\/png"}],"twitter_card":"summary_large_image","schema":{"@context":"https:\/\/schema.org","@graph":[{"@type":"WebPage","@id":"https:\/\/dutyfree.eyesland.is\/vara\/air-optix-aqua-hydroglyde-manadar-einfokus\/","url":"https:\/\/dutyfree.eyesland.is\/vara\/air-optix-aqua-hydroglyde-manadar-einfokus\/","name":"Air Optix HydraGlyde 6 stk. - Dutyfree Eyesland","isPartOf":{"@id":"https:\/\/dutyfree.eyesland.is\/#website"},"primaryImageOfPage":{"@id":"https:\/\/dutyfree.eyesland.is\/vara\/air-optix-aqua-hydroglyde-manadar-einfokus\/#primaryimage"},"image":{"@id":"https:\/\/dutyfree.eyesland.is\/vara\/air-optix-aqua-hydroglyde-manadar-einfokus\/#primaryimage"},"thumbnailUrl":"https:\/\/dutyfree.eyesland.is\/wp-content\/uploads\/2023\/02\/8c2d0bd9-ff44-4fa3-9527-0f4ac398b244.png","datePublished":"2021-04-20T10:31:31+00:00","dateModified":"2026-04-19T09:39:09+00:00","breadcrumb":{"@id":"https:\/\/dutyfree.eyesland.is\/vara\/air-optix-aqua-hydroglyde-manadar-einfokus\/#breadcrumb"},"inLanguage":"en-US","potentialAction":[{"@type":"ReadAction","target":["https:\/\/dutyfree.eyesland.is\/vara\/air-optix-aqua-hydroglyde-manadar-einfokus\/"]}]},{"@type":"ImageObject","inLanguage":"en-US","@id":"https:\/\/dutyfree.eyesland.is\/vara\/air-optix-aqua-hydroglyde-manadar-einfokus\/#primaryimage","url":"https:\/\/dutyfree.eyesland.is\/wp-content\/uploads\/2023\/02\/8c2d0bd9-ff44-4fa3-9527-0f4ac398b244.png","contentUrl":"https:\/\/dutyfree.eyesland.is\/wp-content\/uploads\/2023\/02\/8c2d0bd9-ff44-4fa3-9527-0f4ac398b244.png","width":600,"height":600},{"@type":"BreadcrumbList","@id":"https:\/\/dutyfree.eyesland.is\/vara\/air-optix-aqua-hydroglyde-manadar-einfokus\/#breadcrumb","itemListElement":[{"@type":"ListItem","position":1,"name":"Home","item":"https:\/\/dutyfree.eyesland.is\/"},{"@type":"ListItem","position":2,"name":"Air Optix HydraGlyde 6 stk."}]},{"@type":"WebSite","@id":"https:\/\/dutyfree.eyesland.is\/#website","url":"https:\/\/dutyfree.eyesland.is\/","name":"Dutyfree Eyesland","description":"Dutyfree Eyesland gleraugnaverslun b\u00fd\u00f0ur upp\u00e1 miki\u00f0 og vanda\u00f0 \u00farval af merkja gleraugum. Sko\u00f0a\u00f0u \u00farvali\u00f0 strax \u00ed dag.","potentialAction":[{"@type":"SearchAction","target":{"@type":"EntryPoint","urlTemplate":"https:\/\/dutyfree.eyesland.is\/?s={search_term_string}"},"query-input":{"@type":"PropertyValueSpecification","valueRequired":true,"valueName":"search_term_string"}}],"inLanguage":"en-US"}]}},"brands":[],"_links":{"self":[{"href":"https:\/\/dutyfree.eyesland.is\/en\/wp-json\/wp\/v2\/product\/899","targetHints":{"allow":["GET"]}}],"collection":[{"href":"https:\/\/dutyfree.eyesland.is\/en\/wp-json\/wp\/v2\/product"}],"about":[{"href":"https:\/\/dutyfree.eyesland.is\/en\/wp-json\/wp\/v2\/types\/product"}],"wp:featuredmedia":[{"embeddable":true,"href":"https:\/\/dutyfree.eyesland.is\/en\/wp-json\/wp\/v2\/media\/12619"}],"wp:attachment":[{"href":"https:\/\/dutyfree.eyesland.is\/en\/wp-json\/wp\/v2\/media?parent=899"}],"wp:term":[{"taxonomy":"pwb-brand","embeddable":true,"href":"https:\/\/dutyfree.eyesland.is\/en\/wp-json\/wp\/v2\/pwb-brand?post=899"},{"taxonomy":"product_brand","embeddable":true,"href":"https:\/\/dutyfree.eyesland.is\/en\/wp-json\/wp\/v2\/product_brand?post=899"},{"taxonomy":"product_cat","embeddable":true,"href":"https:\/\/dutyfree.eyesland.is\/en\/wp-json\/wp\/v2\/product_cat?post=899"},{"taxonomy":"product_tag","embeddable":true,"href":"https:\/\/dutyfree.eyesland.is\/en\/wp-json\/wp\/v2\/product_tag?post=899"}],"curies":[{"name":"wp","href":"https:\/\/api.w.org\/{rel}","templated":true}]}}